{"id":7674,"date":"2022-09-16T12:12:24","date_gmt":"2022-09-16T10:12:24","guid":{"rendered":"http:\/\/dev.claret.cat\/producte\/los-ultimos-y-los-primeros-dias-de-jesus-el-senor\/"},"modified":"2024-05-24T09:14:12","modified_gmt":"2024-05-24T07:14:12","slug":"los-ultimos-y-los-primeros-dias-de-jesus-el-senor-9788429316377","status":"publish","type":"product","link":"https:\/\/www.claret.cat\/es\/libro\/los-ultimos-y-los-primeros-dias-de-jesus-el-senor-9788429316377\/","title":{"rendered":"LOS \u00daLTIMOS Y LOS PRIMEROS D\u00cdAS DE JES\u00daS, EL SE\u00d1OR"},"content":{"rendered":"<p>El Evangelio de Lucas es una historia de Dios subversiva y fascinante. Todo queda \u00abvuelto del rev\u00e9s\u00bb. Se vio en el primer volumen de esta lectura continuada de Lucas (Descl\u00e9e, Bilbao 2002). Este segundo volumen quiere dejarse interpelar por los \u00faltimos d\u00edas en Jerusal\u00e9n, cuando Jes\u00fas, llegado de Galilea, encarna el \u00abjuicio\u00bb del Mes\u00edas sobre el \u00abcentro religioso\u00bb que domina la Ciudad.<br \/>Los primeros d\u00edas del Se\u00f1or no son los de su infancia, precisamente, sino los de su Resurrecci\u00f3n, el momento (\u00abmetahist\u00f3rico\u00bb, dicen los te\u00f3logos) en que Dios le constituye Se\u00f1or y Cristo y le hace sentarse a su derecha, constituido en la Misericordia de Dios. La Resurrecci\u00f3n es el momento-cero, el \u00abprimer d\u00eda\u00bb de la Creaci\u00f3n, en que todo renace, todo es recreado&#8230;, y desde donde Lucas ha escrito su Evangelio.<br \/>La infancia es lo \u00faltimo de todo. Las iglesias no la incluyeron en sus catequesis hasta bastantes a\u00f1os despu\u00e9s de la Pascua. En estos relatos po\u00e9ticos, m\u00edsticos, m\u00edticos&#8230; el catequista sintetiza todo lo que hay despu\u00e9s de la experiencia pascual. Cuando ya sabe y ha meditado mil veces el \u00abmisterio\u00bb del Se\u00f1or Jes\u00fas, entonces podr\u00e1 permitirse el lujo de mirar atr\u00e1s y descubrir que en el \u00abprincipio\u00bb ya estaba presente el \u00abfinal\u00bb<\/p>\n","protected":false},"excerpt":{"rendered":"<p>RIERA I FIGUERAS, FRANCES<\/p>\n","protected":false},"featured_media":379846,"template":"","meta":{"_acf_changed":false,"om_disable_all_campaigns":false,"rs_blank_template":"","rs_page_bg_color":"","slide_template_v7":"","inline_featured_image":false,"_monsterinsights_skip_tracking":false,"_monsterinsights_sitenote_active":false,"_monsterinsights_sitenote_note":"","_monsterinsights_sitenote_category":0},"product_brand":[],"product_cat":[487,234,414,276,464,203],"product_tag":[],"class_list":{"0":"post-7674","1":"product","2":"type-product","3":"status-publish","4":"has-post-thumbnail","6":"product_cat-cristocentrica-espiritualidad-1_espiritualidad","7":"product_cat-cristocentrica","8":"product_cat-cristologia-teologia-1_espiritualidad","9":"product_cat-cristologia-teologia","10":"product_cat-sinopticos","11":"product_cat-sinoptics","13":"first","14":"instock","15":"taxable","16":"shipping-taxable","17":"purchasable","18":"product-type-simple"},"acf":{"autor":"RIERA I FIGUERAS, FRANCES","codart":"842931637","libros-coleccion":"PASTORAL","ediciones":"1","encuadernacion":"R\u00fastica","fecha_de_publicacion":"28\/02\/2006","novedad":"0","paginas":"192","subtitulo":"LOS MISTERIOS DE PASI\u00d3N, PASCUA Y NAVIDAD DE LUCAS. UNA HISTORIA DE DIOS SUBVERSIVA Y FASCINANTE","orden":"999","portada":"0","idioma":"spa","editorial":[{"ID":6351,"post_author":"3","post_date":"2022-07-28 17:50:19","post_date_gmt":"2022-07-28 15:50:19","post_content":"","post_title":"Sal Terrae","post_excerpt":"","post_status":"publish","comment_status":"closed","ping_status":"closed","post_password":"","post_name":"sal-terrae","to_ping":"","pinged":"","post_modified":"2022-07-28 17:50:19","post_modified_gmt":"2022-07-28 15:50:19","post_content_filtered":"","post_parent":0,"guid":"http:\/\/dev.claret.cat\/editorial\/sal-terrae\/","menu_order":0,"post_type":"editorial","post_mime_type":"","comment_count":"0","filter":"raw"}],"autores-libros":[{"ID":8322,"post_author":"3","post_date":"2022-09-30 09:47:42","post_date_gmt":"2022-09-30 07:47:42","post_content":"","post_title":"FRANCESC RIERA I FIGUERAS","post_excerpt":"","post_status":"publish","comment_status":"closed","ping_status":"closed","post_password":"","post_name":"francesc-riera-i-figueras","to_ping":"","pinged":"","post_modified":"2022-09-30 09:47:42","post_modified_gmt":"2022-09-30 07:47:42","post_content_filtered":"","post_parent":0,"guid":"http:\/\/dev.claret.cat\/autor\/francesc-riera-i-figueras\/","menu_order":0,"post_type":"autor","post_mime_type":"","comment_count":"0","filter":"raw"}]},"aioseo_notices":[],"_links":{"self":[{"href":"https:\/\/www.claret.cat\/es\/wp-json\/wp\/v2\/product\/7674","targetHints":{"allow":["GET"]}}],"collection":[{"href":"https:\/\/www.claret.cat\/es\/wp-json\/wp\/v2\/product"}],"about":[{"href":"https:\/\/www.claret.cat\/es\/wp-json\/wp\/v2\/types\/product"}],"wp:featuredmedia":[{"embeddable":true,"href":"https:\/\/www.claret.cat\/es\/wp-json\/wp\/v2\/media\/379846"}],"wp:attachment":[{"href":"https:\/\/www.claret.cat\/es\/wp-json\/wp\/v2\/media?parent=7674"}],"wp:term":[{"taxonomy":"product_brand","embeddable":true,"href":"https:\/\/www.claret.cat\/es\/wp-json\/wp\/v2\/product_brand?post=7674"},{"taxonomy":"product_cat","embeddable":true,"href":"https:\/\/www.claret.cat\/es\/wp-json\/wp\/v2\/product_cat?post=7674"},{"taxonomy":"product_tag","embeddable":true,"href":"https:\/\/www.claret.cat\/es\/wp-json\/wp\/v2\/product_tag?post=7674"}],"curies":[{"name":"wp","href":"https:\/\/api.w.org\/{rel}","templated":true}]}}