{"id":7680,"date":"2022-09-16T12:12:31","date_gmt":"2022-09-16T10:12:31","guid":{"rendered":"http:\/\/dev.claret.cat\/producte\/pasion-por-dios\/"},"modified":"2024-05-24T09:09:45","modified_gmt":"2024-05-24T07:09:45","slug":"pasion-por-dios-9788429316810","status":"publish","type":"product","link":"https:\/\/www.claret.cat\/es\/libro\/pasion-por-dios-9788429316810\/","title":{"rendered":"PASI\u00d3N POR DIOS"},"content":{"rendered":"<p>Dos voces, dos corazones, tan originales como radicales, hablando conmovedoramente acerca de la vivificante presencia de Dios. Dos vidas, vividas en apasionada relaci\u00f3n con la historia, con Dios y entre s\u00ed, nos hacen volvernos hacia el lado f\u00edsico, cansado y herido de nuestra vida, apuntando hacia la sanaci\u00f3n y la esperanza. Todo ello, m\u00e1s la retrospectiva de J\u00fcrgen Moltmann sobre los treinta a\u00f1os de su revolucionario libro El Dios crucificado, constituye un material inapreciable, y ya no se podr\u00e1 introducir a los estudiantes al pensamiento teol\u00f3gico de Moltmann sin pedirles que lean este inspirador e iluminador ensayo.<br \/>Elisabeth Moltmann-Wendel y J\u00fcrgen Moltmann nos dan mucho en que pensar. Con lenguaje claro e inteligible, nos introducen en un apasionante territorio teol\u00f3gico. No les interesa hacer una cr\u00edtica de la teolog\u00eda patriarcal, sino insuflar vida en im\u00e1genes, temas y perspectivas alternativas, evocando la amistosa relaci\u00f3n de Cristo con las mujeres, su poder sanador y el amor mutuo que nos vincula. Este libro puede ayudar a muchas personas a redescubrir la sabidur\u00eda sanadora de los relatos evang\u00e9licos\u00bb.<\/p>\n","protected":false},"excerpt":{"rendered":"<p>MOLTMANN,J\u00dcRGEN&#038;ELISABETH<\/p>\n","protected":false},"featured_media":0,"template":"","meta":{"_acf_changed":false,"om_disable_all_campaigns":false,"rs_blank_template":"","rs_page_bg_color":"","slide_template_v7":"","inline_featured_image":false,"_monsterinsights_skip_tracking":false,"_monsterinsights_sitenote_active":false,"_monsterinsights_sitenote_note":"","_monsterinsights_sitenote_category":0},"product_brand":[],"product_cat":[487,234,276,414,275,411,273,413,497,248],"product_tag":[],"class_list":{"0":"post-7680","1":"product","2":"type-product","3":"status-publish","5":"product_cat-cristocentrica-espiritualidad-1_espiritualidad","6":"product_cat-cristocentrica","7":"product_cat-cristologia-teologia","8":"product_cat-cristologia-teologia-1_espiritualidad","9":"product_cat-fonamental","10":"product_cat-frontera-pastoral-1_espiritualidad","11":"product_cat-frontera","12":"product_cat-fundamental","13":"product_cat-meditaciones","14":"product_cat-meditacions","16":"first","17":"instock","18":"taxable","19":"shipping-taxable","20":"purchasable","21":"product-type-simple"},"acf":{"autor":"MOLTMANN,J\u00dcRGEN&ELISABETH","codart":"842931681","libros-coleccion":"PRESENCIA TEOL\u00d3GICA","ediciones":"1","encuadernacion":"R\u00fastica","fecha_de_publicacion":"16\/01\/2007","novedad":"0","paginas":"120","subtitulo":"UNA TEOLOG\u00cdA A DOS VOCES","orden":"999","portada":"0","idioma":"spa","editorial":[{"ID":6351,"post_author":"3","post_date":"2022-07-28 17:50:19","post_date_gmt":"2022-07-28 15:50:19","post_content":"","post_title":"Sal Terrae","post_excerpt":"","post_status":"publish","comment_status":"closed","ping_status":"closed","post_password":"","post_name":"sal-terrae","to_ping":"","pinged":"","post_modified":"2022-07-28 17:50:19","post_modified_gmt":"2022-07-28 15:50:19","post_content_filtered":"","post_parent":0,"guid":"http:\/\/dev.claret.cat\/editorial\/sal-terrae\/","menu_order":0,"post_type":"editorial","post_mime_type":"","comment_count":"0","filter":"raw"}],"autores-libros":[{"ID":5697,"post_author":"3","post_date":"2022-07-28 17:29:32","post_date_gmt":"2022-07-28 15:29:32","post_content":"","post_title":"JURGEN MOLTMANN","post_excerpt":"","post_status":"publish","comment_status":"closed","ping_status":"closed","post_password":"","post_name":"jurgen-moltmann","to_ping":"","pinged":"","post_modified":"2022-07-28 17:29:32","post_modified_gmt":"2022-07-28 15:29:32","post_content_filtered":"","post_parent":0,"guid":"http:\/\/dev.claret.cat\/autor\/jurgen-moltmann\/","menu_order":0,"post_type":"autor","post_mime_type":"","comment_count":"0","filter":"raw"},{"ID":5438,"post_author":"3","post_date":"2022-07-28 17:23:57","post_date_gmt":"2022-07-28 15:23:57","post_content":"","post_title":"ELISABETH MOLTMANN-WENDEL","post_excerpt":"","post_status":"publish","comment_status":"closed","ping_status":"closed","post_password":"","post_name":"elisabeth-moltmann-wendel","to_ping":"","pinged":"","post_modified":"2022-07-28 17:23:57","post_modified_gmt":"2022-07-28 15:23:57","post_content_filtered":"","post_parent":0,"guid":"http:\/\/dev.claret.cat\/autor\/elisabeth-moltmann-wendel\/","menu_order":0,"post_type":"autor","post_mime_type":"","comment_count":"0","filter":"raw"}]},"aioseo_notices":[],"_links":{"self":[{"href":"https:\/\/www.claret.cat\/es\/wp-json\/wp\/v2\/product\/7680","targetHints":{"allow":["GET"]}}],"collection":[{"href":"https:\/\/www.claret.cat\/es\/wp-json\/wp\/v2\/product"}],"about":[{"href":"https:\/\/www.claret.cat\/es\/wp-json\/wp\/v2\/types\/product"}],"wp:attachment":[{"href":"https:\/\/www.claret.cat\/es\/wp-json\/wp\/v2\/media?parent=7680"}],"wp:term":[{"taxonomy":"product_brand","embeddable":true,"href":"https:\/\/www.claret.cat\/es\/wp-json\/wp\/v2\/product_brand?post=7680"},{"taxonomy":"product_cat","embeddable":true,"href":"https:\/\/www.claret.cat\/es\/wp-json\/wp\/v2\/product_cat?post=7680"},{"taxonomy":"product_tag","embeddable":true,"href":"https:\/\/www.claret.cat\/es\/wp-json\/wp\/v2\/product_tag?post=7680"}],"curies":[{"name":"wp","href":"https:\/\/api.w.org\/{rel}","templated":true}]}}