{"id":7687,"date":"2022-09-16T12:12:46","date_gmt":"2022-09-16T10:12:46","guid":{"rendered":"http:\/\/dev.claret.cat\/producte\/poder-y-sexualidad-en-la-iglesia\/"},"modified":"2024-05-24T09:00:58","modified_gmt":"2024-05-24T07:00:58","slug":"poder-y-sexualidad-en-la-iglesia-9788429317558","status":"publish","type":"product","link":"https:\/\/www.claret.cat\/es\/libro\/poder-y-sexualidad-en-la-iglesia-9788429317558\/","title":{"rendered":"PODER Y SEXUALIDAD EN LA IGLESIA"},"content":{"rendered":"<p>Bas\u00e1ndose en su propia experiencia a la hora de reaccionar frente a los abusos sexuales por parte de algunos cl\u00e9rigos, el obispo Geoffrey Robinson presenta una cr\u00edtica met\u00f3dica del uso y abuso del poder en la Iglesia, desde las proclamaciones infalibles por parte del papado hasta la pretensi\u00f3n de numerosos sacerdotes de gozar del respaldo de la autoridad divina en su labor de predicaci\u00f3n e indoctrinaci\u00f3n.<br \/>Apelando a la Biblia y, sobre todo, a la ense\u00f1anza de Jes\u00fas, presenta un enfoque de la moral sexual profundamente compasivo y centrado en la dignidad de la persona, insistiendo en la prioridad de la jerarqu\u00eda de santidad sobre la jerarqu\u00eda de poder.<br \/>En realidad, lo que ofrece no es sino la visi\u00f3n de una Iglesia del tercer milenio: una Iglesia que desea ver en sus miembros la responsabilidad propia de seres adultos, m\u00e1s que una obediencia infantil, y que desea ayudar a todos a crecer y a ser lo que son capaces de ser.<\/p>\n","protected":false},"excerpt":{"rendered":"<p>ROBINSON, GEOFFREY<\/p>\n","protected":false},"featured_media":0,"template":"","meta":{"_acf_changed":false,"om_disable_all_campaigns":false,"rs_blank_template":"","rs_page_bg_color":"","slide_template_v7":"","inline_featured_image":false,"_monsterinsights_skip_tracking":false,"_monsterinsights_sitenote_active":false,"_monsterinsights_sitenote_note":"","_monsterinsights_sitenote_category":0},"product_brand":[],"product_cat":[511,283,273,411,516,290],"product_tag":[],"class_list":{"0":"post-7687","1":"product","2":"type-product","3":"status-publish","5":"product_cat-eclesiologia-teologia-1_espiritualidad","6":"product_cat-eclesiologia-teologia","7":"product_cat-frontera","8":"product_cat-frontera-pastoral-1_espiritualidad","9":"product_cat-moral-de-la-persona-sexualidad","10":"product_cat-moral-de-la-persona-sexualitat","12":"first","13":"outofstock","14":"taxable","15":"shipping-taxable","16":"purchasable","17":"product-type-simple"},"acf":{"autor":"ROBINSON, GEOFFREY","codart":"842931755","libros-coleccion":"Presencia Teol\u00f3gica","ediciones":"1","encuadernacion":"R\u00fastica","fecha_de_publicacion":"08\/04\/2008","novedad":"0","paginas":"288","subtitulo":"REIVINDICAR EL ESP\u00cdRITU DE JES\u00daS","orden":"999","portada":"0","idioma":"spa","editorial":[{"ID":6351,"post_author":"3","post_date":"2022-07-28 17:50:19","post_date_gmt":"2022-07-28 15:50:19","post_content":"","post_title":"Sal Terrae","post_excerpt":"","post_status":"publish","comment_status":"closed","ping_status":"closed","post_password":"","post_name":"sal-terrae","to_ping":"","pinged":"","post_modified":"2022-07-28 17:50:19","post_modified_gmt":"2022-07-28 15:50:19","post_content_filtered":"","post_parent":0,"guid":"http:\/\/dev.claret.cat\/editorial\/sal-terrae\/","menu_order":0,"post_type":"editorial","post_mime_type":"","comment_count":"0","filter":"raw"}],"autores-libros":[{"ID":8336,"post_author":"3","post_date":"2022-09-30 09:47:49","post_date_gmt":"2022-09-30 07:47:49","post_content":"","post_title":"GEOFFREY ROBINSON","post_excerpt":"","post_status":"publish","comment_status":"closed","ping_status":"closed","post_password":"","post_name":"geoffrey-robinson","to_ping":"","pinged":"","post_modified":"2022-09-30 09:47:49","post_modified_gmt":"2022-09-30 07:47:49","post_content_filtered":"","post_parent":0,"guid":"http:\/\/dev.claret.cat\/autor\/geoffrey-robinson\/","menu_order":0,"post_type":"autor","post_mime_type":"","comment_count":"0","filter":"raw"}]},"aioseo_notices":[],"_links":{"self":[{"href":"https:\/\/www.claret.cat\/es\/wp-json\/wp\/v2\/product\/7687","targetHints":{"allow":["GET"]}}],"collection":[{"href":"https:\/\/www.claret.cat\/es\/wp-json\/wp\/v2\/product"}],"about":[{"href":"https:\/\/www.claret.cat\/es\/wp-json\/wp\/v2\/types\/product"}],"wp:attachment":[{"href":"https:\/\/www.claret.cat\/es\/wp-json\/wp\/v2\/media?parent=7687"}],"wp:term":[{"taxonomy":"product_brand","embeddable":true,"href":"https:\/\/www.claret.cat\/es\/wp-json\/wp\/v2\/product_brand?post=7687"},{"taxonomy":"product_cat","embeddable":true,"href":"https:\/\/www.claret.cat\/es\/wp-json\/wp\/v2\/product_cat?post=7687"},{"taxonomy":"product_tag","embeddable":true,"href":"https:\/\/www.claret.cat\/es\/wp-json\/wp\/v2\/product_tag?post=7687"}],"curies":[{"name":"wp","href":"https:\/\/api.w.org\/{rel}","templated":true}]}}