{"id":7688,"date":"2022-09-16T12:12:48","date_gmt":"2022-09-16T10:12:48","guid":{"rendered":"http:\/\/dev.claret.cat\/producte\/vivir-es-una-aventura\/"},"modified":"2024-05-24T09:00:11","modified_gmt":"2024-05-24T07:00:11","slug":"vivir-es-una-aventura-9788429317640","status":"publish","type":"product","link":"https:\/\/www.claret.cat\/es\/libro\/vivir-es-una-aventura-9788429317640\/","title":{"rendered":"VIVIR ES UNA AVENTURA"},"content":{"rendered":"<p>Conocerse \u2013 enamorarse<br \/>decidirse el uno por el otro \u2013 boda<br \/>embarazo y crianza de los hijos<br \/>conflicto \u2013 separaci\u00f3n \u2013 divorcio<br \/>envejecer juntos<br \/>Cada fase de la familia tiene sus propias oportunidades y exigencias. As\u00ed lo piensan el monje benedictino Anselm Gr\u00fcn y la experta en temas familiares Magdalena Bogner. Las circunstancias cada vez m\u00e1s dif\u00edciles que se dan en cada una de dichas fases no deben desanimarnos. De la aventura de la familia sale airoso quien tiene buenos ritos, quien no desatiende su propio horizonte espiritual y permanece en di\u00e1logo con el otro. Los autores dejan claro que la familia ideal no existe. Pues es precisamente en las situaciones dif\u00edciles donde cabe madurar juntos.<\/p>\n","protected":false},"excerpt":{"rendered":"<p>GR\u00dcN, ANSELM; BOGNER, MAGDALENA<\/p>\n","protected":false},"featured_media":0,"template":"","meta":{"_acf_changed":false,"om_disable_all_campaigns":false,"rs_blank_template":"","rs_page_bg_color":"","slide_template_v7":"","inline_featured_image":false,"_monsterinsights_skip_tracking":false,"_monsterinsights_sitenote_active":false,"_monsterinsights_sitenote_note":"","_monsterinsights_sitenote_category":0},"product_brand":[],"product_cat":[387,222,408,270,288,514,285,419],"product_tag":[],"class_list":{"0":"post-7688","1":"product","2":"type-product","3":"status-publish","5":"product_cat-familiar-catequesis-1_espiritualidad","6":"product_cat-familiar","7":"product_cat-familiar-pastoral-1_espiritualidad","8":"product_cat-familiar-pastoral","9":"product_cat-moral-fonamental","10":"product_cat-moral-fundamental","11":"product_cat-pastoral-teologia","12":"product_cat-pastoral-teologia-1_espiritualidad","14":"first","15":"outofstock","16":"taxable","17":"shipping-taxable","18":"purchasable","19":"product-type-simple"},"acf":{"autor":"GR\u00dcN, ANSELM; BOGNER, MAGDALENA","codart":"842931764","libros-coleccion":"Proyecto","ediciones":"1","encuadernacion":"R\u00fastica","fecha_de_publicacion":"30\/06\/2008","novedad":"0","paginas":"229","subtitulo":"CLAVES DE LA VIDA EN FAMILIA","orden":"999","portada":"0","idioma":"spa","editorial":[{"ID":6351,"post_author":"3","post_date":"2022-07-28 17:50:19","post_date_gmt":"2022-07-28 15:50:19","post_content":"","post_title":"Sal Terrae","post_excerpt":"","post_status":"publish","comment_status":"closed","ping_status":"closed","post_password":"","post_name":"sal-terrae","to_ping":"","pinged":"","post_modified":"2022-07-28 17:50:19","post_modified_gmt":"2022-07-28 15:50:19","post_content_filtered":"","post_parent":0,"guid":"http:\/\/dev.claret.cat\/editorial\/sal-terrae\/","menu_order":0,"post_type":"editorial","post_mime_type":"","comment_count":"0","filter":"raw"}],"autores-libros":[{"ID":5522,"post_author":"3","post_date":"2022-07-28 17:25:48","post_date_gmt":"2022-07-28 15:25:48","post_content":"","post_title":"GR\u00dcN, ANSELM","post_excerpt":"","post_status":"publish","comment_status":"closed","ping_status":"closed","post_password":"","post_name":"grun-anselm","to_ping":"","pinged":"","post_modified":"2022-07-28 17:25:48","post_modified_gmt":"2022-07-28 15:25:48","post_content_filtered":"","post_parent":0,"guid":"http:\/\/dev.claret.cat\/autor\/grun-anselm\/","menu_order":0,"post_type":"autor","post_mime_type":"","comment_count":"0","filter":"raw"},{"ID":8390,"post_author":"3","post_date":"2022-09-30 09:48:13","post_date_gmt":"2022-09-30 07:48:13","post_content":"","post_title":"MAGDALENA BOGNER","post_excerpt":"","post_status":"publish","comment_status":"closed","ping_status":"closed","post_password":"","post_name":"magdalena-bogner","to_ping":"","pinged":"","post_modified":"2022-09-30 09:48:13","post_modified_gmt":"2022-09-30 07:48:13","post_content_filtered":"","post_parent":0,"guid":"http:\/\/dev.claret.cat\/autor\/magdalena-bogner\/","menu_order":0,"post_type":"autor","post_mime_type":"","comment_count":"0","filter":"raw"}]},"aioseo_notices":[],"_links":{"self":[{"href":"https:\/\/www.claret.cat\/es\/wp-json\/wp\/v2\/product\/7688","targetHints":{"allow":["GET"]}}],"collection":[{"href":"https:\/\/www.claret.cat\/es\/wp-json\/wp\/v2\/product"}],"about":[{"href":"https:\/\/www.claret.cat\/es\/wp-json\/wp\/v2\/types\/product"}],"wp:attachment":[{"href":"https:\/\/www.claret.cat\/es\/wp-json\/wp\/v2\/media?parent=7688"}],"wp:term":[{"taxonomy":"product_brand","embeddable":true,"href":"https:\/\/www.claret.cat\/es\/wp-json\/wp\/v2\/product_brand?post=7688"},{"taxonomy":"product_cat","embeddable":true,"href":"https:\/\/www.claret.cat\/es\/wp-json\/wp\/v2\/product_cat?post=7688"},{"taxonomy":"product_tag","embeddable":true,"href":"https:\/\/www.claret.cat\/es\/wp-json\/wp\/v2\/product_tag?post=7688"}],"curies":[{"name":"wp","href":"https:\/\/api.w.org\/{rel}","templated":true}]}}