{"id":7708,"date":"2022-09-16T12:13:28","date_gmt":"2022-09-16T10:13:28","guid":{"rendered":"http:\/\/dev.claret.cat\/producte\/el-ejercicio-de-la-teologia\/"},"modified":"2024-05-24T07:03:49","modified_gmt":"2024-05-24T05:03:49","slug":"el-ejercicio-de-la-teologia-9788430116447","status":"publish","type":"product","link":"https:\/\/www.claret.cat\/es\/libro\/el-ejercicio-de-la-teologia-9788430116447\/","title":{"rendered":"EL EJERCICIO DE LA TEOLOG\u00cdA"},"content":{"rendered":"<p>\u00bfQu\u00e9 es la teolog\u00eda? Para responder a esta cuesti\u00f3n no basta con presentar de manera as\u00e9ptica una ciencia tan peculiar; es preciso implicarse en su ejercicio. En este sentido, la presente obra recorre los lugares y las formas fundamentales donde la teolog\u00eda se ha fraguado y por los que ha ido caminando a lo largo de su historia. Dichos lugares tienen que ver con la realidad interna que caracteriza a esta ciencia, es decir, la revelaci\u00f3n de Dios, la fe del hombre, la comunidad eclesial, la Escritura, la Tradici\u00f3n y el magisterio. Por otra parte, para definir a la teolog\u00eda resulta obligado acercarse a los te\u00f3logos m\u00e1s significativos de la historia que han aportado las formas teol\u00f3gicas decisivas en la configuraci\u00f3n del ser y del aparecer de la teolog\u00eda. Ellos son en buena medida los mejores ejemplos de lo que significa el quehacer teol\u00f3gico: asumir el riesgo de creer y de pensar en cada momento hist\u00f3rico.<br \/>A medio camino entre el ensayo y el manual, este libro ha sido escrito desde el convencimiento del necesario di\u00e1logo que la teolog\u00eda tiene con el resto de las ciencias humanas en busca de la verdad del hombre, de la realidad y de Dios. La teolog\u00eda no posee ciertamente la \u00fanica ni la \u00faltima palabra en estos temas esenciales, pero ofrece la suya como servicio a la Iglesia y a la sociedad.<\/p>\n","protected":false},"excerpt":{"rendered":"<p>CORDOVILLA, \u00c1NGEL<\/p>\n","protected":false},"featured_media":341783,"template":"","meta":{"_acf_changed":false,"om_disable_all_campaigns":false,"rs_blank_template":"","rs_page_bg_color":"","slide_template_v7":"","inline_featured_image":false,"_monsterinsights_skip_tracking":false,"_monsterinsights_sitenote_active":false,"_monsterinsights_sitenote_note":"","_monsterinsights_sitenote_category":0},"product_brand":[],"product_cat":[169,440,412,274,275,413],"product_tag":[],"class_list":{"0":"post-7708","1":"product","2":"type-product","3":"status-publish","4":"has-post-thumbnail","6":"product_cat-de-la-ciencia","7":"product_cat-de-la-ciencia-filosofia-2_humanidades","8":"product_cat-estudios-sagrada-escritura","9":"product_cat-estudis-sagrada-escriptura","10":"product_cat-fonamental","11":"product_cat-fundamental","13":"first","14":"outofstock","15":"taxable","16":"shipping-taxable","17":"purchasable","18":"product-type-simple"},"acf":{"editorial":[{"ID":6364,"post_author":"3","post_date":"2022-07-28 17:50:36","post_date_gmt":"2022-07-28 15:50:36","post_content":"","post_title":"S\u00edgueme","post_excerpt":"","post_status":"publish","comment_status":"closed","ping_status":"closed","post_password":"","post_name":"sigueme","to_ping":"","pinged":"","post_modified":"2022-07-28 17:50:36","post_modified_gmt":"2022-07-28 15:50:36","post_content_filtered":"","post_parent":0,"guid":"http:\/\/dev.claret.cat\/editorial\/sigueme\/","menu_order":0,"post_type":"editorial","post_mime_type":"","comment_count":"0","filter":"raw"}],"autores-libros":[{"ID":8284,"post_author":"3","post_date":"2022-09-30 09:47:25","post_date_gmt":"2022-09-30 07:47:25","post_content":"","post_title":"\u00c1NGEL CORDOVILLA P\u00c9REZ","post_excerpt":"","post_status":"publish","comment_status":"closed","ping_status":"closed","post_password":"","post_name":"angel-cordovilla-perez","to_ping":"","pinged":"","post_modified":"2022-09-30 09:47:25","post_modified_gmt":"2022-09-30 07:47:25","post_content_filtered":"","post_parent":0,"guid":"http:\/\/dev.claret.cat\/autor\/angel-cordovilla-perez\/","menu_order":0,"post_type":"autor","post_mime_type":"","comment_count":"0","filter":"raw"}],"autor":"CORDOVILLA, \u00c1NGEL","codart":"843011644","libros-coleccion":"Verdad e Imagen","ediciones":"1","encuadernacion":"R\u00fastica","fecha_de_publicacion":"06\/06\/2007","novedad":"0","paginas":"288","subtitulo":"INTRODUCCI\u00d3N AL PENSAR TEOL\u00d3GICO Y A SUS PRINCIPALES FIGURAS","orden":"1","portada":"0","idioma":"spa"},"aioseo_notices":[],"_links":{"self":[{"href":"https:\/\/www.claret.cat\/es\/wp-json\/wp\/v2\/product\/7708","targetHints":{"allow":["GET"]}}],"collection":[{"href":"https:\/\/www.claret.cat\/es\/wp-json\/wp\/v2\/product"}],"about":[{"href":"https:\/\/www.claret.cat\/es\/wp-json\/wp\/v2\/types\/product"}],"wp:featuredmedia":[{"embeddable":true,"href":"https:\/\/www.claret.cat\/es\/wp-json\/wp\/v2\/media\/341783"}],"wp:attachment":[{"href":"https:\/\/www.claret.cat\/es\/wp-json\/wp\/v2\/media?parent=7708"}],"wp:term":[{"taxonomy":"product_brand","embeddable":true,"href":"https:\/\/www.claret.cat\/es\/wp-json\/wp\/v2\/product_brand?post=7708"},{"taxonomy":"product_cat","embeddable":true,"href":"https:\/\/www.claret.cat\/es\/wp-json\/wp\/v2\/product_cat?post=7708"},{"taxonomy":"product_tag","embeddable":true,"href":"https:\/\/www.claret.cat\/es\/wp-json\/wp\/v2\/product_tag?post=7708"}],"curies":[{"name":"wp","href":"https:\/\/api.w.org\/{rel}","templated":true}]}}