{"id":7723,"date":"2022-09-16T12:14:02","date_gmt":"2022-09-16T10:14:02","guid":{"rendered":"http:\/\/dev.claret.cat\/producte\/carta-a-los-hebreos\/"},"modified":"2025-09-19T19:43:33","modified_gmt":"2025-09-19T17:43:33","slug":"carta-a-los-hebreos-9788433020109","status":"publish","type":"product","link":"https:\/\/www.claret.cat\/es\/libro\/carta-a-los-hebreos-9788433020109\/","title":{"rendered":"CARTA A LOS HEBREOS"},"content":{"rendered":"<p>La editorial Descl\u00e9e De Brouwer presenta esta serie de comentarios a la Nueva Biblia de Jerusal\u00e9n, con la justificada pretensi\u00f3n de que ocupen el evidente espacio abierto en el mercado de la lengua castellana entre la divulgaci\u00f3n y la cr\u00edtica cient\u00edfica. Los comentarios est\u00e1n estructurados de forma tripartita: se incluye el texto de la Nueva Biblia de Jerusal\u00e9n (por per\u00edcopas), de modo que el lector del comentario tenga directamente al alcance los p\u00e1rrafos comentados; al texto acompa\u00f1an un aparato cr\u00edtico, que recoge los problemas textuales m\u00e1s significativos y las posibles (y leg\u00edtimas) variantes, y el comentario propiamente dicho. Los comentaristas son conocidos especialistas de la lengua espa\u00f1ola y algunos expertos exegetas extranjeros. Esta serie de comentarios incorpora el esp\u00edritu y el talante cient\u00edfico que siempre han caracterizado a las notas de la Biblia de Jerusal\u00e9n.<\/p>\n","protected":false},"excerpt":{"rendered":"<p>MANZI,FRANCO<\/p>\n","protected":false},"featured_media":345543,"template":"","meta":{"_acf_changed":false,"om_disable_all_campaigns":false,"rs_blank_template":"","rs_page_bg_color":"","slide_template_v7":"","inline_featured_image":false,"_monsterinsights_skip_tracking":false,"_monsterinsights_sitenote_active":false,"_monsterinsights_sitenote_note":"","_monsterinsights_sitenote_category":0},"product_brand":[],"product_cat":[468,207,412,274],"product_tag":[],"class_list":{"0":"post-7723","1":"product","2":"type-product","3":"status-publish","4":"has-post-thumbnail","6":"product_cat-epistolas-catolicas","7":"product_cat-epistoles-catoliques","8":"product_cat-estudios-sagrada-escritura","9":"product_cat-estudis-sagrada-escriptura","11":"first","12":"outofstock","13":"taxable","14":"shipping-taxable","15":"purchasable","16":"product-type-simple"},"acf":{"autor":"MANZI,FRANCO","codart":"843302010","libros-coleccion":"Comentarios a la Nueva Biblia de Jerusal\u00e9n","ediciones":"1","encuadernacion":"R\u00fastica","fecha_de_publicacion":"28\/10\/2005","novedad":"0","paginas":"212","subtitulo":"","orden":"999","portada":"0","idioma":"spa","editorial":[{"ID":6179,"post_author":"3","post_date":"2022-07-28 17:46:36","post_date_gmt":"2022-07-28 15:46:36","post_content":"","post_title":"DESCLEE DE BROUWER","post_excerpt":"","post_status":"publish","comment_status":"closed","ping_status":"closed","post_password":"","post_name":"desclee-de-brouwer","to_ping":"","pinged":"","post_modified":"2022-07-28 17:46:36","post_modified_gmt":"2022-07-28 15:46:36","post_content_filtered":"","post_parent":0,"guid":"http:\/\/dev.claret.cat\/editorial\/desclee-de-brouwer\/","menu_order":0,"post_type":"editorial","post_mime_type":"","comment_count":"0","filter":"raw"}],"autores-libros":[{"ID":8327,"post_author":"3","post_date":"2022-09-30 09:47:44","post_date_gmt":"2022-09-30 07:47:44","post_content":"","post_title":"FRANCO MANZI","post_excerpt":"","post_status":"publish","comment_status":"closed","ping_status":"closed","post_password":"","post_name":"franco-manzi","to_ping":"","pinged":"","post_modified":"2022-09-30 09:47:44","post_modified_gmt":"2022-09-30 07:47:44","post_content_filtered":"","post_parent":0,"guid":"http:\/\/dev.claret.cat\/autor\/franco-manzi\/","menu_order":0,"post_type":"autor","post_mime_type":"","comment_count":"0","filter":"raw"}],"booktrailer":"","resenas":""},"aioseo_notices":[],"_links":{"self":[{"href":"https:\/\/www.claret.cat\/es\/wp-json\/wp\/v2\/product\/7723","targetHints":{"allow":["GET"]}}],"collection":[{"href":"https:\/\/www.claret.cat\/es\/wp-json\/wp\/v2\/product"}],"about":[{"href":"https:\/\/www.claret.cat\/es\/wp-json\/wp\/v2\/types\/product"}],"wp:featuredmedia":[{"embeddable":true,"href":"https:\/\/www.claret.cat\/es\/wp-json\/wp\/v2\/media\/345543"}],"wp:attachment":[{"href":"https:\/\/www.claret.cat\/es\/wp-json\/wp\/v2\/media?parent=7723"}],"wp:term":[{"taxonomy":"product_brand","embeddable":true,"href":"https:\/\/www.claret.cat\/es\/wp-json\/wp\/v2\/product_brand?post=7723"},{"taxonomy":"product_cat","embeddable":true,"href":"https:\/\/www.claret.cat\/es\/wp-json\/wp\/v2\/product_cat?post=7723"},{"taxonomy":"product_tag","embeddable":true,"href":"https:\/\/www.claret.cat\/es\/wp-json\/wp\/v2\/product_tag?post=7723"}],"curies":[{"name":"wp","href":"https:\/\/api.w.org\/{rel}","templated":true}]}}