{"id":7733,"date":"2022-09-16T12:14:33","date_gmt":"2022-09-16T10:14:33","guid":{"rendered":"http:\/\/dev.claret.cat\/producte\/manual-de-catala-cientific\/"},"modified":"2026-01-26T18:50:39","modified_gmt":"2026-01-26T17:50:39","slug":"manual-de-catala-cientific-9788472637795","status":"publish","type":"product","link":"https:\/\/www.claret.cat\/es\/libro\/manual-de-catala-cientific-9788472637795\/","title":{"rendered":"MANUAL DE CATAL\u00c0 CIENT\u00cdFIC"},"content":{"rendered":"<p>Introducci\u00f3 al llenguatge verbal de les ci\u00e8ncies experimentals. S&#8217;hi exposen els temes de major inter\u00e8s de cara a un bon domini del llenguatge cient\u00edfic i t\u00e8cnic de diverses especialitats, procurant sempre de facilitar una consulta \u00e0gil i r\u00e0pida.<\/p>\n","protected":false},"excerpt":{"rendered":"<p>RIERA FONTS, CARLES<\/p>\n","protected":false},"featured_media":393405,"template":"","meta":{"_acf_changed":false,"om_disable_all_campaigns":false,"rs_blank_template":"","rs_page_bg_color":"","slide_template_v7":"","inline_featured_image":false,"_monsterinsights_skip_tracking":false,"_monsterinsights_sitenote_active":false,"_monsterinsights_sitenote_note":"","_monsterinsights_sitenote_category":0},"product_brand":[],"product_cat":[573,140,578,145,189,453,581],"product_tag":[],"class_list":{"0":"post-7733","1":"product","2":"type-product","3":"status-publish","4":"has-post-thumbnail","6":"product_cat-bachillerato","7":"product_cat-batxillerat","8":"product_cat-diccionarios-y-libros-de-consulta","9":"product_cat-diccionaris-i-llibres-de-consulta","10":"product_cat-didactica-i-praxi-escolar","11":"product_cat-didactica-y-praxis-escolar","12":"product_cat-editorial-claret","14":"first","15":"instock","16":"taxable","17":"shipping-taxable","18":"purchasable","19":"product-type-simple"},"acf":{"autor":"RIERA FONTS, CARLES","codart":"847263779","libros-coleccion":"POMPEU FABRA","ediciones":"2","encuadernacion":"R\u00fastica","fecha_de_publicacion":"01\/08\/1992","novedad":"0","paginas":"188","subtitulo":"","orden":"999","portada":"0","idioma":"cat","editorial":[{"ID":6158,"post_author":"3","post_date":"2022-07-28 17:46:08","post_date_gmt":"2022-07-28 15:46:08","post_content":"","post_title":"CLARET","post_excerpt":"","post_status":"publish","comment_status":"closed","ping_status":"closed","post_password":"","post_name":"claret","to_ping":"","pinged":"","post_modified":"2022-07-28 17:46:08","post_modified_gmt":"2022-07-28 15:46:08","post_content_filtered":"","post_parent":0,"guid":"http:\/\/dev.claret.cat\/editorial\/claret\/","menu_order":0,"post_type":"editorial","post_mime_type":"","comment_count":"0","filter":"raw"}],"autores-libros":[{"ID":1001493,"post_author":"3","post_date":"2025-01-23 15:45:08","post_date_gmt":"2025-01-23 14:45:08","post_content":"Carles Riera (Moi\u00e0, 1959), doctor en filologia catalana, llicenciat en farm\u00e0cia i amb la carrera de teologia, \u00e9s un especialista en el camp del llenguatge cient\u00edfic, autor de diverses obres sobre el tema i docent d\u2019aquesta mat\u00e8ria des de l\u2019any 1987; actualment \u00e9s professor de la Universitat Ramon Llull.","post_title":"CARLES RIERA FONTS","post_excerpt":"","post_status":"publish","comment_status":"closed","ping_status":"closed","post_password":"","post_name":"carles-riera-fonts","to_ping":"","pinged":"","post_modified":"2025-02-14 12:35:43","post_modified_gmt":"2025-02-14 11:35:43","post_content_filtered":"","post_parent":0,"guid":"https:\/\/www.claret.cat\/autor\/carles-riera-fonts\/","menu_order":0,"post_type":"autor","post_mime_type":"","comment_count":"0","filter":"raw"}],"booktrailer":"","resenas":""},"aioseo_notices":[],"_links":{"self":[{"href":"https:\/\/www.claret.cat\/es\/wp-json\/wp\/v2\/product\/7733","targetHints":{"allow":["GET"]}}],"collection":[{"href":"https:\/\/www.claret.cat\/es\/wp-json\/wp\/v2\/product"}],"about":[{"href":"https:\/\/www.claret.cat\/es\/wp-json\/wp\/v2\/types\/product"}],"wp:featuredmedia":[{"embeddable":true,"href":"https:\/\/www.claret.cat\/es\/wp-json\/wp\/v2\/media\/393405"}],"wp:attachment":[{"href":"https:\/\/www.claret.cat\/es\/wp-json\/wp\/v2\/media?parent=7733"}],"wp:term":[{"taxonomy":"product_brand","embeddable":true,"href":"https:\/\/www.claret.cat\/es\/wp-json\/wp\/v2\/product_brand?post=7733"},{"taxonomy":"product_cat","embeddable":true,"href":"https:\/\/www.claret.cat\/es\/wp-json\/wp\/v2\/product_cat?post=7733"},{"taxonomy":"product_tag","embeddable":true,"href":"https:\/\/www.claret.cat\/es\/wp-json\/wp\/v2\/product_tag?post=7733"}],"curies":[{"name":"wp","href":"https:\/\/api.w.org\/{rel}","templated":true}]}}