{"id":7736,"date":"2022-09-16T12:14:37","date_gmt":"2022-09-16T10:14:37","guid":{"rendered":"http:\/\/dev.claret.cat\/producte\/compendio-breve-de-ejercicios-espirituales\/"},"modified":"2023-01-28T11:49:39","modified_gmt":"2023-01-28T10:49:39","slug":"compendio-breve-de-ejercicios-espirituales-8479148357","status":"publish","type":"product","link":"https:\/\/www.claret.cat\/es\/libro\/compendio-breve-de-ejercicios-espirituales-8479148357\/","title":{"rendered":"COMPENDIO BREVE DE EJERCICIOS ESPIRITUALES"},"content":{"rendered":"<p>Esta obra an\u00f3nima, compuesta por un monje de Montserrat entre 1510 y 1555, puede haber jugado un papel estrat\u00e9gico en el pasaje del \u00e1mbito mon\u00e1stico al secular, de la tradici\u00f3n benedictina a la tradici\u00f3n ignaciana. En ella se da un concentrado de los grandes maestros de la espiritualidad medieval, as\u00ed como podr\u00eda tratarse de un manual del que se vali\u00f3 Ignacio de Loyola durante su estancia en Montserrat y Manresa para beber del legado que le preced\u00eda y aportar, a partir de \u00e9l, sus elementos de novedad. Con esta obra nos acercamos a la intrahistoria, palabra acu\u00f1ada por Unamuno para expresar que la gran historia se juega en los silenciosos episodios de la peque\u00f1a historia. Vivimos un tiempo propicio para caer en la cuenta de las interdependencias. No necesitamos afirmarnos negando al otro, sino recibi\u00e9ndonos del otro. Y esto ha sucedido desde siempre, porque la historia de la espiritualidad est\u00e1 hecha de tradici\u00f3n; esto es, de transmisi\u00f3n y sucesi\u00f3n de eslabones.<\/p>\n","protected":false},"excerpt":{"rendered":"<p>MONJE DE MONTSERRAT<\/p>\n","protected":false},"featured_media":0,"template":"","meta":{"_acf_changed":false,"om_disable_all_campaigns":false,"rs_blank_template":"","rs_page_bg_color":"","slide_template_v7":"","inline_featured_image":false,"_monsterinsights_skip_tracking":false,"_monsterinsights_sitenote_active":false,"_monsterinsights_sitenote_note":"","_monsterinsights_sitenote_category":0},"product_brand":[],"product_cat":[237,488,494,244,490,239],"product_tag":[],"class_list":{"0":"post-7736","1":"product","2":"type-product","3":"status-publish","5":"product_cat-cami-de-perfeccionament","6":"product_cat-camino-de-perfeccionamiento","7":"product_cat-ignaciana-espiritualidad-1_espiritualidad","8":"product_cat-ignaciana","9":"product_cat-monastica-espiritualidad-1_espiritualidad","10":"product_cat-monastica","12":"first","13":"instock","14":"taxable","15":"shipping-taxable","16":"purchasable","17":"product-type-simple"},"acf":{"autor":"MONJE DE MONTSERRAT","codart":"847914835","libros-coleccion":"Cl\u00e1sicos de Espiritualidad","ediciones":"1","encuadernacion":"R\u00fastica","fecha_de_publicacion":"14\/07\/2006","novedad":"0","paginas":"239","subtitulo":"COMPUESTO POR UN MONJE DE MONTSERRAT ENTRE 1510 - 1555","orden":"999","portada":"0","idioma":"spa","editorial":[{"ID":6143,"post_author":"3","post_date":"2022-07-28 17:45:48","post_date_gmt":"2022-07-28 15:45:48","post_content":"","post_title":"BIBLIOTECA AUTORES CRISTIANOS","post_excerpt":"","post_status":"publish","comment_status":"closed","ping_status":"closed","post_password":"","post_name":"biblioteca-autores-cristianos","to_ping":"","pinged":"","post_modified":"2022-07-28 17:45:48","post_modified_gmt":"2022-07-28 15:45:48","post_content_filtered":"","post_parent":0,"guid":"http:\/\/dev.claret.cat\/editorial\/biblioteca-autores-cristianos\/","menu_order":0,"post_type":"editorial","post_mime_type":"","comment_count":"0","filter":"raw"}],"autores-libros":[{"ID":8276,"post_author":"3","post_date":"2022-09-30 09:47:21","post_date_gmt":"2022-09-30 07:47:21","post_content":"","post_title":"[MONJE DE MONTSERRAT]","post_excerpt":"","post_status":"publish","comment_status":"closed","ping_status":"closed","post_password":"","post_name":"monje-de-montserrat","to_ping":"","pinged":"","post_modified":"2022-09-30 09:47:21","post_modified_gmt":"2022-09-30 07:47:21","post_content_filtered":"","post_parent":0,"guid":"http:\/\/dev.claret.cat\/autor\/monje-de-montserrat\/","menu_order":0,"post_type":"autor","post_mime_type":"","comment_count":"0","filter":"raw"},{"ID":8443,"post_author":"3","post_date":"2022-09-30 09:48:37","post_date_gmt":"2022-09-30 07:48:37","post_content":"","post_title":"sj MELLONI","post_excerpt":"","post_status":"publish","comment_status":"closed","ping_status":"closed","post_password":"","post_name":"sj-melloni","to_ping":"","pinged":"","post_modified":"2022-09-30 09:48:37","post_modified_gmt":"2022-09-30 07:48:37","post_content_filtered":"","post_parent":0,"guid":"http:\/\/dev.claret.cat\/autor\/sj-melloni\/","menu_order":0,"post_type":"autor","post_mime_type":"","comment_count":"0","filter":"raw"},{"ID":8348,"post_author":"3","post_date":"2022-09-30 09:47:54","post_date_gmt":"2022-09-30 07:47:54","post_content":"","post_title":"JAVIER (ed)","post_excerpt":"","post_status":"publish","comment_status":"closed","ping_status":"closed","post_password":"","post_name":"javier-ed","to_ping":"","pinged":"","post_modified":"2022-09-30 09:47:54","post_modified_gmt":"2022-09-30 07:47:54","post_content_filtered":"","post_parent":0,"guid":"http:\/\/dev.claret.cat\/autor\/javier-ed\/","menu_order":0,"post_type":"autor","post_mime_type":"","comment_count":"0","filter":"raw"}]},"aioseo_notices":[],"_links":{"self":[{"href":"https:\/\/www.claret.cat\/es\/wp-json\/wp\/v2\/product\/7736","targetHints":{"allow":["GET"]}}],"collection":[{"href":"https:\/\/www.claret.cat\/es\/wp-json\/wp\/v2\/product"}],"about":[{"href":"https:\/\/www.claret.cat\/es\/wp-json\/wp\/v2\/types\/product"}],"wp:attachment":[{"href":"https:\/\/www.claret.cat\/es\/wp-json\/wp\/v2\/media?parent=7736"}],"wp:term":[{"taxonomy":"product_brand","embeddable":true,"href":"https:\/\/www.claret.cat\/es\/wp-json\/wp\/v2\/product_brand?post=7736"},{"taxonomy":"product_cat","embeddable":true,"href":"https:\/\/www.claret.cat\/es\/wp-json\/wp\/v2\/product_cat?post=7736"},{"taxonomy":"product_tag","embeddable":true,"href":"https:\/\/www.claret.cat\/es\/wp-json\/wp\/v2\/product_tag?post=7736"}],"curies":[{"name":"wp","href":"https:\/\/api.w.org\/{rel}","templated":true}]}}