{"id":7745,"date":"2022-09-16T12:14:50","date_gmt":"2022-09-16T10:14:50","guid":{"rendered":"http:\/\/dev.claret.cat\/producte\/decir-la-muerte\/"},"modified":"2024-05-23T11:35:44","modified_gmt":"2024-05-23T09:35:44","slug":"decir-la-muerte-9788482975122","status":"publish","type":"product","link":"https:\/\/www.claret.cat\/es\/libro\/decir-la-muerte-9788482975122\/","title":{"rendered":"DECIR LA MUERTE"},"content":{"rendered":"<p>He aqu\u00ed un libro terrible y, que yo sepa, sin precedentes. Un libro no \u00absobre\u00bb la muerte, sino escrito a su sombra, a su lado, en estrech\u00edsimo contacto con ella.<br \/>He aqu\u00ed el libro m\u00e1s conmovedor que pueda hoy leerse sobre nuestro com\u00fan destino: el de \u00abseres mortales\u00bb.<br \/>El autor es sacerdote. O mejor dir\u00edamos, \u00abbarquero\u00bb del m\u00e1s all\u00e1. Es quien en un gran hospital de Par\u00eds ayuda a los moribundos a \u00abpasar\u00bb a la otra orilla, recoge su \u00faltimo aliento o su \u00faltima palabra, les prodiga los \u00faltimos consuelos, los acompa\u00f1a en su postrer viaje.<br \/>\u00bfSu oficio? Batelero de los muertos. Humilde y sublime Caronte. Personaje magn\u00edfico y modesto que vela por el secreto de los hombres, lo protege o contribuye a formularlo, llev\u00e1ndolos as\u00ed, nos dice, a las puertas de su \u00abepifan\u00eda \u00edntima\u00bb.<br \/>Yo no comparto la fe de ese hombre. Pero \u00a1qu\u00e9 importa! Con el hombre que ha escrito este libro, con ese barquero de la moderna \u00abcasa de los muertos\u00bb, no podemos menos de simpatizar, de sentirnos inmensamente solidarios.<br \/>Bernard-Henry L\u00e9vy<\/p>\n","protected":false},"excerpt":{"rendered":"<p>BURDIN, LEON<\/p>\n","protected":false},"featured_media":394363,"template":"","meta":{"_acf_changed":false,"om_disable_all_campaigns":false,"rs_blank_template":"","rs_page_bg_color":"","slide_template_v7":"","inline_featured_image":false,"_monsterinsights_skip_tracking":false,"_monsterinsights_sitenote_active":false,"_monsterinsights_sitenote_note":"","_monsterinsights_sitenote_category":0},"product_brand":[],"product_cat":[179,377,581,281,416,437,163],"product_tag":[],"class_list":{"0":"post-7745","1":"product","2":"type-product","3":"status-publish","4":"has-post-thumbnail","6":"product_cat-autoajuda-i-salut-mental","7":"product_cat-autoayuda-y-salud-mental","8":"product_cat-editorial-claret","9":"product_cat-escatologia","10":"product_cat-escatologia-teologia-1_espiritualidad","11":"product_cat-valores-y-convivencia","12":"product_cat-valors-i-convivencia","14":"first","15":"instock","16":"taxable","17":"shipping-taxable","18":"purchasable","19":"product-type-simple"},"acf":{"autor":"BURDIN, LEON","codart":"848297512","libros-coleccion":"PUNTO DE ENCUENTRO","ediciones":"1","encuadernacion":"R\u00fastica","fecha_de_publicacion":"01\/11\/2001","novedad":"0","paginas":"232","subtitulo":"PALABRAS PARA VIVIRLA","orden":"999","portada":"0","idioma":"spa","editorial":[{"ID":6158,"post_author":"3","post_date":"2022-07-28 17:46:08","post_date_gmt":"2022-07-28 15:46:08","post_content":"","post_title":"CLARET","post_excerpt":"","post_status":"publish","comment_status":"closed","ping_status":"closed","post_password":"","post_name":"claret","to_ping":"","pinged":"","post_modified":"2022-07-28 17:46:08","post_modified_gmt":"2022-07-28 15:46:08","post_content_filtered":"","post_parent":0,"guid":"http:\/\/dev.claret.cat\/editorial\/claret\/","menu_order":0,"post_type":"editorial","post_mime_type":"","comment_count":"0","filter":"raw"}],"autores-libros":[{"ID":8380,"post_author":"3","post_date":"2022-09-30 09:48:08","post_date_gmt":"2022-09-30 07:48:08","post_content":"","post_title":"LEON BURDIN","post_excerpt":"","post_status":"publish","comment_status":"closed","ping_status":"closed","post_password":"","post_name":"leon-burdin","to_ping":"","pinged":"","post_modified":"2022-09-30 09:48:08","post_modified_gmt":"2022-09-30 07:48:08","post_content_filtered":"","post_parent":0,"guid":"http:\/\/dev.claret.cat\/autor\/leon-burdin\/","menu_order":0,"post_type":"autor","post_mime_type":"","comment_count":"0","filter":"raw"}]},"aioseo_notices":[],"_links":{"self":[{"href":"https:\/\/www.claret.cat\/es\/wp-json\/wp\/v2\/product\/7745","targetHints":{"allow":["GET"]}}],"collection":[{"href":"https:\/\/www.claret.cat\/es\/wp-json\/wp\/v2\/product"}],"about":[{"href":"https:\/\/www.claret.cat\/es\/wp-json\/wp\/v2\/types\/product"}],"wp:featuredmedia":[{"embeddable":true,"href":"https:\/\/www.claret.cat\/es\/wp-json\/wp\/v2\/media\/394363"}],"wp:attachment":[{"href":"https:\/\/www.claret.cat\/es\/wp-json\/wp\/v2\/media?parent=7745"}],"wp:term":[{"taxonomy":"product_brand","embeddable":true,"href":"https:\/\/www.claret.cat\/es\/wp-json\/wp\/v2\/product_brand?post=7745"},{"taxonomy":"product_cat","embeddable":true,"href":"https:\/\/www.claret.cat\/es\/wp-json\/wp\/v2\/product_cat?post=7745"},{"taxonomy":"product_tag","embeddable":true,"href":"https:\/\/www.claret.cat\/es\/wp-json\/wp\/v2\/product_tag?post=7745"}],"curies":[{"name":"wp","href":"https:\/\/api.w.org\/{rel}","templated":true}]}}