{"id":7760,"date":"2022-09-16T12:15:14","date_gmt":"2022-09-16T10:15:14","guid":{"rendered":"http:\/\/dev.claret.cat\/producte\/manual-del-monitor-de-tiempo-libre\/"},"modified":"2024-05-23T10:24:27","modified_gmt":"2024-05-23T08:24:27","slug":"manual-del-monitor-de-tiempo-libre-9788483169827","status":"publish","type":"product","link":"https:\/\/www.claret.cat\/es\/libro\/manual-del-monitor-de-tiempo-libre-9788483169827\/","title":{"rendered":"MANUAL DEL MONITOR DE TIEMPO LIBRE"},"content":{"rendered":"<p>Resulta parad\u00f3jico que uno de los \u00e1mbitos m\u00e1s veteranos y consolidados de la Educaci\u00f3n Social Espa\u00f1a como es el de la Educaci\u00f3n en el Tiempo Libre, adolezca, en cambio de la ausencia de manuales y textos did\u00e1cticos dirigidos a la formaci\u00f3n de sus principales agentes: los animadores y monitores de tiempo libre.<br \/>Este libro quiere contribuir a llenar este injustificado vac\u00edo. Su estructura ha sido concebida para servir de material did\u00e1ctico abierto a la posibilidad de diferentes usos: como gu\u00eda did\u00e1ctica para el dise\u00f1o y la impartici\u00f3n de cursos de monitores de tiempo libre; como libro de texto o manual de formaci\u00f3n; como libro de consulta orientado a educadores y animadores e incluso como material de autoformaci\u00f3n destinado a grupos y asociaciones.<br \/>Sus contenidos est\u00e1n sistematizados en relaci\u00f3n a los programas oficiales de formaci\u00f3n de monitores, pero con una propuesta did\u00e1ctica propia -PREPIAE: presentar objetivos, plantear interrogantes, informar de contenidos, aplicar y evaluar- que facilita su uso y aplicaci\u00f3n.<br \/>V\u00edctor J. Ventosa, experto autor reconocido por sus numerosas publicaciones en el campo de la Animaci\u00f3n y Educaci\u00f3n Social, ha sido el encargado de coordinar este libro en el que ha participado un equipo de especialistas con una aquilatada andadura te\u00f3rica y pr\u00e1ctica<\/p>\n","protected":false},"excerpt":{"rendered":"<p>VENTOSA,V\u00cdCTOR J.<\/p>\n","protected":false},"featured_media":356672,"template":"","meta":{"_acf_changed":false,"om_disable_all_campaigns":false,"rs_blank_template":"","rs_page_bg_color":"","slide_template_v7":"","inline_featured_image":false,"_monsterinsights_skip_tracking":false,"_monsterinsights_sitenote_active":false,"_monsterinsights_sitenote_note":"","_monsterinsights_sitenote_category":0},"product_brand":[],"product_cat":[390,229,578,145,189,453,227,389],"product_tag":[],"class_list":{"0":"post-7760","1":"product","2":"type-product","3":"status-publish","4":"has-post-thumbnail","6":"product_cat-convivencias-y-colonias","7":"product_cat-convivencies-i-colonies","8":"product_cat-diccionarios-y-libros-de-consulta","9":"product_cat-diccionaris-i-llibres-de-consulta","10":"product_cat-didactica-i-praxi-escolar","11":"product_cat-didactica-y-praxis-escolar","12":"product_cat-formacio","13":"product_cat-formacion","15":"first","16":"outofstock","17":"taxable","18":"shipping-taxable","19":"purchasable","20":"product-type-simple"},"acf":{"autor":"VENTOSA,V\u00cdCTOR J.","codart":"848316982","libros-coleccion":"Escuela de Anirmaci\u00f3n","ediciones":"14","encuadernacion":"R\u00fastica","fecha_de_publicacion":"01\/06\/2010","novedad":"0","paginas":"472","subtitulo":"","orden":"999","portada":"0","idioma":"spa","editorial":[{"ID":6155,"post_author":"3","post_date":"2022-07-28 17:46:04","post_date_gmt":"2022-07-28 15:46:04","post_content":"","post_title":"Central Catequ\u00edstica Salesiana","post_excerpt":"","post_status":"publish","comment_status":"closed","ping_status":"closed","post_password":"","post_name":"central-catequistica-salesiana","to_ping":"","pinged":"","post_modified":"2022-07-28 17:46:04","post_modified_gmt":"2022-07-28 15:46:04","post_content_filtered":"","post_parent":0,"guid":"http:\/\/dev.claret.cat\/editorial\/central-catequistica-salesiana\/","menu_order":0,"post_type":"editorial","post_mime_type":"","comment_count":"0","filter":"raw"}],"autores-libros":[{"ID":8451,"post_author":"3","post_date":"2022-09-30 09:48:41","post_date_gmt":"2022-09-30 07:48:41","post_content":"","post_title":"VICTOR J. VENTOSA","post_excerpt":"","post_status":"publish","comment_status":"closed","ping_status":"closed","post_password":"","post_name":"victor-j-ventosa","to_ping":"","pinged":"","post_modified":"2022-09-30 09:48:41","post_modified_gmt":"2022-09-30 07:48:41","post_content_filtered":"","post_parent":0,"guid":"http:\/\/dev.claret.cat\/autor\/victor-j-ventosa\/","menu_order":0,"post_type":"autor","post_mime_type":"","comment_count":"0","filter":"raw"}]},"aioseo_notices":[],"_links":{"self":[{"href":"https:\/\/www.claret.cat\/es\/wp-json\/wp\/v2\/product\/7760","targetHints":{"allow":["GET"]}}],"collection":[{"href":"https:\/\/www.claret.cat\/es\/wp-json\/wp\/v2\/product"}],"about":[{"href":"https:\/\/www.claret.cat\/es\/wp-json\/wp\/v2\/types\/product"}],"wp:featuredmedia":[{"embeddable":true,"href":"https:\/\/www.claret.cat\/es\/wp-json\/wp\/v2\/media\/356672"}],"wp:attachment":[{"href":"https:\/\/www.claret.cat\/es\/wp-json\/wp\/v2\/media?parent=7760"}],"wp:term":[{"taxonomy":"product_brand","embeddable":true,"href":"https:\/\/www.claret.cat\/es\/wp-json\/wp\/v2\/product_brand?post=7760"},{"taxonomy":"product_cat","embeddable":true,"href":"https:\/\/www.claret.cat\/es\/wp-json\/wp\/v2\/product_cat?post=7760"},{"taxonomy":"product_tag","embeddable":true,"href":"https:\/\/www.claret.cat\/es\/wp-json\/wp\/v2\/product_tag?post=7760"}],"curies":[{"name":"wp","href":"https:\/\/api.w.org\/{rel}","templated":true}]}}