{"id":7763,"date":"2022-09-16T12:15:18","date_gmt":"2022-09-16T10:15:18","guid":{"rendered":"http:\/\/dev.claret.cat\/producte\/quien-es-quien-en-la-biblia\/"},"modified":"2024-05-23T10:18:00","modified_gmt":"2024-05-23T08:18:00","slug":"quien-es-quien-en-la-biblia-9788483530634","status":"publish","type":"product","link":"https:\/\/www.claret.cat\/es\/libro\/quien-es-quien-en-la-biblia-9788483530634\/","title":{"rendered":"\u00bfQUI\u00c9N ES QUI\u00c9N EN LA BIBLIA?"},"content":{"rendered":"<p>La Biblia no es un libro aunque sea el libro de la Palabra si por Palabra se entiende la expresi\u00f3n de Dios en voces humanas y de cara a la salvaci\u00f3n de su obra creadora. La Biblia es un conjunto de libros que va de la historia a la poes\u00eda, de la profec\u00eda al recuerdo, de los pueblos de anta\u00f1o a los herederos de la rica herencia del Cristo que reabre la historia.<br \/>Por esos libros de la Biblia -con dos testamentos que los amparan en libros \u201cantiguos\u201d y libros \u201cnuevos\u201d- pululan como peque\u00f1os protagonistas de la historia muchos hombres preclaros, muchas mujeres fort\u00edsimas, algunos ni\u00f1os machacados, algunas v\u00edrgenes que llenan de melancol\u00eda las p\u00e1ginas por las que se las hace circular.<br \/>Hay entre estos nombres algunos personajes de singular atractivo: David, por ejemplo, O Mois\u00e9s el de las tablas ordenadoras. O el pozo de fe que fue Abraham&#8230;<\/p>\n","protected":false},"excerpt":{"rendered":"<p>GIL DE MURO, EDUARDO T.<\/p>\n","protected":false},"featured_media":356761,"template":"","meta":{"_acf_changed":false,"om_disable_all_campaigns":false,"rs_blank_template":"","rs_page_bg_color":"","slide_template_v7":"","inline_featured_image":false,"_monsterinsights_skip_tracking":false,"_monsterinsights_sitenote_active":false,"_monsterinsights_sitenote_note":"","_monsterinsights_sitenote_category":0},"product_brand":[],"product_cat":[482,224,472,213,571,138,139,572],"product_tag":[],"class_list":{"0":"post-7763","1":"product","2":"type-product","3":"status-publish","4":"has-post-thumbnail","6":"product_cat-biblias-didacticas","7":"product_cat-biblies-didactiques","8":"product_cat-manuales-y-guias","9":"product_cat-manuals-i-guies","10":"product_cat-primaria-escolar-4_escolar-spa","11":"product_cat-primaria","12":"product_cat-secundaria","13":"product_cat-secundaria-escolar-4_escolar-spa","15":"first","16":"instock","17":"taxable","18":"shipping-taxable","19":"purchasable","20":"product-type-simple"},"acf":{"autor":"GIL DE MURO, EDUARDO T.","codart":"848353063","libros-coleccion":"Ediciones Populares","ediciones":"1","encuadernacion":"R\u00fastica","fecha_de_publicacion":"12\/06\/2007","novedad":"0","paginas":"240","subtitulo":"DICCIONARIO BREVE DE PERSONAJES B\u00cdBLICOS","orden":"999","portada":"0","idioma":"spa","editorial":[{"ID":6309,"post_author":"3","post_date":"2022-07-28 17:49:25","post_date_gmt":"2022-07-28 15:49:25","post_content":"","post_title":"Monte Carmelo","post_excerpt":"","post_status":"publish","comment_status":"closed","ping_status":"closed","post_password":"","post_name":"monte-carmelo","to_ping":"","pinged":"","post_modified":"2022-07-28 17:49:25","post_modified_gmt":"2022-07-28 15:49:25","post_content_filtered":"","post_parent":0,"guid":"http:\/\/dev.claret.cat\/editorial\/monte-carmelo\/","menu_order":0,"post_type":"editorial","post_mime_type":"","comment_count":"0","filter":"raw"}],"autores-libros":[{"ID":8315,"post_author":"3","post_date":"2022-09-30 09:47:39","post_date_gmt":"2022-09-30 07:47:39","post_content":"","post_title":"EDUARDO T. GIL DE MURO","post_excerpt":"","post_status":"publish","comment_status":"closed","ping_status":"closed","post_password":"","post_name":"eduardo-t-gil-de-muro","to_ping":"","pinged":"","post_modified":"2022-09-30 09:47:39","post_modified_gmt":"2022-09-30 07:47:39","post_content_filtered":"","post_parent":0,"guid":"http:\/\/dev.claret.cat\/autor\/eduardo-t-gil-de-muro\/","menu_order":0,"post_type":"autor","post_mime_type":"","comment_count":"0","filter":"raw"}]},"aioseo_notices":[],"_links":{"self":[{"href":"https:\/\/www.claret.cat\/es\/wp-json\/wp\/v2\/product\/7763","targetHints":{"allow":["GET"]}}],"collection":[{"href":"https:\/\/www.claret.cat\/es\/wp-json\/wp\/v2\/product"}],"about":[{"href":"https:\/\/www.claret.cat\/es\/wp-json\/wp\/v2\/types\/product"}],"wp:featuredmedia":[{"embeddable":true,"href":"https:\/\/www.claret.cat\/es\/wp-json\/wp\/v2\/media\/356761"}],"wp:attachment":[{"href":"https:\/\/www.claret.cat\/es\/wp-json\/wp\/v2\/media?parent=7763"}],"wp:term":[{"taxonomy":"product_brand","embeddable":true,"href":"https:\/\/www.claret.cat\/es\/wp-json\/wp\/v2\/product_brand?post=7763"},{"taxonomy":"product_cat","embeddable":true,"href":"https:\/\/www.claret.cat\/es\/wp-json\/wp\/v2\/product_cat?post=7763"},{"taxonomy":"product_tag","embeddable":true,"href":"https:\/\/www.claret.cat\/es\/wp-json\/wp\/v2\/product_tag?post=7763"}],"curies":[{"name":"wp","href":"https:\/\/api.w.org\/{rel}","templated":true}]}}