{"id":781061,"date":"2023-09-18T09:52:11","date_gmt":"2023-09-18T07:52:11","guid":{"rendered":"https:\/\/www.claret.cat\/llibre\/tokio-blues-norwegian-wood-maxi-9788483835043\/"},"modified":"2026-02-25T13:50:40","modified_gmt":"2026-02-25T12:50:40","slug":"tokio-blues-norwegian-wood-maxi-9788483835043","status":"publish","type":"product","link":"https:\/\/www.claret.cat\/es\/libro\/tokio-blues-norwegian-wood-maxi-9788483835043\/","title":{"rendered":"TOKIO BLUES. NORWEGIAN WOOD (MAXI)"},"content":{"rendered":"<p>Toru Watanabe, un ejecutivo de 37 a\u00f1os, escucha casualmente<\/p>\n<p>mientras aterriza en un aeropuerto europeo una vieja canci\u00f3n de los Beatles, y<\/p>\n<p>la m\u00fasica le hace retroceder a su juventud, al turbulento Tokio de finales de<\/p>\n<p>los sesenta. Toru recuerda, con una mezcla de melancol\u00eda y desasosiego, a la<\/p>\n<p>inestable y misteriosa Naoko, la novia de su mejor -y \u00fanico- amigo de la<\/p>\n<p>adolescencia, Kizuki. El suicidio de \u00e9ste les distancia durante un a\u00f1o hasta<\/p>\n<p>que se reencuentran en la universidad. Inician all\u00ed una relaci\u00f3n \u00edntima; sin<\/p>\n<p>embargo, la fr\u00e1gil salud mental de Naoko se resiente y la internan en un centro<\/p>\n<p>de reposo. Al poco, Toru se enamora de Midori, una joven activa y resuelta.<\/p>\n<p>Indeciso, sumido en dudas y temores, experimenta el deslumbramiento y el<\/p>\n<p>desenga\u00f1o all\u00e1 donde todo parece cobrar sentido: el sexo, el amor y la muerte.<\/p>\n<p>La situaci\u00f3n, para \u00e9l, para los tres, se ha vuelto insostenible; ninguno parece<\/p>\n<p>capaz de alcanzar el delicado equilibrio entre las esperanzas juveniles y la<\/p>\n<p>necesidad de encontrar un lugar en el mundo.<\/p>\n<p>Con un fino sentido del humor, Murakami ha escrito el<\/p>\n<p>conmovedor relato de una educaci\u00f3n sentimental, pero tambi\u00e9n de las p\u00e9rdidas<\/p>\n<p>que implica toda maduraci\u00f3n. Tokio blues supuso el reconocimiento definitivo<\/p>\n<p>del autor en su pa\u00eds, donde se convirti\u00f3 en un best seller.<\/p>\n","protected":false},"excerpt":{"rendered":"<p>MURAKAMI, HARUKI<\/p>\n","protected":false},"featured_media":1020815,"template":"","meta":{"_acf_changed":false,"om_disable_all_campaigns":false,"rs_blank_template":"","rs_page_bg_color":"","slide_template_v7":"","inline_featured_image":false,"_monsterinsights_skip_tracking":false,"_monsterinsights_sitenote_active":false,"_monsterinsights_sitenote_note":"","_monsterinsights_sitenote_category":0},"product_brand":[],"product_cat":[90,540],"product_tag":[],"class_list":{"0":"post-781061","1":"product","2":"type-product","3":"status-publish","4":"has-post-thumbnail","6":"product_cat-altres","7":"product_cat-otros","9":"first","10":"instock","11":"taxable","12":"shipping-taxable","13":"purchasable","14":"product-type-simple"},"acf":{"autor":"MURAKAMI, HARUKI","codart":"848383504","libros-coleccion":"","ediciones":"1","encuadernacion":"Carpeta","fecha_de_publicacion":"01\/05\/2007","novedad":"1","paginas":"382","subtitulo":"NORWEGIAN WOOD","orden":"999","portada":"0","idioma":"spa","editorial":[{"ID":8271,"post_author":"3","post_date":"2022-09-30 09:21:39","post_date_gmt":"2022-09-30 07:21:39","post_content":"","post_title":"TUSQUETS EDITORES","post_excerpt":"","post_status":"publish","comment_status":"closed","ping_status":"closed","post_password":"","post_name":"tusquets-editores","to_ping":"","pinged":"","post_modified":"2022-09-30 09:21:39","post_modified_gmt":"2022-09-30 07:21:39","post_content_filtered":"","post_parent":0,"guid":"http:\/\/dev.claret.cat\/editorial\/tusquets-editores\/","menu_order":0,"post_type":"editorial","post_mime_type":"","comment_count":"0","filter":"raw"}],"autores-libros":[{"ID":157395,"post_author":"3","post_date":"2022-10-14 15:28:29","post_date_gmt":"2022-10-14 13:28:29","post_content":"","post_title":"HARUKI MURAKAMI","post_excerpt":"","post_status":"publish","comment_status":"closed","ping_status":"closed","post_password":"","post_name":"haruki-murakami","to_ping":"","pinged":"","post_modified":"2022-10-14 15:28:29","post_modified_gmt":"2022-10-14 13:28:29","post_content_filtered":"","post_parent":0,"guid":"http:\/\/dev.claret.cat\/autor\/haruki-murakami\/","menu_order":0,"post_type":"autor","post_mime_type":"","comment_count":"0","filter":"raw"}],"booktrailer":"","resenas":""},"aioseo_notices":[],"_links":{"self":[{"href":"https:\/\/www.claret.cat\/es\/wp-json\/wp\/v2\/product\/781061","targetHints":{"allow":["GET"]}}],"collection":[{"href":"https:\/\/www.claret.cat\/es\/wp-json\/wp\/v2\/product"}],"about":[{"href":"https:\/\/www.claret.cat\/es\/wp-json\/wp\/v2\/types\/product"}],"wp:featuredmedia":[{"embeddable":true,"href":"https:\/\/www.claret.cat\/es\/wp-json\/wp\/v2\/media\/1020815"}],"wp:attachment":[{"href":"https:\/\/www.claret.cat\/es\/wp-json\/wp\/v2\/media?parent=781061"}],"wp:term":[{"taxonomy":"product_brand","embeddable":true,"href":"https:\/\/www.claret.cat\/es\/wp-json\/wp\/v2\/product_brand?post=781061"},{"taxonomy":"product_cat","embeddable":true,"href":"https:\/\/www.claret.cat\/es\/wp-json\/wp\/v2\/product_cat?post=781061"},{"taxonomy":"product_tag","embeddable":true,"href":"https:\/\/www.claret.cat\/es\/wp-json\/wp\/v2\/product_tag?post=781061"}],"curies":[{"name":"wp","href":"https:\/\/api.w.org\/{rel}","templated":true}]}}