{"id":7818,"date":"2022-09-16T12:20:40","date_gmt":"2022-09-16T10:20:40","guid":{"rendered":"http:\/\/dev.claret.cat\/producte\/psicologia-positiva-en-primaria\/"},"modified":"2024-06-28T10:50:24","modified_gmt":"2024-06-28T08:50:24","slug":"psicologia-positiva-en-primaria-9788498420302","status":"publish","type":"product","link":"https:\/\/www.claret.cat\/es\/libro\/psicologia-positiva-en-primaria-9788498420302\/","title":{"rendered":"PSICOLOG\u00cdA POSITIVA EN PRIMARIA"},"content":{"rendered":"<p>Con los juegos de interacci\u00f3n de este libro deseamos poner a disposici\u00f3n del profesorado de Educaci\u00f3n Primaria un amplio y detallado compendio de m\u00e9todos con cuya ayuda puedan los ni\u00f1os aprender jugando tambi\u00e9n en la escuela. Para ello, nos hemos fijado sobre todo en aquellos juegos que estimulan un clima positivo en la clase y en aquellos que facilitan el sentimiento de pertenencia entre los ni\u00f1os.<\/p>\n","protected":false},"excerpt":{"rendered":"<p>VOPEL,KLAUS W<\/p>\n","protected":false},"featured_media":972466,"template":"","meta":{"_acf_changed":false,"om_disable_all_campaigns":false,"rs_blank_template":"","rs_page_bg_color":"","slide_template_v7":"","inline_featured_image":false,"_monsterinsights_skip_tracking":false,"_monsterinsights_sitenote_active":false,"_monsterinsights_sitenote_note":"","_monsterinsights_sitenote_category":0},"product_brand":[],"product_cat":[189,453,136,230,366,391,138,571,381,188],"product_tag":[],"class_list":{"0":"post-7818","1":"product","2":"type-product","3":"status-publish","4":"has-post-thumbnail","6":"product_cat-didactica-i-praxi-escolar","7":"product_cat-didactica-y-praxis-escolar","8":"product_cat-jocs-destimulacio","9":"product_cat-jocs-cancons-i-dances","10":"product_cat-juegos-de-estimulacion","11":"product_cat-juegos-canciones-y-danzas","12":"product_cat-primaria","13":"product_cat-primaria-escolar-4_escolar-spa","14":"product_cat-psicopedagogia-pedagogia-2_humanidades","15":"product_cat-psicopedagogia","17":"first","18":"outofstock","19":"taxable","20":"shipping-taxable","21":"purchasable","22":"product-type-simple"},"acf":{"autor":"VOPEL,KLAUS W","codart":"849842030","libros-coleccion":"Animaci\u00f3n de grupos","ediciones":"1","encuadernacion":"R\u00fastica","fecha_de_publicacion":"21\/11\/2006","novedad":"0","paginas":"241","subtitulo":"JUEGOS Y ACTIVIDADES","orden":"999","portada":"0","idioma":"spa","editorial":[{"ID":6155,"post_author":"3","post_date":"2022-07-28 17:46:04","post_date_gmt":"2022-07-28 15:46:04","post_content":"","post_title":"Central Catequ\u00edstica Salesiana","post_excerpt":"","post_status":"publish","comment_status":"closed","ping_status":"closed","post_password":"","post_name":"central-catequistica-salesiana","to_ping":"","pinged":"","post_modified":"2022-07-28 17:46:04","post_modified_gmt":"2022-07-28 15:46:04","post_content_filtered":"","post_parent":0,"guid":"http:\/\/dev.claret.cat\/editorial\/central-catequistica-salesiana\/","menu_order":0,"post_type":"editorial","post_mime_type":"","comment_count":"0","filter":"raw"}],"autores-libros":[{"ID":8374,"post_author":"3","post_date":"2022-09-30 09:48:06","post_date_gmt":"2022-09-30 07:48:06","post_content":"","post_title":"KLAUS W VOPEL","post_excerpt":"","post_status":"publish","comment_status":"closed","ping_status":"closed","post_password":"","post_name":"klaus-w-vopel","to_ping":"","pinged":"","post_modified":"2022-09-30 09:48:06","post_modified_gmt":"2022-09-30 07:48:06","post_content_filtered":"","post_parent":0,"guid":"http:\/\/dev.claret.cat\/autor\/klaus-w-vopel\/","menu_order":0,"post_type":"autor","post_mime_type":"","comment_count":"0","filter":"raw"}]},"aioseo_notices":[],"_links":{"self":[{"href":"https:\/\/www.claret.cat\/es\/wp-json\/wp\/v2\/product\/7818","targetHints":{"allow":["GET"]}}],"collection":[{"href":"https:\/\/www.claret.cat\/es\/wp-json\/wp\/v2\/product"}],"about":[{"href":"https:\/\/www.claret.cat\/es\/wp-json\/wp\/v2\/types\/product"}],"wp:featuredmedia":[{"embeddable":true,"href":"https:\/\/www.claret.cat\/es\/wp-json\/wp\/v2\/media\/972466"}],"wp:attachment":[{"href":"https:\/\/www.claret.cat\/es\/wp-json\/wp\/v2\/media?parent=7818"}],"wp:term":[{"taxonomy":"product_brand","embeddable":true,"href":"https:\/\/www.claret.cat\/es\/wp-json\/wp\/v2\/product_brand?post=7818"},{"taxonomy":"product_cat","embeddable":true,"href":"https:\/\/www.claret.cat\/es\/wp-json\/wp\/v2\/product_cat?post=7818"},{"taxonomy":"product_tag","embeddable":true,"href":"https:\/\/www.claret.cat\/es\/wp-json\/wp\/v2\/product_tag?post=7818"}],"curies":[{"name":"wp","href":"https:\/\/api.w.org\/{rel}","templated":true}]}}