{"id":782058,"date":"2023-09-18T11:21:52","date_gmt":"2023-09-18T09:21:52","guid":{"rendered":"https:\/\/www.claret.cat\/llibre\/ibanez-9788402428912\/"},"modified":"2023-12-29T17:00:06","modified_gmt":"2023-12-29T16:00:06","slug":"ibanez-9788402428912","status":"publish","type":"product","link":"https:\/\/www.claret.cat\/es\/libro\/ibanez-9788402428912\/","title":{"rendered":"IB\u00c1\u00d1EZ"},"content":{"rendered":"<p>Libro homenaje al autor m\u00e1s popular de la historia del c\u00f3mic nacional: Francisco Ib\u00e1\u00f1ez. A partir de la pregunta \u00ab\u00bfPor qu\u00e9 nos gusta tanto Ib\u00e1\u00f1ez?\u00bb, el periodista y cr\u00edtico cultural Jordi Canyiss\u00e0 se adentrar\u00e1 en la obra del autor siguiendo tres grandes ejes: el dibujo, el humor y el relato. Hablaremos de gags y comicidad, dise\u00f1o de p\u00e1gina y perspectiva \u2018Iba\u00f1esca&#8221;, maestr\u00eda de trazo, expresividad gr\u00e1fica y guiones hilarantes. Todo a trav\u00e9s de una muestra en excelente resoluci\u00f3n de vi\u00f1etas de Mortadelo y Filem\u00f3n, 13, rue del Percebe, El botones Sacarino, Pepe Gotera y Otilio, Rompetechosy m\u00e1s, salidos de la desbordante imaginaci\u00f3n de Ib\u00e1\u00f1ez. Un libro que se har\u00e1 imprescindible desde su primera edici\u00f3n. * Edici\u00f3n de lujo esencial: con material in\u00e9dito y p\u00e1ginas reproducidas directamente de los originales de Rompetechos, Mortadelo y Filem\u00f3n (algunas m\u00edticas como las de El sulfato at\u00f3mico, otras emblem\u00e1ticas como Barcelona 92) o 13 R\u00fae del Percebe, entre otros. * La mejor selecci\u00f3n de vi\u00f1etas y elementos gr\u00e1ficos de Ib\u00e1\u00f1ez: detalles, lettering, expresiones, composiciones, guiones, guardas, p\u00e1ginas a l\u00e1piz, tinta y color. 192 p\u00e1ginas a todo color, con textos explicativos y maqueta premium. * Con un cap\u00edtulo especial de homenaje por parte de voces del mundo de la cultura y la comunicaci\u00f3n y autores de c\u00f3mic nacional que dialogan con la obra de Ib\u00e1\u00f1ez con una p\u00e1gina in\u00e9dita de su mano. \u00a1M\u00e1s de 40 colaboradores!<\/p>\n","protected":false},"excerpt":{"rendered":"<p>CANYISS\u00c0, JORDI \/ IB\u00c1\u00d1EZ, FRANCISCO<\/p>\n","protected":false},"featured_media":783994,"template":"","meta":{"_acf_changed":false,"om_disable_all_campaigns":false,"rs_blank_template":"","rs_page_bg_color":"","slide_template_v7":"","inline_featured_image":false,"_monsterinsights_skip_tracking":false,"_monsterinsights_sitenote_active":false,"_monsterinsights_sitenote_note":"","_monsterinsights_sitenote_category":0},"product_brand":[],"product_cat":[108,558],"product_tag":[],"class_list":{"0":"post-782058","1":"product","2":"type-product","3":"status-publish","4":"has-post-thumbnail","6":"product_cat-comic","7":"product_cat-comic-3_infantil-juvenil-spa-spa","9":"first","10":"instock","11":"taxable","12":"shipping-taxable","13":"purchasable","14":"product-type-simple"},"acf":{"autor":"CANYISS\u00c0, JORDI \/ IB\u00c1\u00d1EZ, FRANCISCO","codart":"840242891","libros-coleccion":"Bruguera Cl\u00e1sica","ediciones":"1","encuadernacion":"Carton\u00e9","fecha_de_publicacion":"01\/09\/2023","novedad":"1","paginas":"190","subtitulo":"EL MAESTRO DE LA HISTORIETA","orden":"0","portada":"0","idioma":"spa","editorial":[{"ID":147572,"post_author":"3","post_date":"2022-10-14 11:51:36","post_date_gmt":"2022-10-14 09:51:36","post_content":"","post_title":"BRUGUERA, EDITORIAL","post_excerpt":"","post_status":"publish","comment_status":"closed","ping_status":"closed","post_password":"","post_name":"bruguera-editorial","to_ping":"","pinged":"","post_modified":"2022-10-14 11:51:36","post_modified_gmt":"2022-10-14 09:51:36","post_content_filtered":"","post_parent":0,"guid":"http:\/\/dev.claret.cat\/editorial\/bruguera-editorial\/","menu_order":0,"post_type":"editorial","post_mime_type":"","comment_count":"0","filter":"raw"}],"autores-libros":[{"ID":156255,"post_author":"3","post_date":"2022-10-14 15:19:21","post_date_gmt":"2022-10-14 13:19:21","post_content":"","post_title":"FRANCISCO IBA\u00d1EZ","post_excerpt":"","post_status":"publish","comment_status":"closed","ping_status":"closed","post_password":"","post_name":"francisco-ibanez","to_ping":"","pinged":"","post_modified":"2022-10-14 15:19:21","post_modified_gmt":"2022-10-14 13:19:21","post_content_filtered":"","post_parent":0,"guid":"http:\/\/dev.claret.cat\/autor\/francisco-ibanez\/","menu_order":0,"post_type":"autor","post_mime_type":"","comment_count":"0","filter":"raw"},{"ID":782057,"post_author":"3","post_date":"2023-09-18 11:21:48","post_date_gmt":"2023-09-18 09:21:48","post_content":"","post_title":"JORDI CANYISS\u00c0","post_excerpt":"","post_status":"publish","comment_status":"closed","ping_status":"closed","post_password":"","post_name":"jordi-canyissa","to_ping":"","pinged":"","post_modified":"2023-09-18 11:21:48","post_modified_gmt":"2023-09-18 09:21:48","post_content_filtered":"","post_parent":0,"guid":"https:\/\/www.claret.cat\/autor\/jordi-canyissa\/","menu_order":0,"post_type":"autor","post_mime_type":"","comment_count":"0","filter":"raw"}]},"aioseo_notices":[],"_links":{"self":[{"href":"https:\/\/www.claret.cat\/es\/wp-json\/wp\/v2\/product\/782058","targetHints":{"allow":["GET"]}}],"collection":[{"href":"https:\/\/www.claret.cat\/es\/wp-json\/wp\/v2\/product"}],"about":[{"href":"https:\/\/www.claret.cat\/es\/wp-json\/wp\/v2\/types\/product"}],"wp:featuredmedia":[{"embeddable":true,"href":"https:\/\/www.claret.cat\/es\/wp-json\/wp\/v2\/media\/783994"}],"wp:attachment":[{"href":"https:\/\/www.claret.cat\/es\/wp-json\/wp\/v2\/media?parent=782058"}],"wp:term":[{"taxonomy":"product_brand","embeddable":true,"href":"https:\/\/www.claret.cat\/es\/wp-json\/wp\/v2\/product_brand?post=782058"},{"taxonomy":"product_cat","embeddable":true,"href":"https:\/\/www.claret.cat\/es\/wp-json\/wp\/v2\/product_cat?post=782058"},{"taxonomy":"product_tag","embeddable":true,"href":"https:\/\/www.claret.cat\/es\/wp-json\/wp\/v2\/product_tag?post=782058"}],"curies":[{"name":"wp","href":"https:\/\/api.w.org\/{rel}","templated":true}]}}