{"id":782081,"date":"2023-09-18T11:23:04","date_gmt":"2023-09-18T09:23:04","guid":{"rendered":"https:\/\/www.claret.cat\/llibre\/la-vuelta-al-mundo-9788402428868\/"},"modified":"2024-04-30T13:11:30","modified_gmt":"2024-04-30T11:11:30","slug":"la-vuelta-al-mundo-9788402428868","status":"publish","type":"product","link":"https:\/\/www.claret.cat\/es\/libro\/la-vuelta-al-mundo-9788402428868\/","title":{"rendered":"LA VUELTA AL MUNDO"},"content":{"rendered":"<p>\u00a1Para llevar a cabo la misi\u00f3n que les encomienda el S\u00faper, Mortadelo y Filem\u00f3n habr\u00e1n de dar la vuelta al mundo! \u00a1El S\u00faper convoca a Mortadelo y Filem\u00f3n a su despacho de la T.I.A. porque les encargar\u00e1 una nueva misi\u00f3n! Esto no tendr\u00eda nada de extraordinario si no fuese porque para cumplir el encargo tendr\u00e1n que dar la vuelta al mundo. En esta aventura pasar\u00e1n por las principales ciudades del planeta y sus monumentos m\u00e1s representativos, como la estatua de la Libertad en Nueva York, el Coliseo de Roma, la torre Eiffel de Par\u00eds y otras ciudades que har\u00e1n de esta aventura una de las m\u00e1s recordadas de Mortadelo y Filem\u00f3n.<\/p>\n","protected":false},"excerpt":{"rendered":"<p>IB\u00c1\u00d1EZ, FRANCISCO<\/p>\n","protected":false},"featured_media":953628,"template":"","meta":{"_acf_changed":false,"om_disable_all_campaigns":false,"rs_blank_template":"","rs_page_bg_color":"","slide_template_v7":"","inline_featured_image":false,"_monsterinsights_skip_tracking":false,"_monsterinsights_sitenote_active":false,"_monsterinsights_sitenote_note":"","_monsterinsights_sitenote_category":0},"product_brand":[],"product_cat":[108,558],"product_tag":[],"class_list":{"0":"post-782081","1":"product","2":"type-product","3":"status-publish","4":"has-post-thumbnail","6":"product_cat-comic","7":"product_cat-comic-3_infantil-juvenil-spa-spa","9":"first","10":"instock","11":"taxable","12":"shipping-taxable","13":"purchasable","14":"product-type-simple"},"acf":{"autor":"IB\u00c1\u00d1EZ, FRANCISCO","codart":"840242886","libros-coleccion":"Bruguera Cl\u00e1sica","ediciones":"1","encuadernacion":"R\u00fastica","fecha_de_publicacion":"01\/09\/2023","novedad":"1","paginas":"43","subtitulo":"","orden":"0","portada":"0","idioma":"spa","editorial":[{"ID":147572,"post_author":"3","post_date":"2022-10-14 11:51:36","post_date_gmt":"2022-10-14 09:51:36","post_content":"","post_title":"BRUGUERA, EDITORIAL","post_excerpt":"","post_status":"publish","comment_status":"closed","ping_status":"closed","post_password":"","post_name":"bruguera-editorial","to_ping":"","pinged":"","post_modified":"2022-10-14 11:51:36","post_modified_gmt":"2022-10-14 09:51:36","post_content_filtered":"","post_parent":0,"guid":"http:\/\/dev.claret.cat\/editorial\/bruguera-editorial\/","menu_order":0,"post_type":"editorial","post_mime_type":"","comment_count":"0","filter":"raw"}],"autores-libros":[{"ID":156255,"post_author":"3","post_date":"2022-10-14 15:19:21","post_date_gmt":"2022-10-14 13:19:21","post_content":"","post_title":"FRANCISCO IBA\u00d1EZ","post_excerpt":"","post_status":"publish","comment_status":"closed","ping_status":"closed","post_password":"","post_name":"francisco-ibanez","to_ping":"","pinged":"","post_modified":"2022-10-14 15:19:21","post_modified_gmt":"2022-10-14 13:19:21","post_content_filtered":"","post_parent":0,"guid":"http:\/\/dev.claret.cat\/autor\/francisco-ibanez\/","menu_order":0,"post_type":"autor","post_mime_type":"","comment_count":"0","filter":"raw"}]},"aioseo_notices":[],"_links":{"self":[{"href":"https:\/\/www.claret.cat\/es\/wp-json\/wp\/v2\/product\/782081","targetHints":{"allow":["GET"]}}],"collection":[{"href":"https:\/\/www.claret.cat\/es\/wp-json\/wp\/v2\/product"}],"about":[{"href":"https:\/\/www.claret.cat\/es\/wp-json\/wp\/v2\/types\/product"}],"wp:featuredmedia":[{"embeddable":true,"href":"https:\/\/www.claret.cat\/es\/wp-json\/wp\/v2\/media\/953628"}],"wp:attachment":[{"href":"https:\/\/www.claret.cat\/es\/wp-json\/wp\/v2\/media?parent=782081"}],"wp:term":[{"taxonomy":"product_brand","embeddable":true,"href":"https:\/\/www.claret.cat\/es\/wp-json\/wp\/v2\/product_brand?post=782081"},{"taxonomy":"product_cat","embeddable":true,"href":"https:\/\/www.claret.cat\/es\/wp-json\/wp\/v2\/product_cat?post=782081"},{"taxonomy":"product_tag","embeddable":true,"href":"https:\/\/www.claret.cat\/es\/wp-json\/wp\/v2\/product_tag?post=782081"}],"curies":[{"name":"wp","href":"https:\/\/api.w.org\/{rel}","templated":true}]}}