{"id":782086,"date":"2023-09-18T11:23:33","date_gmt":"2023-09-18T09:23:33","guid":{"rendered":"https:\/\/www.claret.cat\/llibre\/ibanez-edicio-en-catala-9788402428929\/"},"modified":"2024-05-25T13:15:06","modified_gmt":"2024-05-25T11:15:06","slug":"ibanez-edicio-en-catala-9788402428929","status":"publish","type":"product","link":"https:\/\/www.claret.cat\/es\/libro\/ibanez-edicio-en-catala-9788402428929\/","title":{"rendered":"IB\u00c1\u00d1EZ (EDICI\u00d3 EN CATAL\u00c0)"},"content":{"rendered":"<p>Llibre homenatge a l&#8217;autor m\u00e9s popular de l&#8217;hist\u00f2ria del c\u00f2mic nacional: Francisco Ib\u00e1\u00f1ez. A partir de la pregunta \u00abPer qu\u00e8 ens agrada tant Ib\u00e1\u00f1ez?\u00bb, el periodista i cr\u00edtic cultural Jordi Canyiss\u00e0 s&#8217;endinsar\u00e0 a l&#8217;obra del autor seguint tres grans eixos: el dibuix, l&#8221;humor i les hist\u00f2ries. Comicitat, perspectiva \u2018Iba\u00f1esca&#8217;, tra\u00e7, expressivitat gr\u00e0fica, guions hilarants&#8230; Tot a trav\u00e9s d&#8217;una excel\u00b7lent mostra de vinyetes ide dibuixos originals de Mortadell\u00b7lo i Filem\u00f3m, 13, rue del Percebe, El botones Sacarino, Pepe Gotera y Otilio, Rompetechos i m\u00e9s, trets de la inacabable imaginaci\u00f3 d&#8217;Ib\u00e1\u00f1ez. Un llibre que es far\u00e0 imprescindible des de la primera edici\u00f3. * Edici\u00f3 de luxe: amb material in\u00e8dit i p\u00e0gines reprodu\u00efdes directament dels originals de Rompetechos, Mortadel\u00b7lo i Filem\u00f3 (algunes m\u00edtiques com El sulfato at\u00f3mico, altres emblem\u00e0tiques com Barcelona 92) o 13 R\u00fae del Percebe, entre d&#8217;altres. * Una cuidada sel\u00b7lecci\u00f3 de vinyetes i elements gr\u00e0fics d&#8217;Ib\u00e1\u00f1ez: detalls, lettering, expressions, composicions, guions, guardes, p\u00e0gines a llapis, tinta i color. 192 p\u00e0gines a tot color, amb textos explicatius i maqueta premium. * Amb un cap\u00edtol especial d&#8217;homenatge per part de veus del mon de la cultura i de la comunicaci\u00f3 i autors de c\u00f2mic nacional que dialoguen amb l&#8217;obra d&#8217;Ib\u00e1\u00f1ez ambuna p\u00e0gina in\u00e8dita feta per cada un d&#8221;ells. 40 col\u00b7lboracions que homenatgen amb paraules i vinyetes a Francisco Ib\u00e1\u00f1ez.<\/p>\n","protected":false},"excerpt":{"rendered":"<p>CANYISS\u00c0, JORDI \/ IB\u00c1\u00d1EZ, FRANCISCO<\/p>\n","protected":false},"featured_media":783996,"template":"","meta":{"_acf_changed":false,"om_disable_all_campaigns":false,"rs_blank_template":"","rs_page_bg_color":"","slide_template_v7":"","inline_featured_image":false,"_monsterinsights_skip_tracking":false,"_monsterinsights_sitenote_active":false,"_monsterinsights_sitenote_note":"","_monsterinsights_sitenote_category":0},"product_brand":[],"product_cat":[114,563],"product_tag":[],"class_list":{"0":"post-782086","1":"product","2":"type-product","3":"status-publish","4":"has-post-thumbnail","6":"product_cat-humor-grafic","7":"product_cat-humor-grafico","9":"first","10":"instock","11":"taxable","12":"shipping-taxable","13":"purchasable","14":"product-type-simple"},"acf":{"autor":"CANYISS\u00c0, JORDI \/ IB\u00c1\u00d1EZ, FRANCISCO","codart":"840242892","libros-coleccion":"Bruguera Cl\u00e1sica","ediciones":"1","encuadernacion":"Carton\u00e9","fecha_de_publicacion":"01\/09\/2023","novedad":"1","paginas":"189","subtitulo":"EL MESTRE DE LA HISTORIETA","orden":"0","portada":"0","idioma":"cat","editorial":[{"ID":147572,"post_author":"3","post_date":"2022-10-14 11:51:36","post_date_gmt":"2022-10-14 09:51:36","post_content":"","post_title":"BRUGUERA, EDITORIAL","post_excerpt":"","post_status":"publish","comment_status":"closed","ping_status":"closed","post_password":"","post_name":"bruguera-editorial","to_ping":"","pinged":"","post_modified":"2022-10-14 11:51:36","post_modified_gmt":"2022-10-14 09:51:36","post_content_filtered":"","post_parent":0,"guid":"http:\/\/dev.claret.cat\/editorial\/bruguera-editorial\/","menu_order":0,"post_type":"editorial","post_mime_type":"","comment_count":"0","filter":"raw"}],"autores-libros":[{"ID":156255,"post_author":"3","post_date":"2022-10-14 15:19:21","post_date_gmt":"2022-10-14 13:19:21","post_content":"","post_title":"FRANCISCO IBA\u00d1EZ","post_excerpt":"","post_status":"publish","comment_status":"closed","ping_status":"closed","post_password":"","post_name":"francisco-ibanez","to_ping":"","pinged":"","post_modified":"2022-10-14 15:19:21","post_modified_gmt":"2022-10-14 13:19:21","post_content_filtered":"","post_parent":0,"guid":"http:\/\/dev.claret.cat\/autor\/francisco-ibanez\/","menu_order":0,"post_type":"autor","post_mime_type":"","comment_count":"0","filter":"raw"},{"ID":782057,"post_author":"3","post_date":"2023-09-18 11:21:48","post_date_gmt":"2023-09-18 09:21:48","post_content":"","post_title":"JORDI CANYISS\u00c0","post_excerpt":"","post_status":"publish","comment_status":"closed","ping_status":"closed","post_password":"","post_name":"jordi-canyissa","to_ping":"","pinged":"","post_modified":"2023-09-18 11:21:48","post_modified_gmt":"2023-09-18 09:21:48","post_content_filtered":"","post_parent":0,"guid":"https:\/\/www.claret.cat\/autor\/jordi-canyissa\/","menu_order":0,"post_type":"autor","post_mime_type":"","comment_count":"0","filter":"raw"}]},"aioseo_notices":[],"_links":{"self":[{"href":"https:\/\/www.claret.cat\/es\/wp-json\/wp\/v2\/product\/782086","targetHints":{"allow":["GET"]}}],"collection":[{"href":"https:\/\/www.claret.cat\/es\/wp-json\/wp\/v2\/product"}],"about":[{"href":"https:\/\/www.claret.cat\/es\/wp-json\/wp\/v2\/types\/product"}],"wp:featuredmedia":[{"embeddable":true,"href":"https:\/\/www.claret.cat\/es\/wp-json\/wp\/v2\/media\/783996"}],"wp:attachment":[{"href":"https:\/\/www.claret.cat\/es\/wp-json\/wp\/v2\/media?parent=782086"}],"wp:term":[{"taxonomy":"product_brand","embeddable":true,"href":"https:\/\/www.claret.cat\/es\/wp-json\/wp\/v2\/product_brand?post=782086"},{"taxonomy":"product_cat","embeddable":true,"href":"https:\/\/www.claret.cat\/es\/wp-json\/wp\/v2\/product_cat?post=782086"},{"taxonomy":"product_tag","embeddable":true,"href":"https:\/\/www.claret.cat\/es\/wp-json\/wp\/v2\/product_tag?post=782086"}],"curies":[{"name":"wp","href":"https:\/\/api.w.org\/{rel}","templated":true}]}}