{"id":7825,"date":"2022-09-16T12:20:50","date_gmt":"2022-09-16T10:20:50","guid":{"rendered":"http:\/\/dev.claret.cat\/producte\/la-planificacion-pastoral-al-servicio-de-la-mision\/"},"modified":"2026-04-14T11:45:40","modified_gmt":"2026-04-14T09:45:40","slug":"la-planificacion-pastoral-al-servicio-de-la-mision-9788498420654","status":"publish","type":"product","link":"https:\/\/www.claret.cat\/es\/libro\/la-planificacion-pastoral-al-servicio-de-la-mision-9788498420654\/","title":{"rendered":"LA PLANIFICACI\u00d3N PASTORAL AL SERVICIO DE LA MISI\u00d3N"},"content":{"rendered":"<p>Reflexi\u00f3n y teolog\u00eda de la acci\u00f3n pastoral.<\/p>\n","protected":false},"excerpt":{"rendered":"<p>ALTABA, VICENTE<\/p>\n","protected":false},"featured_media":1096631,"template":"","meta":{"_acf_changed":false,"om_disable_all_campaigns":false,"rs_blank_template":"","rs_page_bg_color":"","slide_template_v7":"","inline_featured_image":false,"_monsterinsights_skip_tracking":false,"_monsterinsights_sitenote_active":false,"_monsterinsights_sitenote_note":"","_monsterinsights_sitenote_category":0},"product_brand":[],"product_cat":[484,228,409,271,227,389,344,78],"product_tag":[],"class_list":{"0":"post-7825","1":"product","2":"type-product","3":"status-publish","4":"has-post-thumbnail","6":"product_cat-dosieres","7":"product_cat-dossiers","8":"product_cat-en-general-pastoral-1_espiritualidad","9":"product_cat-en-general","10":"product_cat-formacio","11":"product_cat-formacion","12":"product_cat-pastoral-1_espiritualidad","13":"product_cat-pastoral","15":"first","16":"outofstock","17":"taxable","18":"shipping-taxable","19":"purchasable","20":"product-type-simple"},"acf":{"autor":"ALTABA, VICENTE","codart":"849842065","libros-coleccion":"Agentes PJ","ediciones":"1","encuadernacion":"R\u00fastica","fecha_de_publicacion":"09\/03\/2007","novedad":"0","paginas":"220","subtitulo":"POR QU\u00c9 Y C\u00d3MO PLANIFICAR LA ACCI\u00d3N PASTORAL","orden":"999","portada":"0","idioma":"spa","editorial":[{"ID":6155,"post_author":"3","post_date":"2022-07-28 17:46:04","post_date_gmt":"2022-07-28 15:46:04","post_content":"","post_title":"Central Catequ\u00edstica Salesiana","post_excerpt":"","post_status":"publish","comment_status":"closed","ping_status":"closed","post_password":"","post_name":"central-catequistica-salesiana","to_ping":"","pinged":"","post_modified":"2022-07-28 17:46:04","post_modified_gmt":"2022-07-28 15:46:04","post_content_filtered":"","post_parent":0,"guid":"http:\/\/dev.claret.cat\/editorial\/central-catequistica-salesiana\/","menu_order":0,"post_type":"editorial","post_mime_type":"","comment_count":"0","filter":"raw"}],"autores-libros":[{"ID":8450,"post_author":"3","post_date":"2022-09-30 09:48:40","post_date_gmt":"2022-09-30 07:48:40","post_content":"","post_title":"VICENTE ALTABA GARGALLO","post_excerpt":"","post_status":"publish","comment_status":"closed","ping_status":"closed","post_password":"","post_name":"vicente-altaba-gargallo","to_ping":"","pinged":"","post_modified":"2022-09-30 09:48:40","post_modified_gmt":"2022-09-30 07:48:40","post_content_filtered":"","post_parent":0,"guid":"http:\/\/dev.claret.cat\/autor\/vicente-altaba-gargallo\/","menu_order":0,"post_type":"autor","post_mime_type":"","comment_count":"0","filter":"raw"}],"booktrailer":"","resenas":""},"aioseo_notices":[],"_links":{"self":[{"href":"https:\/\/www.claret.cat\/es\/wp-json\/wp\/v2\/product\/7825","targetHints":{"allow":["GET"]}}],"collection":[{"href":"https:\/\/www.claret.cat\/es\/wp-json\/wp\/v2\/product"}],"about":[{"href":"https:\/\/www.claret.cat\/es\/wp-json\/wp\/v2\/types\/product"}],"wp:featuredmedia":[{"embeddable":true,"href":"https:\/\/www.claret.cat\/es\/wp-json\/wp\/v2\/media\/1096631"}],"wp:attachment":[{"href":"https:\/\/www.claret.cat\/es\/wp-json\/wp\/v2\/media?parent=7825"}],"wp:term":[{"taxonomy":"product_brand","embeddable":true,"href":"https:\/\/www.claret.cat\/es\/wp-json\/wp\/v2\/product_brand?post=7825"},{"taxonomy":"product_cat","embeddable":true,"href":"https:\/\/www.claret.cat\/es\/wp-json\/wp\/v2\/product_cat?post=7825"},{"taxonomy":"product_tag","embeddable":true,"href":"https:\/\/www.claret.cat\/es\/wp-json\/wp\/v2\/product_tag?post=7825"}],"curies":[{"name":"wp","href":"https:\/\/api.w.org\/{rel}","templated":true}]}}