{"id":782837,"date":"2023-09-18T12:29:02","date_gmt":"2023-09-18T10:29:02","guid":{"rendered":"https:\/\/www.claret.cat\/llibre\/diarios-zombi-2-que-no-pare-la-muuusica-9788427234284\/"},"modified":"2025-04-07T11:48:15","modified_gmt":"2025-04-07T09:48:15","slug":"diarios-zombi-2-que-no-pare-la-muuusica-9788427234284","status":"publish","type":"product","link":"https:\/\/www.claret.cat\/es\/libro\/diarios-zombi-2-que-no-pare-la-muuusica-9788427234284\/","title":{"rendered":"DIARIOS ZOMBI 2 &#8211; \u00a1QUE NO PARE LA M\u00da\u00da\u00daSICA!"},"content":{"rendered":"<p>\u00a1\u00bfPODR\u00c1N JIMMY Y SUS AMIGOS SOBREVIVIR AL VACAPOCALIPSIS?!  Llega la segunda parte de esta serie desternillante, llena de zombis, explosiones, aventuras y&#8230; \u00bfvacas? \u00a1HOLA! Me llamo Jimmy y TODAV\u00cdA estoy viviendo en un VACAPOCALIPSIS, y todo el mundo sigue mugiendo y babeando sin parar.Al parecer, el plan que ten\u00edamos para encontrar una cura para este virus zombi no es tan sencillo como parece. Pero ni mis amigos Daisy y Hooey ni yo nos vamos a rendir. Estamos seguros de que las babas de mi perro gigante son la soluci\u00f3n para salvar el mundo. En esta desternillante serie encontrar\u00e1s: *Una historia divertida y accesible en formato diario, ideal para lectores reticentes.*Ilustraciones tipo c\u00f3mic que mantendr\u00e1n el inter\u00e9s de los ni\u00f1os y ni\u00f1as. *Una narraci\u00f3n hilarante y alocada que encantar\u00e1 a los lectores.<\/p>\n","protected":false},"excerpt":{"rendered":"<p>EDMONDS, GUY \/ ZEREMES, MATT<\/p>\n","protected":false},"featured_media":782838,"template":"","meta":{"_acf_changed":false,"om_disable_all_campaigns":false,"rs_blank_template":"","rs_page_bg_color":"","slide_template_v7":"","inline_featured_image":false,"_monsterinsights_skip_tracking":false,"_monsterinsights_sitenote_active":false,"_monsterinsights_sitenote_note":"","_monsterinsights_sitenote_category":0},"product_brand":[],"product_cat":[132,362],"product_tag":[],"class_list":{"0":"post-782837","1":"product","2":"type-product","3":"status-publish","4":"has-post-thumbnail","6":"product_cat-lectures-per-preadolescents-6-12-anys","7":"product_cat-libros-preadolescentes-6-12-anos","9":"first","10":"instock","11":"taxable","12":"shipping-taxable","13":"purchasable","14":"product-type-simple"},"acf":{"autor":"EDMONDS, GUY \/ ZEREMES, MATT","codart":"842723428","libros-coleccion":"FICCI\u00d3N KIDS","ediciones":"1","encuadernacion":"Carton\u00e9","fecha_de_publicacion":"01\/09\/2023","novedad":"1","paginas":"251","subtitulo":"","orden":"0","portada":"0","idioma":"spa","editorial":[{"ID":6346,"post_author":"3","post_date":"2022-07-28 17:50:13","post_date_gmt":"2022-07-28 15:50:13","post_content":"","post_title":"RBA Molino","post_excerpt":"","post_status":"publish","comment_status":"closed","ping_status":"closed","post_password":"","post_name":"rba-molino","to_ping":"","pinged":"","post_modified":"2022-07-28 17:50:13","post_modified_gmt":"2022-07-28 15:50:13","post_content_filtered":"","post_parent":0,"guid":"http:\/\/dev.claret.cat\/editorial\/rba-molino\/","menu_order":0,"post_type":"editorial","post_mime_type":"","comment_count":"0","filter":"raw"}],"autores-libros":[{"ID":379720,"post_author":"3","post_date":"2023-02-02 12:16:38","post_date_gmt":"2023-02-02 11:16:38","post_content":"","post_title":"GUY EDMONDS","post_excerpt":"","post_status":"publish","comment_status":"closed","ping_status":"closed","post_password":"","post_name":"guy-edmonds","to_ping":"","pinged":"","post_modified":"2023-02-02 12:16:38","post_modified_gmt":"2023-02-02 11:16:38","post_content_filtered":"","post_parent":0,"guid":"https:\/\/www.claret.cat\/autor\/guy-edmonds\/","menu_order":0,"post_type":"autor","post_mime_type":"","comment_count":"0","filter":"raw"},{"ID":379721,"post_author":"3","post_date":"2023-02-02 12:16:39","post_date_gmt":"2023-02-02 11:16:39","post_content":"","post_title":"MATT ZEREMES","post_excerpt":"","post_status":"publish","comment_status":"closed","ping_status":"closed","post_password":"","post_name":"matt-zeremes","to_ping":"","pinged":"","post_modified":"2023-02-02 12:16:39","post_modified_gmt":"2023-02-02 11:16:39","post_content_filtered":"","post_parent":0,"guid":"https:\/\/www.claret.cat\/autor\/matt-zeremes\/","menu_order":0,"post_type":"autor","post_mime_type":"","comment_count":"0","filter":"raw"}]},"aioseo_notices":[],"_links":{"self":[{"href":"https:\/\/www.claret.cat\/es\/wp-json\/wp\/v2\/product\/782837","targetHints":{"allow":["GET"]}}],"collection":[{"href":"https:\/\/www.claret.cat\/es\/wp-json\/wp\/v2\/product"}],"about":[{"href":"https:\/\/www.claret.cat\/es\/wp-json\/wp\/v2\/types\/product"}],"wp:featuredmedia":[{"embeddable":true,"href":"https:\/\/www.claret.cat\/es\/wp-json\/wp\/v2\/media\/782838"}],"wp:attachment":[{"href":"https:\/\/www.claret.cat\/es\/wp-json\/wp\/v2\/media?parent=782837"}],"wp:term":[{"taxonomy":"product_brand","embeddable":true,"href":"https:\/\/www.claret.cat\/es\/wp-json\/wp\/v2\/product_brand?post=782837"},{"taxonomy":"product_cat","embeddable":true,"href":"https:\/\/www.claret.cat\/es\/wp-json\/wp\/v2\/product_cat?post=782837"},{"taxonomy":"product_tag","embeddable":true,"href":"https:\/\/www.claret.cat\/es\/wp-json\/wp\/v2\/product_tag?post=782837"}],"curies":[{"name":"wp","href":"https:\/\/api.w.org\/{rel}","templated":true}]}}