{"id":782851,"date":"2023-09-18T12:30:06","date_gmt":"2023-09-18T10:30:06","guid":{"rendered":"https:\/\/www.claret.cat\/llibre\/diaris-zombi-2-que-no-pari-la-muuusica-9788427234291\/"},"modified":"2025-04-07T11:48:44","modified_gmt":"2025-04-07T09:48:44","slug":"diaris-zombi-2-que-no-pari-la-muuusica-9788427234291","status":"publish","type":"product","link":"https:\/\/www.claret.cat\/es\/libro\/diaris-zombi-2-que-no-pari-la-muuusica-9788427234291\/","title":{"rendered":"DIARIS ZOMBI 2 &#8211; QUE NO PARI LA M\u00da\u00da\u00daSICA!"},"content":{"rendered":"<p>PODRAN EL JIMMY I ELS SEUS AMICS SOBREVIURE AL VACAPOCALIPSI?  Arriba la segona part d&#8221;aquesta s\u00e8rie que et far\u00e0 morir deriure, plena de zombis, explosions, aventures i&#8230; vaques? HOLA! Soc el Jimmy i ENCARA estic vivint una VACAPOCALIPSI, i tothom continua mugint i bavejant sense parar.Pel que es veu, el pla que ten\u00edem per trobar una cura per a aquest virus zombi no \u00e9s tan senzill com sembla. Per\u00f2 ni els meus amics, la Daisy i el Hooey, ni jo ens rendirem. Estem segurs que les baves del meu gos gegant, l&#8221;Os, s\u00f3n la soluci\u00f3 per salvar el m\u00f3n. A aquesta divertid\u00edssima s\u00e8rie hi trobar\u00e0s:*Una hist\u00f2ria graciosa i accessible en format diari, ideal per a lectors reticents. *Il\u00b7lustracions tipus c\u00f2mic que mantindran l&#8221;inter\u00e8s dels nens i nenes. *Una narraci\u00f3 hilarant i esbojarrada que encantar\u00e0 als lectors.*Una aventura per morir-se de riure, incre\u00efblement original i amb sorpreses a cada p\u00e0gina.<\/p>\n","protected":false},"excerpt":{"rendered":"<p>EDMONDS, GUY \/ ZEREMES, MATT<\/p>\n","protected":false},"featured_media":782852,"template":"","meta":{"_acf_changed":false,"om_disable_all_campaigns":false,"rs_blank_template":"","rs_page_bg_color":"","slide_template_v7":"","inline_featured_image":false,"_monsterinsights_skip_tracking":false,"_monsterinsights_sitenote_active":false,"_monsterinsights_sitenote_note":"","_monsterinsights_sitenote_category":0},"product_brand":[],"product_cat":[90,540],"product_tag":[],"class_list":{"0":"post-782851","1":"product","2":"type-product","3":"status-publish","4":"has-post-thumbnail","6":"product_cat-altres","7":"product_cat-otros","9":"first","10":"instock","11":"taxable","12":"shipping-taxable","13":"purchasable","14":"product-type-simple"},"acf":{"autor":"EDMONDS, GUY \/ ZEREMES, MATT","codart":"842723429","libros-coleccion":"","ediciones":"1","encuadernacion":"Carton\u00e9","fecha_de_publicacion":"01\/09\/2023","novedad":"1","paginas":"251","subtitulo":"","orden":"0","portada":"0","idioma":"cat","editorial":[{"ID":6346,"post_author":"3","post_date":"2022-07-28 17:50:13","post_date_gmt":"2022-07-28 15:50:13","post_content":"","post_title":"RBA Molino","post_excerpt":"","post_status":"publish","comment_status":"closed","ping_status":"closed","post_password":"","post_name":"rba-molino","to_ping":"","pinged":"","post_modified":"2022-07-28 17:50:13","post_modified_gmt":"2022-07-28 15:50:13","post_content_filtered":"","post_parent":0,"guid":"http:\/\/dev.claret.cat\/editorial\/rba-molino\/","menu_order":0,"post_type":"editorial","post_mime_type":"","comment_count":"0","filter":"raw"}],"autores-libros":[{"ID":379720,"post_author":"3","post_date":"2023-02-02 12:16:38","post_date_gmt":"2023-02-02 11:16:38","post_content":"","post_title":"GUY EDMONDS","post_excerpt":"","post_status":"publish","comment_status":"closed","ping_status":"closed","post_password":"","post_name":"guy-edmonds","to_ping":"","pinged":"","post_modified":"2023-02-02 12:16:38","post_modified_gmt":"2023-02-02 11:16:38","post_content_filtered":"","post_parent":0,"guid":"https:\/\/www.claret.cat\/autor\/guy-edmonds\/","menu_order":0,"post_type":"autor","post_mime_type":"","comment_count":"0","filter":"raw"},{"ID":379721,"post_author":"3","post_date":"2023-02-02 12:16:39","post_date_gmt":"2023-02-02 11:16:39","post_content":"","post_title":"MATT ZEREMES","post_excerpt":"","post_status":"publish","comment_status":"closed","ping_status":"closed","post_password":"","post_name":"matt-zeremes","to_ping":"","pinged":"","post_modified":"2023-02-02 12:16:39","post_modified_gmt":"2023-02-02 11:16:39","post_content_filtered":"","post_parent":0,"guid":"https:\/\/www.claret.cat\/autor\/matt-zeremes\/","menu_order":0,"post_type":"autor","post_mime_type":"","comment_count":"0","filter":"raw"}]},"aioseo_notices":[],"_links":{"self":[{"href":"https:\/\/www.claret.cat\/es\/wp-json\/wp\/v2\/product\/782851","targetHints":{"allow":["GET"]}}],"collection":[{"href":"https:\/\/www.claret.cat\/es\/wp-json\/wp\/v2\/product"}],"about":[{"href":"https:\/\/www.claret.cat\/es\/wp-json\/wp\/v2\/types\/product"}],"wp:featuredmedia":[{"embeddable":true,"href":"https:\/\/www.claret.cat\/es\/wp-json\/wp\/v2\/media\/782852"}],"wp:attachment":[{"href":"https:\/\/www.claret.cat\/es\/wp-json\/wp\/v2\/media?parent=782851"}],"wp:term":[{"taxonomy":"product_brand","embeddable":true,"href":"https:\/\/www.claret.cat\/es\/wp-json\/wp\/v2\/product_brand?post=782851"},{"taxonomy":"product_cat","embeddable":true,"href":"https:\/\/www.claret.cat\/es\/wp-json\/wp\/v2\/product_cat?post=782851"},{"taxonomy":"product_tag","embeddable":true,"href":"https:\/\/www.claret.cat\/es\/wp-json\/wp\/v2\/product_tag?post=782851"}],"curies":[{"name":"wp","href":"https:\/\/api.w.org\/{rel}","templated":true}]}}