{"id":782887,"date":"2023-09-18T12:34:01","date_gmt":"2023-09-18T10:34:01","guid":{"rendered":"https:\/\/www.claret.cat\/llibre\/el-infinito-en-un-junco-adaptacion-grafica-9788419399151\/"},"modified":"2024-05-03T11:49:08","modified_gmt":"2024-05-03T09:49:08","slug":"el-infinito-en-un-junco-adaptacion-grafica-9788419399151","status":"publish","type":"product","link":"https:\/\/www.claret.cat\/es\/libro\/el-infinito-en-un-junco-adaptacion-grafica-9788419399151\/","title":{"rendered":"EL INFINITO EN UN JUNCO (ADAPTACI\u00d3N GR\u00c1FICA)"},"content":{"rendered":"<p>La adaptaci\u00f3n gr\u00e1fica del ensayo revelaci\u00f3n de nuestro tiempo, traducido a 35 idiomas, y con m\u00e1s de un mill\u00f3n de ejemplares vendidos en todo el mundo.    PREMIO NACIONAL DE ENSAYO PREMIO DE LA ASOCIACI\u00d3N DE LAS LIBRER\u00cdAS DE MADRID PREMIO EL OJO CR\u00cdTICO DE NARRATIVAPREMIO LAS LIBRER\u00cdAS RECOMIENDAN PREMIO JOS\u00c9 ANTONIO LABORDETA PREMIO ANTONIO SANCHA PREMIO ARAG\u00d3N 2021 PREMIO WENJIN DE LA BIBLIOTECA NACIONAL DE CHINA PREMIO INTERNACIONAL DE ENSAYO HENR\u00cdQUEZ URE\u00d1A DE LA ACADEMIA MEXICANA DE LA LENGUA El infinito en un junco, de Irene Vallejo, es un canto extraordinario al amor por los libros que ha seducido a millones de personas en todo el mundo. Este libro sobre libros emprende un nuevo vuelo en forma de adaptaci\u00f3n gr\u00e1fica a cargo del dibujante Tyto Alba, cuyas excepcionales ilustraciones nos trasladan a los campos de batalla de Alejandro Magno, los palacios de Cleopatra, las primeras librer\u00edas y los talleres de copia manuscrita, pero tambi\u00e9n a las hogueras donde ardieron c\u00f3dices prohibidos, la biblioteca bombardeada de Sarajevo y el laberinto subterr\u00e1neo de Oxford en el a\u00f1o 2000. Estos dibujos y acuarelas, que cuentan la historia de un artefacto incomparable nacido hace cinco milenios, cuando los egipcios descubrieron el potencial de un junco al que llamaron papiro, nos hacen part\u00edcipes de la aventura colectiva de quienes han salvaguardado los libros durante casi tres mil a\u00f1os.Rese\u00f1as: \u00abUn precioso testimonio de amor por los cl\u00e1sicos, los libros, las bibliotecas y la lectura\u00bb.<br \/>Nuccio Ordine \u00abMuy bien escrito, con p\u00e1ginas realmente admirables; el amor a los libros y a la lectura son la atm\u00f3sfera en la que transcurren las p\u00e1ginas de esta obra maestra. Tengo la seguridad absoluta de que se seguir\u00e1 leyendo cuando sus lectores de ahora est\u00e9n ya en la otra vida\u00bb.<br \/>Mario Vargas Llosa\u00abEsos libros que te desbravan, que te doman, que te imponen el ritmo de lectura, que te quitan los nervios, no suelen encontrarse, pese a ser tan necesarios, en las primeras l\u00edneas de las mesas de novedades.El \u00faltimo de los descubiertos por m\u00ed se titula El infinito en un junco y es de Irene Vallejo\u00bb.<br \/>Juan Jos\u00e9 Mill\u00e1s \u00abUna admirable indagaci\u00f3n sobre los or\u00edgenes del mayor instrumento de libertad que se ha dado el ser humano: el libro\u00bb.<br \/>Rafael Argullol<\/p>\n<p>\u00abLos libros de Irene Vallejo, claros e inteligentes, se leen muy bien e invitan a pensar. En la mejor l\u00ednea humanista\u00bb.<br \/>Carlos Garc\u00eda Gual\u00abSe puede ser un fil\u00f3logo magistral y al mismo tiempo escribir como los \u00e1ngeles. Irene Vallejo riza el rizo de la comunicaci\u00f3n hasta convertir su di\u00e1logo con el lector en una fiesta literaria\u00bb.<br \/>Luis Alberto de Cuenca<\/p>\n","protected":false},"excerpt":{"rendered":"<p>ALBA, TYTO \/ VALLEJO, IRENE<\/p>\n","protected":false},"featured_media":783210,"template":"","meta":{"_acf_changed":false,"om_disable_all_campaigns":false,"rs_blank_template":"","rs_page_bg_color":"","slide_template_v7":"","inline_featured_image":false,"_monsterinsights_skip_tracking":false,"_monsterinsights_sitenote_active":false,"_monsterinsights_sitenote_note":"","_monsterinsights_sitenote_category":0},"product_brand":[],"product_cat":[90,540,105,555],"product_tag":[],"class_list":{"0":"post-782887","1":"product","2":"type-product","3":"status-publish","4":"has-post-thumbnail","6":"product_cat-altres","7":"product_cat-otros","8":"product_cat-regal","9":"product_cat-regalo","11":"first","12":"instock","13":"taxable","14":"shipping-taxable","15":"purchasable","16":"product-type-simple"},"acf":{"autor":"ALBA, TYTO \/ VALLEJO, IRENE","codart":"841939915","libros-coleccion":"Ensayo y Pensamiento","ediciones":"1","encuadernacion":"Carton\u00e9","fecha_de_publicacion":"01\/09\/2023","novedad":"1","paginas":"183","subtitulo":"","orden":"0","portada":"1","idioma":"spa","editorial":[{"ID":6177,"post_author":"3","post_date":"2022-07-28 17:46:33","post_date_gmt":"2022-07-28 15:46:33","post_content":"","post_title":"DEBATE","post_excerpt":"","post_status":"publish","comment_status":"closed","ping_status":"closed","post_password":"","post_name":"debate","to_ping":"","pinged":"","post_modified":"2022-07-28 17:46:33","post_modified_gmt":"2022-07-28 15:46:33","post_content_filtered":"","post_parent":0,"guid":"http:\/\/dev.claret.cat\/editorial\/debate\/","menu_order":0,"post_type":"editorial","post_mime_type":"","comment_count":"0","filter":"raw"}],"autores-libros":[{"ID":170671,"post_author":"3","post_date":"2022-10-14 22:37:14","post_date_gmt":"2022-10-14 20:37:14","post_content":"","post_title":"TYTO ALBA","post_excerpt":"","post_status":"publish","comment_status":"closed","ping_status":"closed","post_password":"","post_name":"tyto-alba","to_ping":"","pinged":"","post_modified":"2022-10-14 22:37:14","post_modified_gmt":"2022-10-14 20:37:14","post_content_filtered":"","post_parent":0,"guid":"http:\/\/dev.claret.cat\/autor\/tyto-alba\/","menu_order":0,"post_type":"autor","post_mime_type":"","comment_count":"0","filter":"raw"},{"ID":5553,"post_author":"3","post_date":"2022-07-28 17:26:27","post_date_gmt":"2022-07-28 15:26:27","post_content":"","post_title":"IRENE VALLEJO","post_excerpt":"","post_status":"publish","comment_status":"closed","ping_status":"closed","post_password":"","post_name":"irene-vallejo","to_ping":"","pinged":"","post_modified":"2022-07-28 17:26:27","post_modified_gmt":"2022-07-28 15:26:27","post_content_filtered":"","post_parent":0,"guid":"http:\/\/dev.claret.cat\/autor\/irene-vallejo\/","menu_order":0,"post_type":"autor","post_mime_type":"","comment_count":"0","filter":"raw"}]},"aioseo_notices":[],"_links":{"self":[{"href":"https:\/\/www.claret.cat\/es\/wp-json\/wp\/v2\/product\/782887","targetHints":{"allow":["GET"]}}],"collection":[{"href":"https:\/\/www.claret.cat\/es\/wp-json\/wp\/v2\/product"}],"about":[{"href":"https:\/\/www.claret.cat\/es\/wp-json\/wp\/v2\/types\/product"}],"wp:featuredmedia":[{"embeddable":true,"href":"https:\/\/www.claret.cat\/es\/wp-json\/wp\/v2\/media\/783210"}],"wp:attachment":[{"href":"https:\/\/www.claret.cat\/es\/wp-json\/wp\/v2\/media?parent=782887"}],"wp:term":[{"taxonomy":"product_brand","embeddable":true,"href":"https:\/\/www.claret.cat\/es\/wp-json\/wp\/v2\/product_brand?post=782887"},{"taxonomy":"product_cat","embeddable":true,"href":"https:\/\/www.claret.cat\/es\/wp-json\/wp\/v2\/product_cat?post=782887"},{"taxonomy":"product_tag","embeddable":true,"href":"https:\/\/www.claret.cat\/es\/wp-json\/wp\/v2\/product_tag?post=782887"}],"curies":[{"name":"wp","href":"https:\/\/api.w.org\/{rel}","templated":true}]}}