{"id":7834,"date":"2022-09-16T12:21:02","date_gmt":"2022-09-16T10:21:02","guid":{"rendered":"http:\/\/dev.claret.cat\/producte\/los-encuentros-de-jesus\/"},"modified":"2024-05-22T20:06:38","modified_gmt":"2024-05-22T18:06:38","slug":"los-encuentros-de-jesus-9788498421033","status":"publish","type":"product","link":"https:\/\/www.claret.cat\/es\/libro\/los-encuentros-de-jesus-9788498421033\/","title":{"rendered":"LOS ENCUENTROS DE JES\u00daS"},"content":{"rendered":"<p> Necesitamos dejarnos encontrar por Jes\u00fas para que su palabra llegue a lo m\u00e1s \u00edntimo de nuestras vidas. El encuentro con Jes\u00fas produce siempre novedad, vida, nueva creaci\u00f3n.<\/p>\n","protected":false},"excerpt":{"rendered":"<p>BARTOLINI, BARTOLINO;GINE<\/p>\n","protected":false},"featured_media":366551,"template":"","meta":{"_acf_changed":false,"om_disable_all_campaigns":false,"rs_blank_template":"","rs_page_bg_color":"","slide_template_v7":"","inline_featured_image":false,"_monsterinsights_skip_tracking":false,"_monsterinsights_sitenote_active":false,"_monsterinsights_sitenote_note":"","_monsterinsights_sitenote_category":0},"product_brand":[],"product_cat":[388,226,189,453,405,219,478,267],"product_tag":[],"class_list":{"0":"post-7834","1":"product","2":"type-product","3":"status-publish","4":"has-post-thumbnail","6":"product_cat-didactica-catequesis-1_espiritualidad","7":"product_cat-didactica","8":"product_cat-didactica-i-praxi-escolar","9":"product_cat-didactica-y-praxis-escolar","10":"product_cat-infantil-pastoral-1_espiritualidad","11":"product_cat-infantil-catequesi","12":"product_cat-infantil-catequesis-1_espiritualidad","13":"product_cat-infantil-pastoral","15":"first","16":"instock","17":"taxable","18":"shipping-taxable","19":"purchasable","20":"product-type-simple"},"acf":{"autor":"BARTOLINI, BARTOLINO;GINE","codart":"849842103","libros-coleccion":"P\u00f3sters Catequistas","ediciones":"1","encuadernacion":"R\u00fastica","fecha_de_publicacion":"23\/04\/2007","novedad":"0","paginas":"8","subtitulo":"","orden":"999","portada":"0","idioma":"spa","editorial":[{"ID":6155,"post_author":"3","post_date":"2022-07-28 17:46:04","post_date_gmt":"2022-07-28 15:46:04","post_content":"","post_title":"Central Catequ\u00edstica Salesiana","post_excerpt":"","post_status":"publish","comment_status":"closed","ping_status":"closed","post_password":"","post_name":"central-catequistica-salesiana","to_ping":"","pinged":"","post_modified":"2022-07-28 17:46:04","post_modified_gmt":"2022-07-28 15:46:04","post_content_filtered":"","post_parent":0,"guid":"http:\/\/dev.claret.cat\/editorial\/central-catequistica-salesiana\/","menu_order":0,"post_type":"editorial","post_mime_type":"","comment_count":"0","filter":"raw"}],"autores-libros":[{"ID":8292,"post_author":"3","post_date":"2022-09-30 09:47:28","post_date_gmt":"2022-09-30 07:47:28","post_content":"","post_title":"BARTOLINO BARTOLINI","post_excerpt":"","post_status":"publish","comment_status":"closed","ping_status":"closed","post_password":"","post_name":"bartolino-bartolini","to_ping":"","pinged":"","post_modified":"2022-09-30 09:47:28","post_modified_gmt":"2022-09-30 07:47:28","post_content_filtered":"","post_parent":0,"guid":"http:\/\/dev.claret.cat\/autor\/bartolino-bartolini\/","menu_order":0,"post_type":"autor","post_mime_type":"","comment_count":"0","filter":"raw"},{"ID":8340,"post_author":"3","post_date":"2022-09-30 09:47:50","post_date_gmt":"2022-09-30 07:47:50","post_content":"","post_title":"GUERRINO PERA","post_excerpt":"","post_status":"publish","comment_status":"closed","ping_status":"closed","post_password":"","post_name":"guerrino-pera","to_ping":"","pinged":"","post_modified":"2022-09-30 09:47:50","post_modified_gmt":"2022-09-30 07:47:50","post_content_filtered":"","post_parent":0,"guid":"http:\/\/dev.claret.cat\/autor\/guerrino-pera\/","menu_order":0,"post_type":"autor","post_mime_type":"","comment_count":"0","filter":"raw"},{"ID":8281,"post_author":"3","post_date":"2022-09-30 09:47:24","post_date_gmt":"2022-09-30 07:47:24","post_content":"","post_title":"\u00c1LVARO GINEL","post_excerpt":"","post_status":"publish","comment_status":"closed","ping_status":"closed","post_password":"","post_name":"alvaro-ginel","to_ping":"","pinged":"","post_modified":"2022-09-30 09:47:24","post_modified_gmt":"2022-09-30 07:47:24","post_content_filtered":"","post_parent":0,"guid":"http:\/\/dev.claret.cat\/autor\/alvaro-ginel\/","menu_order":0,"post_type":"autor","post_mime_type":"","comment_count":"0","filter":"raw"}]},"aioseo_notices":[],"_links":{"self":[{"href":"https:\/\/www.claret.cat\/es\/wp-json\/wp\/v2\/product\/7834","targetHints":{"allow":["GET"]}}],"collection":[{"href":"https:\/\/www.claret.cat\/es\/wp-json\/wp\/v2\/product"}],"about":[{"href":"https:\/\/www.claret.cat\/es\/wp-json\/wp\/v2\/types\/product"}],"wp:featuredmedia":[{"embeddable":true,"href":"https:\/\/www.claret.cat\/es\/wp-json\/wp\/v2\/media\/366551"}],"wp:attachment":[{"href":"https:\/\/www.claret.cat\/es\/wp-json\/wp\/v2\/media?parent=7834"}],"wp:term":[{"taxonomy":"product_brand","embeddable":true,"href":"https:\/\/www.claret.cat\/es\/wp-json\/wp\/v2\/product_brand?post=7834"},{"taxonomy":"product_cat","embeddable":true,"href":"https:\/\/www.claret.cat\/es\/wp-json\/wp\/v2\/product_cat?post=7834"},{"taxonomy":"product_tag","embeddable":true,"href":"https:\/\/www.claret.cat\/es\/wp-json\/wp\/v2\/product_tag?post=7834"}],"curies":[{"name":"wp","href":"https:\/\/api.w.org\/{rel}","templated":true}]}}