{"id":783696,"date":"2023-09-18T13:49:00","date_gmt":"2023-09-18T11:49:00","guid":{"rendered":"https:\/\/www.claret.cat\/llibre\/mas-alla-del-principio-del-placer-9788446049159\/"},"modified":"2023-10-11T02:01:48","modified_gmt":"2023-10-11T00:01:48","slug":"mas-alla-del-principio-del-placer-9788446049159","status":"publish","type":"product","link":"https:\/\/www.claret.cat\/es\/libro\/mas-alla-del-principio-del-placer-9788446049159\/","title":{"rendered":"M\u00c1S ALL\u00c1 DEL PRINCIPIO DEL PLACER"},"content":{"rendered":"<p>M\u00e1s all\u00e1 del principio de placer fue escrito por Freud entre marzo y mayo de 1919, m\u00e1s_x000D_<br \/>tarde modificada y publicada en 1920. Se la conoce como el \u00abgran giro\u00bb de la_x000D_<br \/>d\u00e9cada de 1920, pues constituye un reordenamiento te\u00f3rico fundamental de su_x000D_<br \/>teor\u00eda. En \u00e9l el autor, aunque ya hab\u00eda llamado la atenci\u00f3n sobre la compulsi\u00f3n_x000D_<br \/>de repetici\u00f3n como fen\u00f3meno cl\u00ednico, le atribuye aqu\u00ed las caracter\u00edsticas_x000D_<br \/>de una pulsi\u00f3n. Asimismo, plantea por primera vez la nueva dicotom\u00eda entre Eros_x000D_<br \/>y las pulsiones de muerte y presenta indicios del nuevo cuadro estructural de_x000D_<br \/>la mente que dominar\u00e1 todos sus escritos posteriores. Finalmente, hace su_x000D_<br \/>primera aparici\u00f3n expl\u00edcita el problema de la destructividad, cada vez m\u00e1s prominente en sus obras te\u00f3ricas.<\/p>\n","protected":false},"excerpt":{"rendered":"<p>FREUD, SIGMUND<\/p>\n","protected":false},"featured_media":783697,"template":"","meta":{"_acf_changed":false,"om_disable_all_campaigns":false,"rs_blank_template":"","rs_page_bg_color":"","slide_template_v7":"","inline_featured_image":false,"_monsterinsights_skip_tracking":false,"_monsterinsights_sitenote_active":false,"_monsterinsights_sitenote_note":"","_monsterinsights_sitenote_category":0},"product_brand":[],"product_cat":[376,178,449,181],"product_tag":[],"class_list":{"0":"post-783696","1":"product","2":"type-product","3":"status-publish","4":"has-post-thumbnail","6":"product_cat-autores-psicologia-2_humanidades","7":"product_cat-autors-psicologia","8":"product_cat-de-la-personalidad-y-del-desarrollo","9":"product_cat-de-la-personalitat-i-del-desenvolupament","11":"first","12":"instock","13":"taxable","14":"shipping-taxable","15":"purchasable","16":"product-type-simple"},"acf":{"autor":"FREUD, SIGMUND","codart":"844604915","libros-coleccion":"B\u00e1sica de bolsillo","ediciones":"1","encuadernacion":"R\u00fastica","fecha_de_publicacion":"01\/07\/2020","novedad":"1","paginas":"80","subtitulo":"","orden":"0","portada":"0","idioma":"spa","editorial":[{"ID":6115,"post_author":"3","post_date":"2022-07-28 17:45:13","post_date_gmt":"2022-07-28 15:45:13","post_content":"","post_title":"AKAL, EDICIONES S.A.","post_excerpt":"","post_status":"publish","comment_status":"closed","ping_status":"closed","post_password":"","post_name":"akal-ediciones-s-a","to_ping":"","pinged":"","post_modified":"2022-07-28 17:45:13","post_modified_gmt":"2022-07-28 15:45:13","post_content_filtered":"","post_parent":0,"guid":"http:\/\/dev.claret.cat\/editorial\/akal-ediciones-s-a\/","menu_order":0,"post_type":"editorial","post_mime_type":"","comment_count":"0","filter":"raw"}],"autores-libros":[{"ID":169458,"post_author":"3","post_date":"2022-10-14 22:27:23","post_date_gmt":"2022-10-14 20:27:23","post_content":"","post_title":"SIGMUND FREUD","post_excerpt":"","post_status":"publish","comment_status":"closed","ping_status":"closed","post_password":"","post_name":"sigmund-freud","to_ping":"","pinged":"","post_modified":"2022-10-14 22:27:23","post_modified_gmt":"2022-10-14 20:27:23","post_content_filtered":"","post_parent":0,"guid":"http:\/\/dev.claret.cat\/autor\/sigmund-freud\/","menu_order":0,"post_type":"autor","post_mime_type":"","comment_count":"0","filter":"raw"}]},"aioseo_notices":[],"_links":{"self":[{"href":"https:\/\/www.claret.cat\/es\/wp-json\/wp\/v2\/product\/783696","targetHints":{"allow":["GET"]}}],"collection":[{"href":"https:\/\/www.claret.cat\/es\/wp-json\/wp\/v2\/product"}],"about":[{"href":"https:\/\/www.claret.cat\/es\/wp-json\/wp\/v2\/types\/product"}],"wp:featuredmedia":[{"embeddable":true,"href":"https:\/\/www.claret.cat\/es\/wp-json\/wp\/v2\/media\/783697"}],"wp:attachment":[{"href":"https:\/\/www.claret.cat\/es\/wp-json\/wp\/v2\/media?parent=783696"}],"wp:term":[{"taxonomy":"product_brand","embeddable":true,"href":"https:\/\/www.claret.cat\/es\/wp-json\/wp\/v2\/product_brand?post=783696"},{"taxonomy":"product_cat","embeddable":true,"href":"https:\/\/www.claret.cat\/es\/wp-json\/wp\/v2\/product_cat?post=783696"},{"taxonomy":"product_tag","embeddable":true,"href":"https:\/\/www.claret.cat\/es\/wp-json\/wp\/v2\/product_tag?post=783696"}],"curies":[{"name":"wp","href":"https:\/\/api.w.org\/{rel}","templated":true}]}}