{"id":7837,"date":"2022-09-16T12:21:06","date_gmt":"2022-09-16T10:21:06","guid":{"rendered":"http:\/\/dev.claret.cat\/producte\/aprendiendo-a-ser-padres\/"},"modified":"2024-05-22T20:05:11","modified_gmt":"2024-05-22T18:05:11","slug":"aprendiendo-a-ser-padres-9788498421132","status":"publish","type":"product","link":"https:\/\/www.claret.cat\/es\/libro\/aprendiendo-a-ser-padres-9788498421132\/","title":{"rendered":"APRENDIENDO A SER PADRES"},"content":{"rendered":"<p>Este libro est\u00e1 dedicado a los padres y madres que ven c\u00f3mo los esquemas educativos heredados han ca\u00eddo sin que nadie les ense\u00f1e una forma mejor de hacerlo; que ven c\u00f3mo la autoridad basada en la fuerza ha desaparecido y no saben en qu\u00e9 apoyarse para educar. Nunca antes los elegidos para ser padres se hab\u00edan encontrado con un reto tan grande, educar en libertad, sin un gui\u00f3n dado. Este es un libro pr\u00e1ctico, su contenido est\u00e1 experimentado por el autor, que asesora a padres invit\u00e1ndoles a replantear su estilo educativo para que marquen bien la direcci\u00f3n de hacia d\u00f3nde quieren ir. Los ejemplos, t\u00e9cnicas y estrategias empleadas son claros y aplicables.<\/p>\n","protected":false},"excerpt":{"rendered":"<p>MONTOYA, JOS\u00c9 DANIEL<\/p>\n","protected":false},"featured_media":0,"template":"","meta":{"_acf_changed":false,"om_disable_all_campaigns":false,"rs_blank_template":"","rs_page_bg_color":"","slide_template_v7":"","inline_featured_image":false,"_monsterinsights_skip_tracking":false,"_monsterinsights_sitenote_active":false,"_monsterinsights_sitenote_note":"","_monsterinsights_sitenote_category":0},"product_brand":[],"product_cat":[183,379,137,425,437,163],"product_tag":[],"class_list":{"0":"post-7837","1":"product","2":"type-product","3":"status-publish","5":"product_cat-de-leducacio-i-la-salut","6":"product_cat-de-la-educacion-y-la-salud","7":"product_cat-escola-de-pares-infantil","8":"product_cat-escuela-de-padres","9":"product_cat-valores-y-convivencia","10":"product_cat-valors-i-convivencia","12":"first","13":"outofstock","14":"taxable","15":"shipping-taxable","16":"purchasable","17":"product-type-simple"},"acf":{"autor":"MONTOYA, JOS\u00c9 DANIEL","codart":"849842113","libros-coleccion":"La Zarza Ardiente","ediciones":"1","encuadernacion":"R\u00fastica","fecha_de_publicacion":"20\/09\/2007","novedad":"0","paginas":"252","subtitulo":"EDUCANDO DE FORMA POSITIVA","orden":"999","portada":"0","idioma":"spa","editorial":[{"ID":6155,"post_author":"3","post_date":"2022-07-28 17:46:04","post_date_gmt":"2022-07-28 15:46:04","post_content":"","post_title":"Central Catequ\u00edstica Salesiana","post_excerpt":"","post_status":"publish","comment_status":"closed","ping_status":"closed","post_password":"","post_name":"central-catequistica-salesiana","to_ping":"","pinged":"","post_modified":"2022-07-28 17:46:04","post_modified_gmt":"2022-07-28 15:46:04","post_content_filtered":"","post_parent":0,"guid":"http:\/\/dev.claret.cat\/editorial\/central-catequistica-salesiana\/","menu_order":0,"post_type":"editorial","post_mime_type":"","comment_count":"0","filter":"raw"}],"autores-libros":[{"ID":8362,"post_author":"3","post_date":"2022-09-30 09:48:00","post_date_gmt":"2022-09-30 07:48:00","post_content":"","post_title":"JOS\u00c9 DANIEL MONTOYA","post_excerpt":"","post_status":"publish","comment_status":"closed","ping_status":"closed","post_password":"","post_name":"jose-daniel-montoya","to_ping":"","pinged":"","post_modified":"2022-09-30 09:48:00","post_modified_gmt":"2022-09-30 07:48:00","post_content_filtered":"","post_parent":0,"guid":"http:\/\/dev.claret.cat\/autor\/jose-daniel-montoya\/","menu_order":0,"post_type":"autor","post_mime_type":"","comment_count":"0","filter":"raw"}]},"aioseo_notices":[],"_links":{"self":[{"href":"https:\/\/www.claret.cat\/es\/wp-json\/wp\/v2\/product\/7837","targetHints":{"allow":["GET"]}}],"collection":[{"href":"https:\/\/www.claret.cat\/es\/wp-json\/wp\/v2\/product"}],"about":[{"href":"https:\/\/www.claret.cat\/es\/wp-json\/wp\/v2\/types\/product"}],"wp:attachment":[{"href":"https:\/\/www.claret.cat\/es\/wp-json\/wp\/v2\/media?parent=7837"}],"wp:term":[{"taxonomy":"product_brand","embeddable":true,"href":"https:\/\/www.claret.cat\/es\/wp-json\/wp\/v2\/product_brand?post=7837"},{"taxonomy":"product_cat","embeddable":true,"href":"https:\/\/www.claret.cat\/es\/wp-json\/wp\/v2\/product_cat?post=7837"},{"taxonomy":"product_tag","embeddable":true,"href":"https:\/\/www.claret.cat\/es\/wp-json\/wp\/v2\/product_tag?post=7837"}],"curies":[{"name":"wp","href":"https:\/\/api.w.org\/{rel}","templated":true}]}}