{"id":7841,"date":"2022-09-16T12:21:12","date_gmt":"2022-09-16T10:21:12","guid":{"rendered":"http:\/\/dev.claret.cat\/producte\/la-practica-de-la-educacion-personal\/"},"modified":"2024-06-28T12:06:47","modified_gmt":"2024-06-28T10:06:47","slug":"la-practica-de-la-educacion-personal-9788498421996","status":"publish","type":"product","link":"https:\/\/www.claret.cat\/es\/libro\/la-practica-de-la-educacion-personal-9788498421996\/","title":{"rendered":"LA PR\u00c1CTICA DE LA EDUCACI\u00d3N PERSONAL"},"content":{"rendered":"<p>Lo manifiesten de una forma u otra, los padres desean que sus hijos sean educados de acuerdo a sus valores e instruidos con altura profesional. Conseguirlo s\u00f3lo est\u00e1 al alcance de personas valiosas, porque nadie da lo que no tiene, aunque tambi\u00e9n el ambiente y las circunstancias que rodean a cada individuo pueden influir de modo muy importante.<\/p>\n","protected":false},"excerpt":{"rendered":"<p>CERRO, SEBASTI\u00c1N<\/p>\n","protected":false},"featured_media":972483,"template":"","meta":{"_acf_changed":false,"om_disable_all_campaigns":false,"rs_blank_template":"","rs_page_bg_color":"","slide_template_v7":"","inline_featured_image":false,"_monsterinsights_skip_tracking":false,"_monsterinsights_sitenote_active":false,"_monsterinsights_sitenote_note":"","_monsterinsights_sitenote_category":0},"product_brand":[],"product_cat":[183,379,191,454,137,425],"product_tag":[],"class_list":{"0":"post-7841","1":"product","2":"type-product","3":"status-publish","4":"has-post-thumbnail","6":"product_cat-de-leducacio-i-la-salut","7":"product_cat-de-la-educacion-y-la-salud","8":"product_cat-educacio-en-valors-pedagogia-2_humanitats","9":"product_cat-educacion-en-valores","10":"product_cat-escola-de-pares-infantil","11":"product_cat-escuela-de-padres","13":"first","14":"outofstock","15":"taxable","16":"shipping-taxable","17":"purchasable","18":"product-type-simple"},"acf":{"autor":"CERRO, SEBASTI\u00c1N","codart":"849842199","libros-coleccion":"Educar","ediciones":"1","encuadernacion":"R\u00fastica","fecha_de_publicacion":"30\/06\/2008","novedad":"0","paginas":"116","subtitulo":"","orden":"999","portada":"0","idioma":"spa","editorial":[{"ID":6155,"post_author":"3","post_date":"2022-07-28 17:46:04","post_date_gmt":"2022-07-28 15:46:04","post_content":"","post_title":"Central Catequ\u00edstica Salesiana","post_excerpt":"","post_status":"publish","comment_status":"closed","ping_status":"closed","post_password":"","post_name":"central-catequistica-salesiana","to_ping":"","pinged":"","post_modified":"2022-07-28 17:46:04","post_modified_gmt":"2022-07-28 15:46:04","post_content_filtered":"","post_parent":0,"guid":"http:\/\/dev.claret.cat\/editorial\/central-catequistica-salesiana\/","menu_order":0,"post_type":"editorial","post_mime_type":"","comment_count":"0","filter":"raw"}],"autores-libros":[{"ID":8437,"post_author":"3","post_date":"2022-09-30 09:48:34","post_date_gmt":"2022-09-30 07:48:34","post_content":"","post_title":"SEBASTI\u00c1N CERRO","post_excerpt":"","post_status":"publish","comment_status":"closed","ping_status":"closed","post_password":"","post_name":"sebastian-cerro","to_ping":"","pinged":"","post_modified":"2022-09-30 09:48:34","post_modified_gmt":"2022-09-30 07:48:34","post_content_filtered":"","post_parent":0,"guid":"http:\/\/dev.claret.cat\/autor\/sebastian-cerro\/","menu_order":0,"post_type":"autor","post_mime_type":"","comment_count":"0","filter":"raw"}]},"aioseo_notices":[],"_links":{"self":[{"href":"https:\/\/www.claret.cat\/es\/wp-json\/wp\/v2\/product\/7841","targetHints":{"allow":["GET"]}}],"collection":[{"href":"https:\/\/www.claret.cat\/es\/wp-json\/wp\/v2\/product"}],"about":[{"href":"https:\/\/www.claret.cat\/es\/wp-json\/wp\/v2\/types\/product"}],"wp:featuredmedia":[{"embeddable":true,"href":"https:\/\/www.claret.cat\/es\/wp-json\/wp\/v2\/media\/972483"}],"wp:attachment":[{"href":"https:\/\/www.claret.cat\/es\/wp-json\/wp\/v2\/media?parent=7841"}],"wp:term":[{"taxonomy":"product_brand","embeddable":true,"href":"https:\/\/www.claret.cat\/es\/wp-json\/wp\/v2\/product_brand?post=7841"},{"taxonomy":"product_cat","embeddable":true,"href":"https:\/\/www.claret.cat\/es\/wp-json\/wp\/v2\/product_cat?post=7841"},{"taxonomy":"product_tag","embeddable":true,"href":"https:\/\/www.claret.cat\/es\/wp-json\/wp\/v2\/product_tag?post=7841"}],"curies":[{"name":"wp","href":"https:\/\/api.w.org\/{rel}","templated":true}]}}