{"id":7847,"date":"2022-09-16T12:21:20","date_gmt":"2022-09-16T10:21:20","guid":{"rendered":"http:\/\/dev.claret.cat\/producte\/las-familias-y-la-educacion-en-valores-democraticos\/"},"modified":"2026-01-21T13:25:55","modified_gmt":"2026-01-21T12:25:55","slug":"las-familias-y-la-educacion-en-valores-democraticos-9788498460018","status":"publish","type":"product","link":"https:\/\/www.claret.cat\/es\/libro\/las-familias-y-la-educacion-en-valores-democraticos-9788498460018\/","title":{"rendered":"LAS FAMILIAS Y LA EDUCACI\u00d3N EN VALORES DEMOCR\u00c1TICOS"},"content":{"rendered":"<p>La sociedad actual se caracteriza por estar sujeta a grandes transformaciones sociales y tecnol\u00f3gicas dif\u00edcilmente asimilables, as\u00ed como la gesti\u00f3n de la convivencia de diversas culturas con formas de entender el mundo diferentes. L\u00f3gicamente esto conduce, entre otras cosas, a una necesaria actualizaci\u00f3n de la cultura familiar, tanto a nivel de concepto como de pr\u00e1ctica, porque \u00e9sta sigue siendo un espacio donde se viven, se observan y se analizan las cosas m\u00e1s importantes para orientarse en la vida. Estamos ante el desarrollo de formas o modelos plurales de familia, podemos hablar de nuevas culturas familiares. Por eso, en esta obra hemos pretendido recoger las principales aportaciones de algunos de los mejores expertos, que desde diversas disciplinas, analizan el fen\u00f3meno. As\u00ed, desde un an\u00e1lisis que responde al conocimiento de la nueva realidad social, la familia se convierte en objeto de estudio de la obra que tienen entre m anos.<br \/>La familia no s\u00f3lo se define como el punto de partida sino como e] punto de llegada para alcanzar los distintos grados de realizaci\u00f3n personal y social y asume un importante papel en la transmisi\u00f3n de los valores democr\u00e1ticos. Pero debe contar con algunos aliados \u2014como la escuela, la comunidad y, en general, la sociedad\u2014 en la ardua tarea que a lo largo de la historia ha asumido y que, sin lugar a dudas; seguir\u00e1 asumiendo.<\/p>\n","protected":false},"excerpt":{"rendered":"<p>ZELED\u00d3N, PILAR (coord); B<\/p>\n","protected":false},"featured_media":367049,"template":"","meta":{"_acf_changed":false,"om_disable_all_campaigns":false,"rs_blank_template":"","rs_page_bg_color":"","slide_template_v7":"","inline_featured_image":false,"_monsterinsights_skip_tracking":false,"_monsterinsights_sitenote_active":false,"_monsterinsights_sitenote_note":"","_monsterinsights_sitenote_category":0},"product_brand":[],"product_cat":[581,191,143,454,576,137,425,270,408,437,163],"product_tag":[],"class_list":{"0":"post-7847","1":"product","2":"type-product","3":"status-publish","4":"has-post-thumbnail","6":"product_cat-editorial-claret","7":"product_cat-educacio-en-valors-pedagogia-2_humanitats","8":"product_cat-educacio-en-valors","9":"product_cat-educacion-en-valores","10":"product_cat-educacion-en-valores-escolar-4_escolar-spa","11":"product_cat-escola-de-pares-infantil","12":"product_cat-escuela-de-padres","13":"product_cat-familiar-pastoral","14":"product_cat-familiar-pastoral-1_espiritualidad","15":"product_cat-valores-y-convivencia","16":"product_cat-valors-i-convivencia","18":"first","19":"instock","20":"taxable","21":"shipping-taxable","22":"purchasable","23":"product-type-simple"},"acf":{"editorial":[{"ID":6158,"post_author":"3","post_date":"2022-07-28 17:46:08","post_date_gmt":"2022-07-28 15:46:08","post_content":"","post_title":"CLARET","post_excerpt":"","post_status":"publish","comment_status":"closed","ping_status":"closed","post_password":"","post_name":"claret","to_ping":"","pinged":"","post_modified":"2022-07-28 17:46:08","post_modified_gmt":"2022-07-28 15:46:08","post_content_filtered":"","post_parent":0,"guid":"http:\/\/dev.claret.cat\/editorial\/claret\/","menu_order":0,"post_type":"editorial","post_mime_type":"","comment_count":"0","filter":"raw"}],"autores-libros":[{"ID":8421,"post_author":"3","post_date":"2022-09-30 09:48:27","post_date_gmt":"2022-09-30 07:48:27","post_content":"","post_title":"PILAR (coord) ZELED\u00d3N","post_excerpt":"","post_status":"publish","comment_status":"closed","ping_status":"closed","post_password":"","post_name":"pilar-coord-zeledon","to_ping":"","pinged":"","post_modified":"2022-09-30 09:48:27","post_modified_gmt":"2022-09-30 07:48:27","post_content_filtered":"","post_parent":0,"guid":"http:\/\/dev.claret.cat\/autor\/pilar-coord-zeledon\/","menu_order":0,"post_type":"autor","post_mime_type":"","comment_count":"0","filter":"raw"},{"ID":8432,"post_author":"3","post_date":"2022-09-30 09:48:32","post_date_gmt":"2022-09-30 07:48:32","post_content":"","post_title":"ROSA (coord) BUXARRAIS","post_excerpt":"","post_status":"publish","comment_status":"closed","ping_status":"closed","post_password":"","post_name":"rosa-coord-buxarrais","to_ping":"","pinged":"","post_modified":"2022-09-30 09:48:32","post_modified_gmt":"2022-09-30 07:48:32","post_content_filtered":"","post_parent":0,"guid":"http:\/\/dev.claret.cat\/autor\/rosa-coord-buxarrais\/","menu_order":0,"post_type":"autor","post_mime_type":"","comment_count":"0","filter":"raw"}],"autor":"ZELED\u00d3N, PILAR (coord); B","codart":"849846001","libros-coleccion":"Familiaforum","ediciones":"1","encuadernacion":"R\u00fastica","fecha_de_publicacion":"28\/03\/2007","novedad":"0","paginas":"256","subtitulo":"","orden":"1","portada":"0","idioma":"spa","booktrailer":"","linkebook":"","ficha":"849846001_1688655120.pdf","muestra":"","precioebook":"0","presentacion":"","resenas":""},"aioseo_notices":[],"_links":{"self":[{"href":"https:\/\/www.claret.cat\/es\/wp-json\/wp\/v2\/product\/7847","targetHints":{"allow":["GET"]}}],"collection":[{"href":"https:\/\/www.claret.cat\/es\/wp-json\/wp\/v2\/product"}],"about":[{"href":"https:\/\/www.claret.cat\/es\/wp-json\/wp\/v2\/types\/product"}],"wp:featuredmedia":[{"embeddable":true,"href":"https:\/\/www.claret.cat\/es\/wp-json\/wp\/v2\/media\/367049"}],"wp:attachment":[{"href":"https:\/\/www.claret.cat\/es\/wp-json\/wp\/v2\/media?parent=7847"}],"wp:term":[{"taxonomy":"product_brand","embeddable":true,"href":"https:\/\/www.claret.cat\/es\/wp-json\/wp\/v2\/product_brand?post=7847"},{"taxonomy":"product_cat","embeddable":true,"href":"https:\/\/www.claret.cat\/es\/wp-json\/wp\/v2\/product_cat?post=7847"},{"taxonomy":"product_tag","embeddable":true,"href":"https:\/\/www.claret.cat\/es\/wp-json\/wp\/v2\/product_tag?post=7847"}],"curies":[{"name":"wp","href":"https:\/\/api.w.org\/{rel}","templated":true}]}}