{"id":7856,"date":"2022-09-16T12:21:42","date_gmt":"2022-09-16T10:21:42","guid":{"rendered":"http:\/\/dev.claret.cat\/producte\/biblia-para-los-ninos\/"},"modified":"2025-04-08T16:46:56","modified_gmt":"2025-04-08T14:46:56","slug":"biblia-para-los-ninos-9788498461619","status":"publish","type":"product","link":"https:\/\/www.claret.cat\/es\/libro\/biblia-para-los-ninos-9788498461619\/","title":{"rendered":"BIBLIA PARA LOS NI\u00d1OS"},"content":{"rendered":"<p>La Biblia es un libro dif\u00edcil y complejo tanto para los adults como, por supuesto, para los ni\u00f1os. Por eso nos parece esencial que los ni\u00f1os, desde peque\u00f1os, puedan tener acceso a este tesoro transmitido por los creyentes de generaci\u00f3n en generaci\u00f3n.<br \/>Hemos conservado las grandes p\u00e1ginas de la Biblia a partir de palabras clave f\u00e1cilmente asimilables por los ni\u00f1os, con el apoyo de las ilustraciones. Los dibuixos no pretenden reflejar, siempre y con precisi\u00f3n, los datos de la arqueolog\u00eda y de la historia. Son, ya de entrada, una lectura de los propios textos, en orden a poner de relieve su mensaje y su riqueza simb\u00f3lica.<br \/>Hemos dado una mayor importancia a los textos narrativos. Por esta v\u00eda hemos querido manifestar una de las originalidades m\u00e1s profundas de la Escritura, es decir, mostrar la obra de Dios a favor de los hombres, des de la creaci\u00f3n del mundo hasta la venida de Jesucristo.<br \/>Es evidente el papel de los padres y madres para ayudar al ni\u00f1o a leer este libro. Al final de cada cap\u00edtulo encontrar\u00e1n elementos que les permitir\u00e1n integrar cada p\u00e1gina en un relato o narraci\u00f3n.<\/p>\n","protected":false},"excerpt":{"rendered":"<p>PALAU, DANIEL; BLANCH, IG<\/p>\n","protected":false},"featured_media":367413,"template":"","meta":{"_acf_changed":false,"om_disable_all_campaigns":false,"rs_blank_template":"","rs_page_bg_color":"","slide_template_v7":"","inline_featured_image":false,"_monsterinsights_skip_tracking":false,"_monsterinsights_sitenote_active":false,"_monsterinsights_sitenote_note":"","_monsterinsights_sitenote_category":0},"product_brand":[],"product_cat":[132,481,223,581,478,219,362,216,475],"product_tag":[],"class_list":{"0":"post-7856","1":"product","2":"type-product","3":"status-publish","4":"has-post-thumbnail","6":"product_cat-lectures-per-preadolescents-6-12-anys","7":"product_cat-biblias-infantiles","8":"product_cat-biblies-infantils","9":"product_cat-editorial-claret","10":"product_cat-infantil-catequesis-1_espiritualidad","11":"product_cat-infantil-catequesi","12":"product_cat-libros-preadolescentes-6-12-anos","13":"product_cat-primera-comunio-catequesi-1_espiritualitat","14":"product_cat-primera-comunion","16":"first","17":"instock","18":"taxable","19":"shipping-taxable","20":"purchasable","21":"product-type-simple"},"acf":{"autor":"PALAU, DANIEL; BLANCH, IG","codart":"849846161","libros-coleccion":"","ediciones":"1","encuadernacion":"Carton\u00e9","fecha_de_publicacion":"15\/04\/2008","novedad":"0","paginas":"264","subtitulo":"","orden":"999","portada":"0","idioma":"spa","editorial":[{"ID":6158,"post_author":"3","post_date":"2022-07-28 17:46:08","post_date_gmt":"2022-07-28 15:46:08","post_content":"","post_title":"CLARET","post_excerpt":"","post_status":"publish","comment_status":"closed","ping_status":"closed","post_password":"","post_name":"claret","to_ping":"","pinged":"","post_modified":"2022-07-28 17:46:08","post_modified_gmt":"2022-07-28 15:46:08","post_content_filtered":"","post_parent":0,"guid":"http:\/\/dev.claret.cat\/editorial\/claret\/","menu_order":0,"post_type":"editorial","post_mime_type":"","comment_count":"0","filter":"raw"}],"autores-libros":[{"ID":8308,"post_author":"3","post_date":"2022-09-30 09:47:36","post_date_gmt":"2022-09-30 07:47:36","post_content":"","post_title":"DANIEL PALAU","post_excerpt":"","post_status":"publish","comment_status":"closed","ping_status":"closed","post_password":"","post_name":"daniel-palau","to_ping":"","pinged":"","post_modified":"2022-09-30 09:47:36","post_modified_gmt":"2022-09-30 07:47:36","post_content_filtered":"","post_parent":0,"guid":"http:\/\/dev.claret.cat\/autor\/daniel-palau\/","menu_order":0,"post_type":"autor","post_mime_type":"","comment_count":"0","filter":"raw"},{"ID":8343,"post_author":"3","post_date":"2022-09-30 09:47:52","post_date_gmt":"2022-09-30 07:47:52","post_content":"","post_title":"IGNASI (il) BLANCH","post_excerpt":"","post_status":"publish","comment_status":"closed","ping_status":"closed","post_password":"","post_name":"ignasi-il-blanch","to_ping":"","pinged":"","post_modified":"2022-09-30 09:47:52","post_modified_gmt":"2022-09-30 07:47:52","post_content_filtered":"","post_parent":0,"guid":"http:\/\/dev.claret.cat\/autor\/ignasi-il-blanch\/","menu_order":0,"post_type":"autor","post_mime_type":"","comment_count":"0","filter":"raw"}],"booktrailer":"","linkebook":"","ficha":"849846161_1688647871.pdf","muestra":"","precioebook":"0","presentacion":"","resenas":""},"aioseo_notices":[],"_links":{"self":[{"href":"https:\/\/www.claret.cat\/es\/wp-json\/wp\/v2\/product\/7856","targetHints":{"allow":["GET"]}}],"collection":[{"href":"https:\/\/www.claret.cat\/es\/wp-json\/wp\/v2\/product"}],"about":[{"href":"https:\/\/www.claret.cat\/es\/wp-json\/wp\/v2\/types\/product"}],"wp:featuredmedia":[{"embeddable":true,"href":"https:\/\/www.claret.cat\/es\/wp-json\/wp\/v2\/media\/367413"}],"wp:attachment":[{"href":"https:\/\/www.claret.cat\/es\/wp-json\/wp\/v2\/media?parent=7856"}],"wp:term":[{"taxonomy":"product_brand","embeddable":true,"href":"https:\/\/www.claret.cat\/es\/wp-json\/wp\/v2\/product_brand?post=7856"},{"taxonomy":"product_cat","embeddable":true,"href":"https:\/\/www.claret.cat\/es\/wp-json\/wp\/v2\/product_cat?post=7856"},{"taxonomy":"product_tag","embeddable":true,"href":"https:\/\/www.claret.cat\/es\/wp-json\/wp\/v2\/product_tag?post=7856"}],"curies":[{"name":"wp","href":"https:\/\/api.w.org\/{rel}","templated":true}]}}