{"id":786218,"date":"2023-09-18T17:33:16","date_gmt":"2023-09-18T15:33:16","guid":{"rendered":"https:\/\/www.claret.cat\/llibre\/la-celestina-9788466751704\/"},"modified":"2023-10-11T02:01:46","modified_gmt":"2023-10-11T00:01:46","slug":"la-celestina-9788466751704","status":"publish","type":"product","link":"https:\/\/www.claret.cat\/es\/libro\/la-celestina-9788466751704\/","title":{"rendered":"LA CELESTINA"},"content":{"rendered":"<p>Hace m\u00e1s de quinientos a\u00f1os, Fernando de Rojas escribi\u00f3 esta magistral obra, una sabia y tr\u00e1gica presentaci\u00f3n de la naturaleza humana en toda su complejidad. El amor, el odio, la pasi\u00f3n ciega y el ego\u00edsmo mueven a todos sus personajes.Celestina pone en marcha una trama para que Calisto consiga a su amada Melibea. Los criados de Calisto se involucran en ella, enga\u00f1ados por las promesas de riquezas de Celestina, cuya portentosa habilidad para embaucar enreda todo el relato.<\/p>\n","protected":false},"excerpt":{"rendered":"<p>ROJAS, FERNANDO DE<\/p>\n","protected":false},"featured_media":786219,"template":"","meta":{"_acf_changed":false,"om_disable_all_campaigns":false,"rs_blank_template":"","rs_page_bg_color":"","slide_template_v7":"","inline_featured_image":false,"_monsterinsights_skip_tracking":false,"_monsterinsights_sitenote_active":false,"_monsterinsights_sitenote_note":"","_monsterinsights_sitenote_category":0},"product_brand":[],"product_cat":[90,540],"product_tag":[],"class_list":{"0":"post-786218","1":"product","2":"type-product","3":"status-publish","4":"has-post-thumbnail","6":"product_cat-altres","7":"product_cat-otros","9":"first","10":"instock","11":"taxable","12":"shipping-taxable","13":"purchasable","14":"product-type-simple"},"acf":{"autor":"ROJAS, FERNANDO DE","codart":"846675170","libros-coleccion":"FORA DE COL.LECCI\u00d3","ediciones":"1","encuadernacion":"R\u00fastica","fecha_de_publicacion":"01\/09\/2006","novedad":"1","paginas":"160","subtitulo":"","orden":"0","portada":"0","idioma":"spa","editorial":[{"ID":147433,"post_author":"3","post_date":"2022-10-14 11:50:32","post_date_gmt":"2022-10-14 09:50:32","post_content":"","post_title":"ANAYA INFANTIL Y JUVENIL","post_excerpt":"","post_status":"publish","comment_status":"closed","ping_status":"closed","post_password":"","post_name":"anaya-infantil-y-juvenil","to_ping":"","pinged":"","post_modified":"2022-10-14 11:50:32","post_modified_gmt":"2022-10-14 09:50:32","post_content_filtered":"","post_parent":0,"guid":"http:\/\/dev.claret.cat\/editorial\/anaya-infantil-y-juvenil\/","menu_order":0,"post_type":"editorial","post_mime_type":"","comment_count":"0","filter":"raw"}],"autores-libros":[{"ID":155811,"post_author":"3","post_date":"2022-10-14 15:15:49","post_date_gmt":"2022-10-14 13:15:49","post_content":"","post_title":"FERNANDO DE ROJAS","post_excerpt":"","post_status":"publish","comment_status":"closed","ping_status":"closed","post_password":"","post_name":"fernando-de-rojas","to_ping":"","pinged":"","post_modified":"2022-10-14 15:15:49","post_modified_gmt":"2022-10-14 13:15:49","post_content_filtered":"","post_parent":0,"guid":"http:\/\/dev.claret.cat\/autor\/fernando-de-rojas\/","menu_order":0,"post_type":"autor","post_mime_type":"","comment_count":"0","filter":"raw"}]},"aioseo_notices":[],"_links":{"self":[{"href":"https:\/\/www.claret.cat\/es\/wp-json\/wp\/v2\/product\/786218","targetHints":{"allow":["GET"]}}],"collection":[{"href":"https:\/\/www.claret.cat\/es\/wp-json\/wp\/v2\/product"}],"about":[{"href":"https:\/\/www.claret.cat\/es\/wp-json\/wp\/v2\/types\/product"}],"wp:featuredmedia":[{"embeddable":true,"href":"https:\/\/www.claret.cat\/es\/wp-json\/wp\/v2\/media\/786219"}],"wp:attachment":[{"href":"https:\/\/www.claret.cat\/es\/wp-json\/wp\/v2\/media?parent=786218"}],"wp:term":[{"taxonomy":"product_brand","embeddable":true,"href":"https:\/\/www.claret.cat\/es\/wp-json\/wp\/v2\/product_brand?post=786218"},{"taxonomy":"product_cat","embeddable":true,"href":"https:\/\/www.claret.cat\/es\/wp-json\/wp\/v2\/product_cat?post=786218"},{"taxonomy":"product_tag","embeddable":true,"href":"https:\/\/www.claret.cat\/es\/wp-json\/wp\/v2\/product_tag?post=786218"}],"curies":[{"name":"wp","href":"https:\/\/api.w.org\/{rel}","templated":true}]}}