{"id":786608,"date":"2023-09-18T18:06:39","date_gmt":"2023-09-18T16:06:39","guid":{"rendered":"https:\/\/www.claret.cat\/llibre\/un-jesus-exigent-pero-engrescador-9788491364832\/"},"modified":"2025-10-21T12:45:43","modified_gmt":"2025-10-21T10:45:43","slug":"un-jesus-exigent-pero-engrescador-9788491364832","status":"publish","type":"product","link":"https:\/\/www.claret.cat\/es\/libro\/un-jesus-exigent-pero-engrescador-9788491364832\/","title":{"rendered":"UN JES\u00daS EXIGENT PER\u00d2 ENGRESCADOR"},"content":{"rendered":"<p><span>De la m\u00e0 de l\u2019actual exegesi de John D. Crossan i de Gerd Theisen, es presenta la situaci\u00f3 social turmentosa l\u2019ambient cultural apocal\u00edptic de la Palestina de mitjan segle I per situar-hi el missatge de Joan Baptista. Podem veure un Jesucrist deixeble de Joan Baptista i el missatger joi\u00f3s de l\u2019oferiment del seu Regne per part de D\u00e9u. Un oferiment respectu\u00f3s amb la llibertat de l\u2019\u00e9sser hum\u00e0 (fins tolerar la crucifixi\u00f3 del missatger) i alhora victori\u00f3s i imparable (Pasqua de Resurrecci\u00f3 i Pentecosta).<\/span><\/p>\n","protected":false},"excerpt":{"rendered":"<p>COMAS GIRALT, CARLES<\/p>\n","protected":false},"featured_media":1034585,"template":"","meta":{"_acf_changed":false,"om_disable_all_campaigns":false,"rs_blank_template":"","rs_page_bg_color":"","slide_template_v7":"","inline_featured_image":false,"_monsterinsights_skip_tracking":false,"_monsterinsights_sitenote_active":false,"_monsterinsights_sitenote_note":"","_monsterinsights_sitenote_category":0},"product_brand":[],"product_cat":[91,541,581],"product_tag":[],"class_list":{"0":"post-786608","1":"product","2":"type-product","3":"status-publish","4":"has-post-thumbnail","6":"product_cat-cristologia","7":"product_cat-cristologia-1_espiritualidad-spa","8":"product_cat-editorial-claret","10":"first","11":"instock","12":"taxable","13":"shipping-taxable","14":"purchasable","15":"product-type-simple"},"acf":{"autor":"COMAS GIRALT, CARLES","codart":"849136483","libros-coleccion":"","ediciones":"1","encuadernacion":"R\u00fastica","fecha_de_publicacion":"24\/10\/2023","novedad":"1","paginas":"304","subtitulo":"EN LES EXEGESIS DE JOHN DOMINIC CROSSAN I DE GERD THEISSEN","orden":"0","portada":"1","idioma":"cat","editorial":[{"ID":6158,"post_author":"3","post_date":"2022-07-28 17:46:08","post_date_gmt":"2022-07-28 15:46:08","post_content":"","post_title":"CLARET","post_excerpt":"","post_status":"publish","comment_status":"closed","ping_status":"closed","post_password":"","post_name":"claret","to_ping":"","pinged":"","post_modified":"2022-07-28 17:46:08","post_modified_gmt":"2022-07-28 15:46:08","post_content_filtered":"","post_parent":0,"guid":"http:\/\/dev.claret.cat\/editorial\/claret\/","menu_order":0,"post_type":"editorial","post_mime_type":"","comment_count":"0","filter":"raw"}],"autores-libros":[{"ID":1025616,"post_author":"3","post_date":"2025-06-03 18:30:35","post_date_gmt":"2025-06-03 16:30:35","post_content":"Carles Comas va n\u00e9ixer a Barcelona el 1931. Va ser jesu\u00efta del 1952 al 1985. Llicenciat en filosofia i teologia. Doctor en Ci\u00e8ncies econ\u00f2miques. Professor a ESADE (URL) durant quaranta anys. Professor-resident de la Universitat de Managua durant 10 anys.\r\n\r\n","post_title":"CARLES COMAS GIRALT","post_excerpt":"","post_status":"publish","comment_status":"closed","ping_status":"closed","post_password":"","post_name":"carles-comas-giralt","to_ping":"","pinged":"","post_modified":"2025-06-13 12:53:54","post_modified_gmt":"2025-06-13 10:53:54","post_content_filtered":"","post_parent":0,"guid":"https:\/\/www.claret.cat\/autor\/carles-comas-giralt\/","menu_order":0,"post_type":"autor","post_mime_type":"","comment_count":"0","filter":"raw"}],"booktrailer":"","linkebook":"","ficha":"849136483_1695291506.pdf","muestra":"","precioebook":"0","presentacion":"<iframe width=\"905\" height=\"509\" src=\"https:\/\/www.youtube.com\/embed\/ronoSI2_-Ag\" title=\"Presentaci\u00f3 Un Jes\u00fas exigent per\u00f2 engrescador\" frameborder=\"0\" allow=\"accelerometer; autoplay; clipboard-write; encrypted-media; gyroscope; picture-in-picture; web-share\" allowfullscreen><\/iframe>","resenas":""},"aioseo_notices":[],"_links":{"self":[{"href":"https:\/\/www.claret.cat\/es\/wp-json\/wp\/v2\/product\/786608","targetHints":{"allow":["GET"]}}],"collection":[{"href":"https:\/\/www.claret.cat\/es\/wp-json\/wp\/v2\/product"}],"about":[{"href":"https:\/\/www.claret.cat\/es\/wp-json\/wp\/v2\/types\/product"}],"wp:featuredmedia":[{"embeddable":true,"href":"https:\/\/www.claret.cat\/es\/wp-json\/wp\/v2\/media\/1034585"}],"wp:attachment":[{"href":"https:\/\/www.claret.cat\/es\/wp-json\/wp\/v2\/media?parent=786608"}],"wp:term":[{"taxonomy":"product_brand","embeddable":true,"href":"https:\/\/www.claret.cat\/es\/wp-json\/wp\/v2\/product_brand?post=786608"},{"taxonomy":"product_cat","embeddable":true,"href":"https:\/\/www.claret.cat\/es\/wp-json\/wp\/v2\/product_cat?post=786608"},{"taxonomy":"product_tag","embeddable":true,"href":"https:\/\/www.claret.cat\/es\/wp-json\/wp\/v2\/product_tag?post=786608"}],"curies":[{"name":"wp","href":"https:\/\/api.w.org\/{rel}","templated":true}]}}