{"id":78678,"date":"2022-10-11T16:12:04","date_gmt":"2022-10-11T14:12:04","guid":{"rendered":"http:\/\/dev.claret.cat\/producte\/atlas-mundial-del-futbol\/"},"modified":"2023-10-06T07:49:20","modified_gmt":"2023-10-06T05:49:20","slug":"atlas-mundial-del-futbol-9788414318737","status":"publish","type":"product","link":"https:\/\/www.claret.cat\/es\/libro\/atlas-mundial-del-futbol-9788414318737\/","title":{"rendered":"ATLAS MUNDIAL DEL F\u00daTBOL"},"content":{"rendered":"<p>\u00bfQuieres saber m\u00e1s que nadie de f\u00fatbol?<br \/> \u00bfQuieres descubrir a las leyendas, a los mitos y conocer los momentos m\u00e1s espectaculares de las principales selecciones del deporte rey? \u00bfQuieres seguir todos los campeonatos teniendo m\u00e1s informaci\u00f3n que los mism\u00edsimos locutores de televisi\u00f3n? \u00bfQuieres saber m\u00e1s del f\u00fatbol femenino? \u00bfS\u00ed?Pues vamos, porque aqu\u00ed, en tus manos, tienes el &#8216;Atlas mundial del f\u00fatbol&#8217;. Todos los goles de los m\u00e1ximos anotadores, los r\u00e9cords imposibles, las an\u00e9cdotas m\u00e1s curiosas, y muchos muchos datos, mitos y leyendas de m\u00e1s de 40 selecciones: desde Espa\u00f1a a Australia, pasando por Alemania, Brasil, Argentina o Marruecos.<br \/> O sea, todas las selecciones que han hecho del f\u00fatbol el deporte con m\u00e1s seguidores del mundo.<\/p>\n","protected":false},"excerpt":{"rendered":"<p>GARC\u00cdA DE ORO, GABRIEL<\/p>\n","protected":false},"featured_media":308164,"template":"","meta":{"_acf_changed":false,"om_disable_all_campaigns":false,"rs_blank_template":"","rs_page_bg_color":"","slide_template_v7":"","inline_featured_image":false,"_monsterinsights_skip_tracking":false,"_monsterinsights_sitenote_active":false,"_monsterinsights_sitenote_note":"","_monsterinsights_sitenote_category":0},"product_brand":[],"product_cat":[362],"product_tag":[],"class_list":{"0":"post-78678","1":"product","2":"type-product","3":"status-publish","4":"has-post-thumbnail","6":"product_cat-libros-preadolescentes-6-12-anos","8":"first","9":"instock","10":"taxable","11":"shipping-taxable","12":"purchasable","13":"product-type-simple"},"acf":{"editorial":[{"ID":147433,"post_author":"3","post_date":"2022-10-14 11:50:32","post_date_gmt":"2022-10-14 09:50:32","post_content":"","post_title":"ANAYA INFANTIL Y JUVENIL","post_excerpt":"","post_status":"publish","comment_status":"closed","ping_status":"closed","post_password":"","post_name":"anaya-infantil-y-juvenil","to_ping":"","pinged":"","post_modified":"2022-10-14 11:50:32","post_modified_gmt":"2022-10-14 09:50:32","post_content_filtered":"","post_parent":0,"guid":"http:\/\/dev.claret.cat\/editorial\/anaya-infantil-y-juvenil\/","menu_order":0,"post_type":"editorial","post_mime_type":"","comment_count":"0","filter":"raw"}],"autores-libros":[{"ID":156519,"post_author":"3","post_date":"2022-10-14 15:21:27","post_date_gmt":"2022-10-14 13:21:27","post_content":"","post_title":"GABRIEL GARC\u00cdA DE ORO","post_excerpt":"","post_status":"publish","comment_status":"closed","ping_status":"closed","post_password":"","post_name":"gabriel-garcia-de-oro","to_ping":"","pinged":"","post_modified":"2022-10-14 15:21:27","post_modified_gmt":"2022-10-14 13:21:27","post_content_filtered":"","post_parent":0,"guid":"http:\/\/dev.claret.cat\/autor\/gabriel-garcia-de-oro\/","menu_order":0,"post_type":"autor","post_mime_type":"","comment_count":"0","filter":"raw"}],"autor":"GARC\u00cdA DE ORO, GABRIEL","codart":"841431873","libros-coleccion":"Ocio Y Conocimientos - Ocio Y Conocimien","ediciones":"1","encuadernacion":"Carton\u00e9","fecha_de_publicacion":"01\/10\/2022","novedad":"1","paginas":"120","subtitulo":"EDICI\u00d3N 2022","orden":"0","portada":"0","idioma":"spa"},"aioseo_notices":[],"_links":{"self":[{"href":"https:\/\/www.claret.cat\/es\/wp-json\/wp\/v2\/product\/78678","targetHints":{"allow":["GET"]}}],"collection":[{"href":"https:\/\/www.claret.cat\/es\/wp-json\/wp\/v2\/product"}],"about":[{"href":"https:\/\/www.claret.cat\/es\/wp-json\/wp\/v2\/types\/product"}],"wp:featuredmedia":[{"embeddable":true,"href":"https:\/\/www.claret.cat\/es\/wp-json\/wp\/v2\/media\/308164"}],"wp:attachment":[{"href":"https:\/\/www.claret.cat\/es\/wp-json\/wp\/v2\/media?parent=78678"}],"wp:term":[{"taxonomy":"product_brand","embeddable":true,"href":"https:\/\/www.claret.cat\/es\/wp-json\/wp\/v2\/product_brand?post=78678"},{"taxonomy":"product_cat","embeddable":true,"href":"https:\/\/www.claret.cat\/es\/wp-json\/wp\/v2\/product_cat?post=78678"},{"taxonomy":"product_tag","embeddable":true,"href":"https:\/\/www.claret.cat\/es\/wp-json\/wp\/v2\/product_tag?post=78678"}],"curies":[{"name":"wp","href":"https:\/\/api.w.org\/{rel}","templated":true}]}}