{"id":7868,"date":"2022-09-16T12:21:57","date_gmt":"2022-09-16T10:21:57","guid":{"rendered":"http:\/\/dev.claret.cat\/producte\/san-antonio-maria-claret\/"},"modified":"2024-05-22T18:49:24","modified_gmt":"2024-05-22T16:49:24","slug":"san-antonio-maria-claret-9788498462166","status":"publish","type":"product","link":"https:\/\/www.claret.cat\/es\/libro\/san-antonio-maria-claret-9788498462166\/","title":{"rendered":"SAN ANTONIO MAR\u00cdA CLARET"},"content":{"rendered":"<p>San Antonio Mar\u00eda Claret representa la fecundidad de la exuberante fuerza de la Palabra de Dios, cuando nos entregamos a su perseverante lectura, con esp\u00edritu creyente y disponible para realizar la voluntad divina. Cada d\u00eda, de manera sistem\u00e1tica y met\u00f3dica, con una fidelidad que nunca decay\u00f3, Claret se consagr\u00f3 a su lectura con devoci\u00f3n y simplicidad de fe.<br \/>Como en Mar\u00eda la Palabra se hizo carne (Lc 1,38; Jn 1,14), de igual manera, en Claret la Palabra se ha hecho vida y misi\u00f3n. La Biblia le dio a luz, le transform\u00f3, le configur\u00f3 con una nueva existencia, conforme a la de Jes\u00fas misionero, el Hijo, enviado del Padre y ungido con el fuego del Esp\u00edritu Santo. Y \u00e9l la dio a luz al mundo, predic\u00f3 como misionero incansablemente la Palabra de Dios.<br \/>En este libro podemos contemplar con asombro c\u00f3mo la Palabra de Dios se apodera de \u00e9l, y \u2013esperamos que\u2013 tambi\u00e9n de nosotros, para seguir realizando las maravillas que su infinito poder despliega.<\/p>\n","protected":false},"excerpt":{"rendered":"<p>CONTRERAS MOLINA, FRANCIS<\/p>\n","protected":false},"featured_media":386297,"template":"","meta":{"_acf_changed":false,"om_disable_all_campaigns":false,"rs_blank_template":"","rs_page_bg_color":"","slide_template_v7":"","inline_featured_image":false,"_monsterinsights_skip_tracking":false,"_monsterinsights_sitenote_active":false,"_monsterinsights_sitenote_note":"","_monsterinsights_sitenote_category":0},"product_brand":[],"product_cat":[301,422,511,283,581,491,241],"product_tag":[],"class_list":{"0":"post-7868","1":"product","2":"type-product","3":"status-publish","4":"has-post-thumbnail","6":"product_cat-claretiana","7":"product_cat-claretiana-espiritualidad-1_espiritualidad","8":"product_cat-eclesiologia-teologia-1_espiritualidad","9":"product_cat-eclesiologia-teologia","10":"product_cat-editorial-claret","11":"product_cat-testimonios","12":"product_cat-testimonis","14":"first","15":"instock","16":"taxable","17":"shipping-taxable","18":"purchasable","19":"product-type-simple"},"acf":{"autor":"CONTRERAS MOLINA, FRANCIS","codart":"849846216","libros-coleccion":"A cielo abierto","ediciones":"1","encuadernacion":"R\u00fastica","fecha_de_publicacion":"06\/11\/2008","novedad":"0","paginas":"214","subtitulo":"LA PALABRA HECHA VIDA Y MISI\u00d3N","orden":"999","portada":"0","idioma":"spa","editorial":[{"ID":6158,"post_author":"3","post_date":"2022-07-28 17:46:08","post_date_gmt":"2022-07-28 15:46:08","post_content":"","post_title":"CLARET","post_excerpt":"","post_status":"publish","comment_status":"closed","ping_status":"closed","post_password":"","post_name":"claret","to_ping":"","pinged":"","post_modified":"2022-07-28 17:46:08","post_modified_gmt":"2022-07-28 15:46:08","post_content_filtered":"","post_parent":0,"guid":"http:\/\/dev.claret.cat\/editorial\/claret\/","menu_order":0,"post_type":"editorial","post_mime_type":"","comment_count":"0","filter":"raw"}],"autores-libros":[{"ID":8324,"post_author":"3","post_date":"2022-09-30 09:47:43","post_date_gmt":"2022-09-30 07:47:43","post_content":"","post_title":"FRANCISCO CONTRERAS MOLINA","post_excerpt":"","post_status":"publish","comment_status":"closed","ping_status":"closed","post_password":"","post_name":"francisco-contreras-molina","to_ping":"","pinged":"","post_modified":"2022-09-30 09:47:43","post_modified_gmt":"2022-09-30 07:47:43","post_content_filtered":"","post_parent":0,"guid":"http:\/\/dev.claret.cat\/autor\/francisco-contreras-molina\/","menu_order":0,"post_type":"autor","post_mime_type":"","comment_count":"0","filter":"raw"}]},"aioseo_notices":[],"_links":{"self":[{"href":"https:\/\/www.claret.cat\/es\/wp-json\/wp\/v2\/product\/7868","targetHints":{"allow":["GET"]}}],"collection":[{"href":"https:\/\/www.claret.cat\/es\/wp-json\/wp\/v2\/product"}],"about":[{"href":"https:\/\/www.claret.cat\/es\/wp-json\/wp\/v2\/types\/product"}],"wp:featuredmedia":[{"embeddable":true,"href":"https:\/\/www.claret.cat\/es\/wp-json\/wp\/v2\/media\/386297"}],"wp:attachment":[{"href":"https:\/\/www.claret.cat\/es\/wp-json\/wp\/v2\/media?parent=7868"}],"wp:term":[{"taxonomy":"product_brand","embeddable":true,"href":"https:\/\/www.claret.cat\/es\/wp-json\/wp\/v2\/product_brand?post=7868"},{"taxonomy":"product_cat","embeddable":true,"href":"https:\/\/www.claret.cat\/es\/wp-json\/wp\/v2\/product_cat?post=7868"},{"taxonomy":"product_tag","embeddable":true,"href":"https:\/\/www.claret.cat\/es\/wp-json\/wp\/v2\/product_tag?post=7868"}],"curies":[{"name":"wp","href":"https:\/\/api.w.org\/{rel}","templated":true}]}}