{"id":786878,"date":"2023-09-18T18:30:12","date_gmt":"2023-09-18T16:30:12","guid":{"rendered":"https:\/\/www.claret.cat\/llibre\/compassio-9788491364856\/"},"modified":"2026-03-25T18:05:27","modified_gmt":"2026-03-25T17:05:27","slug":"compassio-9788491364856","status":"publish","type":"product","link":"https:\/\/www.claret.cat\/es\/libro\/compassio-9788491364856\/","title":{"rendered":"COMPASSI\u00d3"},"content":{"rendered":"<p><span>Lluny de viure-la com a pietosa virtut, la Compassi\u00f3 va ser per a Jesucrist la praxi de la seva de-construcci\u00f3 de la l\u00f2gica del poder, i de la subversi\u00f3 del paradigma religi\u00f3s del Temple. El relat evang\u00e8lic (Mc 5,25-34) de la dona que tenia p\u00e8rdues de sang i es va atrevir a tocar el mantell de Crist \u2013malgrat la prohibici\u00f3 de la llei, per a la qual era una \u00abimpura\u00bb\u2013 \u00e9s ent\u00e8s no nom\u00e9s en clau de subversi\u00f3 i apoderament del codi religi\u00f3s sin\u00f3 tamb\u00e9 de creixement interior, tant per a ella Jes\u00fas com per a Jes\u00fas. Tots dos, cadasc\u00fa des de la pr\u00f2pia experi\u00e8ncia vital i sensibilitat, s\u2019encaren amb el \u00abl\u00edmit\u00bb \u2013condici\u00f3 inherent a l\u2019\u00e9sser hum\u00e0\u2013 i l\u2019afronten amb valentia, obertura i confian\u00e7a a l\u2019altre\/a. Gr\u00e0cies a ella, Jes\u00fas creix en humanitat. Gr\u00e0cies a Jes\u00fas, ella tamb\u00e9. La Compassi\u00f3\/compassi\u00f3, praxi subversiva en tant que dinamisme de Vida, la qual t\u00e9 la \u00faltima paraula sobre el patiment i la mort.<\/span><\/p>\n","protected":false},"excerpt":{"rendered":"<p>BARACCO COLOMBO, ADELAIDE<\/p>\n","protected":false},"featured_media":1077327,"template":"","meta":{"_acf_changed":false,"om_disable_all_campaigns":false,"rs_blank_template":"","rs_page_bg_color":"","slide_template_v7":"","inline_featured_image":false,"_monsterinsights_skip_tracking":false,"_monsterinsights_sitenote_active":false,"_monsterinsights_sitenote_note":"","_monsterinsights_sitenote_category":0},"product_brand":[],"product_cat":[307,541,91,581],"product_tag":[],"class_list":{"0":"post-786878","1":"product","2":"type-product","3":"status-publish","4":"has-post-thumbnail","6":"product_cat-catala","7":"product_cat-cristologia-1_espiritualidad-spa","8":"product_cat-cristologia","9":"product_cat-editorial-claret","11":"first","12":"instock","13":"taxable","14":"shipping-taxable","15":"purchasable","16":"product-type-simple"},"acf":{"autor":"BARACCO COLOMBO, ADELAIDE","codart":"849136485","libros-coleccion":"","ediciones":"1","encuadernacion":"R\u00fastica","fecha_de_publicacion":"24\/10\/2023","novedad":"1","paginas":"236","subtitulo":"LA NO-RELIGI\u00d3 DE JES\u00daS ","orden":"1000","portada":"0","idioma":"cat","editorial":[{"ID":6158,"post_author":"3","post_date":"2022-07-28 17:46:08","post_date_gmt":"2022-07-28 15:46:08","post_content":"","post_title":"CLARET","post_excerpt":"","post_status":"publish","comment_status":"closed","ping_status":"closed","post_password":"","post_name":"claret","to_ping":"","pinged":"","post_modified":"2022-07-28 17:46:08","post_modified_gmt":"2022-07-28 15:46:08","post_content_filtered":"","post_parent":0,"guid":"http:\/\/dev.claret.cat\/editorial\/claret\/","menu_order":0,"post_type":"editorial","post_mime_type":"","comment_count":"0","filter":"raw"}],"autores-libros":[{"ID":420008,"post_author":"3","post_date":"2023-05-16 00:33:10","post_date_gmt":"2023-05-15 22:33:10","post_content":"Adelaide Baracco Colombo, Tor\u00ed, 1951. Doctora en Teologia, docent en diferents institucions eclesials (ISCREB, ITF-Centre Borja, URC, CEP, Escola de Teologia del Maresme), ara jubilada. Membre de la ATE (Asociaci\u00f3n de Te\u00f3logas Espa\u00f1olas), de ESWTR (European Society of Women in Theological Research) i del col\u00b7lectiu Mujeres y Teolog\u00eda. Laica, casada, amb tres fill\/es i sis n\u00e9ts.\r\nEntre d\u2019altres, ha publicat: M\u00edstica i vida quotidiana. El Testimoni d\u2019Egied van Broeckhoven, (2007) (XVI Premi \u00abCristianisme i Cultura\u00bb de la FJM); Juliana de Norwich. Cuando la m\u00edstica se hace teolog\u00eda (2015); com a editora: Ca\u00edn, \u00bfd\u00f3nde est\u00e1 tu hermana? Dios y la violencia contra las mujeres (2017)","post_title":"ADELAIDE BARACCO COLOMBO","post_excerpt":"","post_status":"publish","comment_status":"closed","ping_status":"closed","post_password":"","post_name":"adelaide-baracco-colombo","to_ping":"","pinged":"","post_modified":"2023-09-20 11:25:08","post_modified_gmt":"2023-09-20 09:25:08","post_content_filtered":"","post_parent":0,"guid":"https:\/\/www.claret.cat\/autor\/adelaide-baracco-colombo\/","menu_order":0,"post_type":"autor","post_mime_type":"","comment_count":"0","filter":"raw"}],"booktrailer":"<iframe width=\"949\" height=\"533\" src=\"https:\/\/www.youtube.com\/embed\/r5OhVMZhDKg\" title=\"Compassi\u00f3. La no-religi\u00f3 de Jes\u00fas. Booktr\u00e0iler\" frameborder=\"0\" allow=\"accelerometer; autoplay; clipboard-write; encrypted-media; gyroscope; picture-in-picture; web-share\" allowfullscreen><\/iframe>","linkebook":"","ficha":"849136485_1695734871.pdf","muestra":"","precioebook":"0","presentacion":"<iframe width=\"949\" height=\"533\" src=\"https:\/\/www.youtube.com\/embed\/68yUXUcBfeY?si=DUamnNjS5nYHJZxT\" title=\"YouTube video player\" frameborder=\"0\" allow=\"accelerometer; autoplay; clipboard-write; encrypted-media; gyroscope; picture-in-picture; web-share\" allowfullscreen><\/iframe>","resenas":"<p>Catalunya Cristiana (catal\u00e0), 07\/04\/2024<\/p>\n<p><a href=\"https:\/\/drive.google.com\/file\/d\/1I8s3wkhmiB9DCIgLW0qzGK-lj0OVpsTi\/view?usp=sharing\" rel=\"noopener noreferrer\" target=\"_blank\">https:\/\/drive.google.com\/file\/d\/1I8s3wkhmiB9DCIgLW0qzGK-lj0OVpsTi\/view?usp=sharing<\/a><\/p>\n<p><\/p>\n<p>Catalunya Cristiana (castell\u00e0), 07\/04\/2024<\/p>\n<p><a href=\"https:\/\/drive.google.com\/file\/d\/1nVUaIRZL0sL_9Blc_za6wFlyKZiXTR2I\/view?usp=sharing\" rel=\"noopener noreferrer\" target=\"_blank\">https:\/\/drive.google.com\/file\/d\/1nVUaIRZL0sL_9Blc_za6wFlyKZiXTR2I\/view?usp=sharing<\/a><\/p>\n<p><\/p>\n<p>Catalunya Religi\u00f3, 23\/04\/2024<\/p>\n<p><a href=\"https:\/\/www.catalunyareligio.cat\/ca\/deu-recomanacions-literaries-sant-jordi-redaccio\" rel=\"noopener noreferrer\" target=\"_blank\">https:\/\/www.catalunyareligio.cat\/ca\/deu-recomanacions-literaries-sant-jordi-redaccio<\/a><\/p>\n<p><\/p>\n<p>3Cat, 19\/07\/2024<\/p>\n<p><a href=\"https:\/\/www.ccma.cat\/premsa\/la-teologa-feminista-adelaide-baracco-a-signes-dels-temps\/nota-de-premsa\/3304216\/?ext=SM_TW_F4_CE24_\" rel=\"noopener noreferrer\" target=\"_blank\">https:\/\/www.ccma.cat\/premsa\/la-teologa-feminista-adelaide-baracco-a-signes-dels-temps\/nota-de-premsa\/3304216\/?ext=SM_TW_F4_CE24_<\/a><\/p>\n<p><\/p>\n<p>Signes del temps (3Cat), 21\/07\/2024<\/p>\n<p><a href=\"https:\/\/www.ccma.cat\/3cat\/teologa-feminista-i-colonies-destiu\/video\/6293295\/\" rel=\"noopener noreferrer\" target=\"_blank\">https:\/\/www.ccma.cat\/3cat\/teologa-feminista-i-colonies-destiu\/video\/6293295\/<\/a><\/p>\n","traductores-libros":"","ilustradores-libros":"","formato":"","ebookportada":false,"recomendamos":"","mas_vendido":""},"aioseo_notices":[],"_links":{"self":[{"href":"https:\/\/www.claret.cat\/es\/wp-json\/wp\/v2\/product\/786878","targetHints":{"allow":["GET"]}}],"collection":[{"href":"https:\/\/www.claret.cat\/es\/wp-json\/wp\/v2\/product"}],"about":[{"href":"https:\/\/www.claret.cat\/es\/wp-json\/wp\/v2\/types\/product"}],"wp:featuredmedia":[{"embeddable":true,"href":"https:\/\/www.claret.cat\/es\/wp-json\/wp\/v2\/media\/1077327"}],"wp:attachment":[{"href":"https:\/\/www.claret.cat\/es\/wp-json\/wp\/v2\/media?parent=786878"}],"wp:term":[{"taxonomy":"product_brand","embeddable":true,"href":"https:\/\/www.claret.cat\/es\/wp-json\/wp\/v2\/product_brand?post=786878"},{"taxonomy":"product_cat","embeddable":true,"href":"https:\/\/www.claret.cat\/es\/wp-json\/wp\/v2\/product_cat?post=786878"},{"taxonomy":"product_tag","embeddable":true,"href":"https:\/\/www.claret.cat\/es\/wp-json\/wp\/v2\/product_tag?post=786878"}],"curies":[{"name":"wp","href":"https:\/\/api.w.org\/{rel}","templated":true}]}}