{"id":7871,"date":"2022-09-16T12:22:01","date_gmt":"2022-09-16T10:22:01","guid":{"rendered":"http:\/\/dev.claret.cat\/producte\/cosmologies-actuals-i-fe-cristiana\/"},"modified":"2024-05-22T18:48:11","modified_gmt":"2024-05-22T16:48:11","slug":"cosmologies-actuals-i-fe-cristiana-9788498462326","status":"publish","type":"product","link":"https:\/\/www.claret.cat\/es\/libro\/cosmologies-actuals-i-fe-cristiana-9788498462326\/","title":{"rendered":"COSMOLOGIES ACTUALS I FE CRISTIANA"},"content":{"rendered":"<p>Ha plogut molt d&#8217;en\u00e7\u00e0 que, el 1985, Francesc Nicolau publicava el llibre \u00abOrigen i estructura de l&#8217;univers\u00bb, i els cient\u00edfics no han estat pas inactius en tot aquest temps. Precisament la cosmologia \u00e9s una de les ci\u00e8ncies que m\u00e9s bibliografia ha originat en els \u00faltims 20 anys. Per aix\u00f2 s&#8217;ha decidit a donar als lectors un nou resum divulgatiu del que es pot dir actualment sobre aquest tema. No proposa cap teoria pr\u00f2pia sin\u00f3 que, com sol fer, exposa els trets essencials de les diverses teories existents amb un llenguatge clar i entenedor per a tots els p\u00fablics.<\/p>\n","protected":false},"excerpt":{"rendered":"<p>NICOLAU POUS, FRANCESC<\/p>\n","protected":false},"featured_media":367544,"template":"","meta":{"_acf_changed":false,"om_disable_all_campaigns":false,"rs_blank_template":"","rs_page_bg_color":"","slide_template_v7":"","inline_featured_image":false,"_monsterinsights_skip_tracking":false,"_monsterinsights_sitenote_active":false,"_monsterinsights_sitenote_note":"","_monsterinsights_sitenote_category":0},"product_brand":[],"product_cat":[279,509,169,440,581,451,186,275,413],"product_tag":[],"class_list":{"0":"post-7871","1":"product","2":"type-product","3":"status-publish","4":"has-post-thumbnail","6":"product_cat-antropologia-teologica","7":"product_cat-antropologia-teologica-teologia-1_espiritualidad","8":"product_cat-de-la-ciencia","9":"product_cat-de-la-ciencia-filosofia-2_humanidades","10":"product_cat-editorial-claret","11":"product_cat-estudios-e-investigacion-pedagogia-2_humanidades","12":"product_cat-estudis-i-investigacio-pedagogia-2_humanitats","13":"product_cat-fonamental","14":"product_cat-fundamental","16":"first","17":"instock","18":"taxable","19":"shipping-taxable","20":"purchasable","21":"product-type-simple"},"acf":{"autor":"NICOLAU POUS, FRANCESC","codart":"849846232","libros-coleccion":"Cultura i Pensament","ediciones":"1","encuadernacion":"R\u00fastica","fecha_de_publicacion":"20\/10\/2008","novedad":"0","paginas":"244","subtitulo":"","orden":"999","portada":"0","idioma":"cat","editorial":[{"ID":6158,"post_author":"3","post_date":"2022-07-28 17:46:08","post_date_gmt":"2022-07-28 15:46:08","post_content":"","post_title":"CLARET","post_excerpt":"","post_status":"publish","comment_status":"closed","ping_status":"closed","post_password":"","post_name":"claret","to_ping":"","pinged":"","post_modified":"2022-07-28 17:46:08","post_modified_gmt":"2022-07-28 15:46:08","post_content_filtered":"","post_parent":0,"guid":"http:\/\/dev.claret.cat\/editorial\/claret\/","menu_order":0,"post_type":"editorial","post_mime_type":"","comment_count":"0","filter":"raw"}],"autores-libros":[{"ID":8321,"post_author":"3","post_date":"2022-09-30 09:47:42","post_date_gmt":"2022-09-30 07:47:42","post_content":"","post_title":"FRANCESC NICOLAU POUS","post_excerpt":"","post_status":"publish","comment_status":"closed","ping_status":"closed","post_password":"","post_name":"francesc-nicolau-pous","to_ping":"","pinged":"","post_modified":"2022-09-30 09:47:42","post_modified_gmt":"2022-09-30 07:47:42","post_content_filtered":"","post_parent":0,"guid":"http:\/\/dev.claret.cat\/autor\/francesc-nicolau-pous\/","menu_order":0,"post_type":"autor","post_mime_type":"","comment_count":"0","filter":"raw"}]},"aioseo_notices":[],"_links":{"self":[{"href":"https:\/\/www.claret.cat\/es\/wp-json\/wp\/v2\/product\/7871","targetHints":{"allow":["GET"]}}],"collection":[{"href":"https:\/\/www.claret.cat\/es\/wp-json\/wp\/v2\/product"}],"about":[{"href":"https:\/\/www.claret.cat\/es\/wp-json\/wp\/v2\/types\/product"}],"wp:featuredmedia":[{"embeddable":true,"href":"https:\/\/www.claret.cat\/es\/wp-json\/wp\/v2\/media\/367544"}],"wp:attachment":[{"href":"https:\/\/www.claret.cat\/es\/wp-json\/wp\/v2\/media?parent=7871"}],"wp:term":[{"taxonomy":"product_brand","embeddable":true,"href":"https:\/\/www.claret.cat\/es\/wp-json\/wp\/v2\/product_brand?post=7871"},{"taxonomy":"product_cat","embeddable":true,"href":"https:\/\/www.claret.cat\/es\/wp-json\/wp\/v2\/product_cat?post=7871"},{"taxonomy":"product_tag","embeddable":true,"href":"https:\/\/www.claret.cat\/es\/wp-json\/wp\/v2\/product_tag?post=7871"}],"curies":[{"name":"wp","href":"https:\/\/api.w.org\/{rel}","templated":true}]}}