{"id":78723,"date":"2022-10-11T16:12:42","date_gmt":"2022-10-11T14:12:42","guid":{"rendered":"http:\/\/dev.claret.cat\/producte\/romper-el-hechizo\/"},"modified":"2026-01-19T11:49:55","modified_gmt":"2026-01-19T10:49:55","slug":"romper-el-hechizo-9788431337919","status":"publish","type":"product","link":"https:\/\/www.claret.cat\/es\/libro\/romper-el-hechizo-9788431337919\/","title":{"rendered":"ROMPER EL HECHIZO"},"content":{"rendered":"<p>\u00bfCu\u00e1l es la imagen de la filosof\u00eda que se desprende del estilo narrativo de los di\u00e1logos de Plat\u00f3n? \u00bfQu\u00e9 papel juegan las puestas en escena, los personajes, los mitos y otros recursos dram\u00e1ticos y literarios en la elaboraci\u00f3n de los argumentos plat\u00f3nicos? En este libro se exploran estas y otras preguntas. En Plat\u00f3n, los aspectos dram\u00e1ticos de los di\u00e1logos presentan ya una concepci\u00f3n del quehacer filos\u00f3fico. De este modo, la filosof\u00eda no supone el abandono del lenguaje po\u00e9tico ni ordinario, sino un nuevo modo de usar el lenguaje que permite elevarse a lo trascendente, despertando al alma del sue\u00f1o en el que nace. En esta medida, los di\u00e1logos son invitaciones a seguir pensando, a recorrer la propia singladura filos\u00f3fica y exigen de nuestra parte no ser espectadores neutrales, sino entrar en ellos y dejarnos envolver por el drama que se est\u00e1 ejecutando.<br \/>Esta investigaci\u00f3n se centra en tres di\u00e1logos tard\u00edos (Parm\u00e9nides, Teeteto y Sofista) en los que se hace m\u00e1s punzante la pregunta por la posibilidad del conocimiento y de la filosof\u00eda, en un espacio cultural dominado por la sof\u00edstica.<\/p>\n","protected":false},"excerpt":{"rendered":"<p>CARBONELL FERN\u00c1NDEZ, CLAUDIA<\/p>\n","protected":false},"featured_media":454404,"template":"","meta":{"_acf_changed":false,"om_disable_all_campaigns":false,"rs_blank_template":"","rs_page_bg_color":"","slide_template_v7":"","inline_featured_image":false,"_monsterinsights_skip_tracking":false,"_monsterinsights_sitenote_active":false,"_monsterinsights_sitenote_note":"","_monsterinsights_sitenote_category":0},"product_brand":[],"product_cat":[373,166,165,438],"product_tag":[],"class_list":{"0":"post-78723","1":"product","2":"type-product","3":"status-publish","4":"has-post-thumbnail","6":"product_cat-autores","7":"product_cat-autors-filosofia","8":"product_cat-historia-i-corrents-filosofia-2_humanitats","9":"product_cat-historia-y-corrientes-filosofia-2_humanidades","11":"first","12":"instock","13":"taxable","14":"shipping-taxable","15":"purchasable","16":"product-type-simple"},"acf":{"editorial":[{"ID":6251,"post_author":"3","post_date":"2022-07-28 17:48:11","post_date_gmt":"2022-07-28 15:48:11","post_content":"","post_title":"EUNSA. EDICIONES UNIVERSIDAD DE NAVARRA","post_excerpt":"","post_status":"publish","comment_status":"closed","ping_status":"closed","post_password":"","post_name":"eunsa-ediciones-universidad-de-navarra","to_ping":"","pinged":"","post_modified":"2022-07-28 17:48:11","post_modified_gmt":"2022-07-28 15:48:11","post_content_filtered":"","post_parent":0,"guid":"http:\/\/dev.claret.cat\/editorial\/eunsa-ediciones-universidad-de-navarra\/","menu_order":0,"post_type":"editorial","post_mime_type":"","comment_count":"0","filter":"raw"}],"autor":"CARBONELL FERN\u00c1NDEZ, CLAUDIA","codart":"843133791","libros-coleccion":"Filos\u00f3fica","ediciones":"1","encuadernacion":"R\u00fastica","fecha_de_publicacion":"01\/10\/2022","novedad":"1","paginas":"224","subtitulo":"FILOSOF\u00cdA, DRAMA E IMAGEN EN PLAT\u00d3N","orden":"0","portada":"0","idioma":"spa","autores-libros":[{"ID":153081,"post_author":"3","post_date":"2022-10-14 14:53:55","post_date_gmt":"2022-10-14 12:53:55","post_content":"","post_title":"CLAUDIA CARBONELL FERN\u00c1NDEZ","post_excerpt":"","post_status":"publish","comment_status":"closed","ping_status":"closed","post_password":"","post_name":"claudia-carbonell-fernandez","to_ping":"","pinged":"","post_modified":"2022-10-14 14:53:55","post_modified_gmt":"2022-10-14 12:53:55","post_content_filtered":"","post_parent":0,"guid":"http:\/\/dev.claret.cat\/autor\/claudia-carbonell-fernandez\/","menu_order":0,"post_type":"autor","post_mime_type":"","comment_count":"0","filter":"raw"}],"booktrailer":"","resenas":""},"aioseo_notices":[],"_links":{"self":[{"href":"https:\/\/www.claret.cat\/es\/wp-json\/wp\/v2\/product\/78723","targetHints":{"allow":["GET"]}}],"collection":[{"href":"https:\/\/www.claret.cat\/es\/wp-json\/wp\/v2\/product"}],"about":[{"href":"https:\/\/www.claret.cat\/es\/wp-json\/wp\/v2\/types\/product"}],"wp:featuredmedia":[{"embeddable":true,"href":"https:\/\/www.claret.cat\/es\/wp-json\/wp\/v2\/media\/454404"}],"wp:attachment":[{"href":"https:\/\/www.claret.cat\/es\/wp-json\/wp\/v2\/media?parent=78723"}],"wp:term":[{"taxonomy":"product_brand","embeddable":true,"href":"https:\/\/www.claret.cat\/es\/wp-json\/wp\/v2\/product_brand?post=78723"},{"taxonomy":"product_cat","embeddable":true,"href":"https:\/\/www.claret.cat\/es\/wp-json\/wp\/v2\/product_cat?post=78723"},{"taxonomy":"product_tag","embeddable":true,"href":"https:\/\/www.claret.cat\/es\/wp-json\/wp\/v2\/product_tag?post=78723"}],"curies":[{"name":"wp","href":"https:\/\/api.w.org\/{rel}","templated":true}]}}