{"id":78762,"date":"2022-10-11T16:13:12","date_gmt":"2022-10-11T14:13:12","guid":{"rendered":"http:\/\/dev.claret.cat\/producte\/solo-vive-quien-muere\/"},"modified":"2023-10-06T07:52:22","modified_gmt":"2023-10-06T05:52:22","slug":"solo-vive-quien-muere-9788411311304","status":"publish","type":"product","link":"https:\/\/www.claret.cat\/es\/libro\/solo-vive-quien-muere-9788411311304\/","title":{"rendered":"SOLO VIVE QUIEN MUERE"},"content":{"rendered":"<p>1 de mayo de 2020. En el \u00faltimo d\u00eda de confinamiento como consecuencia de la pandemia provocada por el Covid19, la inspectora Carmen Puerto se sumerge, de la manera m\u00e1s imprevista e indeseada, en un caso que habr\u00e1 de marcar su trayectoria profesional, con una Sevilla espectral y silenciosa como ins\u00f3lito marco. Una serie de asesinatos que la atormentaron a\u00f1os atr\u00e1s, y que no pudo resolver, regresan al presente.<br \/> En esta ocasi\u00f3n, la inspectora, acompa\u00f1ada de sus inseparables Jaime Cuesta y Julia N\u00fa\u00f1ez, protagoniza una historia dominada por los giros imprevistos y por el reencuentro con su pasado m\u00e1s temido. &#8216;S\u00f3lo vive quien muere&#8217; cierra un c\u00edrculo que comenz\u00f3 a dibujarse en &#8216;Los amantes an\u00f3nimos&#8217; y que continu\u00f3 en &#8216;El lenguaje de las mareas&#8217;, t\u00edtulos ya cl\u00e1sicos del g\u00e9nero negro hispano. Carmen Puerto, fiel a sus peculiares m\u00e9todos de trabajo, deber\u00e1 enfrentarse, en las condiciones m\u00e1s adversas, con el asesino m\u00e1s despiadado y met\u00f3dico que nunca antes haya conocido. Y nuevamente en los ca\u00f1os y esteros que unen Ayamonte con Isla Cristina, ese m\u00e1gico laberinto que tan pocos conocen.<br \/> Salvador Guti\u00e9rrez Sol\u00eds recrea una historia trepidante y oscura, una novela negra ambiciosa, sorprendente y diab\u00f3licamente estructurada, que gracias a su ritmo y sucesi\u00f3n de acontecimientos mantendr\u00e1 al lector m\u00e1s exigente entregado a su lectura.<\/p>\n<p> ?Novela negra de gran calidad?. ABC<\/p>\n<p> ?Un thriller trepidante que ensancha los l\u00edmites del g\u00e9nero?. Cuadernos del Sur<\/p>\n<p> ?Narrativa que pocos autores consiguen?. TodoLiteratura<\/p>\n<p> ?Novela imprescindible?. Ideal<\/p>\n<p> ?Un turbador retrato del mal?. El Cultural<\/p>\n","protected":false},"excerpt":{"rendered":"<p>SALVADOR GUTI\u00c9RREZ SOL\u00cdS<\/p>\n","protected":false},"featured_media":78763,"template":"","meta":{"_acf_changed":false,"om_disable_all_campaigns":false,"rs_blank_template":"","rs_page_bg_color":"","slide_template_v7":"","inline_featured_image":false,"_monsterinsights_skip_tracking":false,"_monsterinsights_sitenote_active":false,"_monsterinsights_sitenote_note":"","_monsterinsights_sitenote_category":0},"product_brand":[],"product_cat":[357],"product_tag":[],"class_list":{"0":"post-78762","1":"product","2":"type-product","3":"status-publish","4":"has-post-thumbnail","6":"product_cat-novela-contemporanea","8":"first","9":"instock","10":"taxable","11":"shipping-taxable","12":"purchasable","13":"product-type-simple"},"acf":{"editorial":[{"ID":6120,"post_author":"3","post_date":"2022-07-28 17:45:19","post_date_gmt":"2022-07-28 15:45:19","post_content":"","post_title":"ALMUZARA","post_excerpt":"","post_status":"publish","comment_status":"closed","ping_status":"closed","post_password":"","post_name":"almuzara","to_ping":"","pinged":"","post_modified":"2022-07-28 17:45:19","post_modified_gmt":"2022-07-28 15:45:19","post_content_filtered":"","post_parent":0,"guid":"http:\/\/dev.claret.cat\/editorial\/almuzara\/","menu_order":0,"post_type":"editorial","post_mime_type":"","comment_count":"0","filter":"raw"}],"autores-libros":[{"ID":168856,"post_author":"3","post_date":"2022-10-14 22:22:30","post_date_gmt":"2022-10-14 20:22:30","post_content":"","post_title":"SALVADOR GUTI\u00c9RREZ SOL\u00cdS","post_excerpt":"","post_status":"publish","comment_status":"closed","ping_status":"closed","post_password":"","post_name":"salvador-gutierrez-solis","to_ping":"","pinged":"","post_modified":"2022-10-14 22:22:30","post_modified_gmt":"2022-10-14 20:22:30","post_content_filtered":"","post_parent":0,"guid":"http:\/\/dev.claret.cat\/autor\/salvador-gutierrez-solis\/","menu_order":0,"post_type":"autor","post_mime_type":"","comment_count":"0","filter":"raw"}],"autor":"SALVADOR GUTI\u00c9RREZ SOL\u00cdS","codart":"841131130","libros-coleccion":"FORA DE COL.LECCI\u00d3","ediciones":"1","encuadernacion":"R\u00fastica","fecha_de_publicacion":"01\/10\/2022","novedad":"1","paginas":"361","subtitulo":"","orden":"0","portada":"0","idioma":"spa"},"aioseo_notices":[],"_links":{"self":[{"href":"https:\/\/www.claret.cat\/es\/wp-json\/wp\/v2\/product\/78762","targetHints":{"allow":["GET"]}}],"collection":[{"href":"https:\/\/www.claret.cat\/es\/wp-json\/wp\/v2\/product"}],"about":[{"href":"https:\/\/www.claret.cat\/es\/wp-json\/wp\/v2\/types\/product"}],"wp:featuredmedia":[{"embeddable":true,"href":"https:\/\/www.claret.cat\/es\/wp-json\/wp\/v2\/media\/78763"}],"wp:attachment":[{"href":"https:\/\/www.claret.cat\/es\/wp-json\/wp\/v2\/media?parent=78762"}],"wp:term":[{"taxonomy":"product_brand","embeddable":true,"href":"https:\/\/www.claret.cat\/es\/wp-json\/wp\/v2\/product_brand?post=78762"},{"taxonomy":"product_cat","embeddable":true,"href":"https:\/\/www.claret.cat\/es\/wp-json\/wp\/v2\/product_cat?post=78762"},{"taxonomy":"product_tag","embeddable":true,"href":"https:\/\/www.claret.cat\/es\/wp-json\/wp\/v2\/product_tag?post=78762"}],"curies":[{"name":"wp","href":"https:\/\/api.w.org\/{rel}","templated":true}]}}