{"id":78768,"date":"2022-10-11T16:13:16","date_gmt":"2022-10-11T14:13:16","guid":{"rendered":"http:\/\/dev.claret.cat\/producte\/mis-inventos\/"},"modified":"2023-10-06T08:27:08","modified_gmt":"2023-10-06T06:27:08","slug":"mis-inventos-9788491119128","status":"publish","type":"product","link":"https:\/\/www.claret.cat\/es\/libro\/mis-inventos-9788491119128\/","title":{"rendered":"MIS INVENTOS"},"content":{"rendered":"<p>Nikola Tesla (1856-1943) fue un profeta de la era electr\u00f3nica. Sus investigaciones sentaron gran parte de las bases de los sistemas el\u00e9ctricos y de comunicaci\u00f3n modernos, y entre sus impresionantes logros figuran el desarrollo del sistema el\u00e9ctrico de corriente alterna, la radio, el transformador de bobina de Tesla, la transmisi\u00f3n inal\u00e1mbrica y la iluminaci\u00f3n fluorescente.  Las investigaciones de Tesla fueron tan revolucionarias que muchos de sus contempor\u00e1neos no las entendieron y se atribuyen injustamente sus innovaciones a otros cient\u00edficos. El cient\u00edfico visionario se sincera en este volumen, publicado originalmente como una serie de seis art\u00edculos en la revista Electrical Experimenter. Tesla relata su infancia en Croacia, su educaci\u00f3n y trabajo en Europa, su colaboraci\u00f3n con Thomas Edison y sus posteriores investigaciones. Escritas con ingenio y br\u00edo, estas memorias ofrecen una visi\u00f3n fascinante de una de las grandes mentes de la ciencia moderna.<\/p>\n","protected":false},"excerpt":{"rendered":"<p>TESLA, NIKOLA<\/p>\n","protected":false},"featured_media":78769,"template":"","meta":{"_acf_changed":false,"om_disable_all_campaigns":false,"rs_blank_template":"","rs_page_bg_color":"","slide_template_v7":"","inline_featured_image":false,"_monsterinsights_skip_tracking":false,"_monsterinsights_sitenote_active":false,"_monsterinsights_sitenote_note":"","_monsterinsights_sitenote_category":0},"product_brand":[],"product_cat":[549],"product_tag":[],"class_list":{"0":"post-78768","1":"product","2":"type-product","3":"status-publish","4":"has-post-thumbnail","6":"product_cat-biografias","8":"first","9":"instock","10":"taxable","11":"shipping-taxable","12":"purchasable","13":"product-type-simple"},"acf":{"editorial":[{"ID":6318,"post_author":"3","post_date":"2022-07-28 17:49:37","post_date_gmt":"2022-07-28 15:49:37","post_content":"","post_title":"OBELISCO","post_excerpt":"","post_status":"publish","comment_status":"closed","ping_status":"closed","post_password":"","post_name":"obelisco","to_ping":"","pinged":"","post_modified":"2022-07-28 17:49:37","post_modified_gmt":"2022-07-28 15:49:37","post_content_filtered":"","post_parent":0,"guid":"http:\/\/dev.claret.cat\/editorial\/obelisco\/","menu_order":0,"post_type":"editorial","post_mime_type":"","comment_count":"0","filter":"raw"}],"autor":"TESLA, NIKOLA","codart":"849111912","libros-coleccion":"ESTUDIOS Y DOCUMENTOS","ediciones":"1","encuadernacion":"R\u00fastica","fecha_de_publicacion":"01\/09\/2022","novedad":"1","paginas":"106","subtitulo":"","orden":"0","portada":"0","idioma":"spa","autores-libros":[{"ID":165879,"post_author":"3","post_date":"2022-10-14 17:58:40","post_date_gmt":"2022-10-14 15:58:40","post_content":"","post_title":"NIKOLA TESLA","post_excerpt":"","post_status":"publish","comment_status":"closed","ping_status":"closed","post_password":"","post_name":"nikola-tesla","to_ping":"","pinged":"","post_modified":"2022-10-14 17:58:40","post_modified_gmt":"2022-10-14 15:58:40","post_content_filtered":"","post_parent":0,"guid":"http:\/\/dev.claret.cat\/autor\/nikola-tesla\/","menu_order":0,"post_type":"autor","post_mime_type":"","comment_count":"0","filter":"raw"}]},"aioseo_notices":[],"_links":{"self":[{"href":"https:\/\/www.claret.cat\/es\/wp-json\/wp\/v2\/product\/78768","targetHints":{"allow":["GET"]}}],"collection":[{"href":"https:\/\/www.claret.cat\/es\/wp-json\/wp\/v2\/product"}],"about":[{"href":"https:\/\/www.claret.cat\/es\/wp-json\/wp\/v2\/types\/product"}],"wp:featuredmedia":[{"embeddable":true,"href":"https:\/\/www.claret.cat\/es\/wp-json\/wp\/v2\/media\/78769"}],"wp:attachment":[{"href":"https:\/\/www.claret.cat\/es\/wp-json\/wp\/v2\/media?parent=78768"}],"wp:term":[{"taxonomy":"product_brand","embeddable":true,"href":"https:\/\/www.claret.cat\/es\/wp-json\/wp\/v2\/product_brand?post=78768"},{"taxonomy":"product_cat","embeddable":true,"href":"https:\/\/www.claret.cat\/es\/wp-json\/wp\/v2\/product_cat?post=78768"},{"taxonomy":"product_tag","embeddable":true,"href":"https:\/\/www.claret.cat\/es\/wp-json\/wp\/v2\/product_tag?post=78768"}],"curies":[{"name":"wp","href":"https:\/\/api.w.org\/{rel}","templated":true}]}}