{"id":78774,"date":"2022-10-11T16:13:22","date_gmt":"2022-10-11T14:13:22","guid":{"rendered":"http:\/\/dev.claret.cat\/producte\/el-secreto-para-atraer-el-dinero\/"},"modified":"2023-10-06T07:56:24","modified_gmt":"2023-10-06T05:56:24","slug":"el-secreto-para-atraer-el-dinero-9788491119104","status":"publish","type":"product","link":"https:\/\/www.claret.cat\/es\/libro\/el-secreto-para-atraer-el-dinero-9788491119104\/","title":{"rendered":"EL SECRETO PARA ATRAER EL DINERO"},"content":{"rendered":"<p>\u00a1El Dr. Joe Vitale, autor de \u00e9xito de ventas y protagonista junto a otros actores de The Secret, te ense\u00f1a c\u00f3mo atraer dinero con facilidad y sin esfuerzo aprovechando el asombroso poder de la Ley de la Atracci\u00f3n! El potencial para atraer dinero y crear abundante riqueza no reside en tu trabajo, tus circunstancias personales, ni siquiera en tu econom\u00eda. Reside dentro de ti. Tu mente est\u00e1 provista de la capacidad natural de atraer tanto dinero como desees y necesites, en cualquier momento, lugar y situaci\u00f3n financiera, sin realizar esfuerzo alguno. S\u00f3lo tienes que saber c\u00f3mo activar esta ley.  Con este libro aprender\u00e1s a identificar y conquistar los bloqueos mentales inconscientes, los mitos y las ideas equivocadas que circulan sobre el dinero, y las creencias limitantes que impiden que atraigas el dinero y descubras nuevos procesos de pensamiento que te abrir\u00e1n las compuertas del dinero y la riqueza.<\/p>\n","protected":false},"excerpt":{"rendered":"<p>VITALE, JOE<\/p>\n","protected":false},"featured_media":78775,"template":"","meta":{"_acf_changed":false,"om_disable_all_campaigns":false,"rs_blank_template":"","rs_page_bg_color":"","slide_template_v7":"","inline_featured_image":false,"_monsterinsights_skip_tracking":false,"_monsterinsights_sitenote_active":false,"_monsterinsights_sitenote_note":"","_monsterinsights_sitenote_category":0},"product_brand":[],"product_cat":[378],"product_tag":[],"class_list":{"0":"post-78774","1":"product","2":"type-product","3":"status-publish","4":"has-post-thumbnail","6":"product_cat-social-y-economica","8":"first","9":"instock","10":"taxable","11":"shipping-taxable","12":"purchasable","13":"product-type-simple"},"acf":{"editorial":[{"ID":6318,"post_author":"3","post_date":"2022-07-28 17:49:37","post_date_gmt":"2022-07-28 15:49:37","post_content":"","post_title":"OBELISCO","post_excerpt":"","post_status":"publish","comment_status":"closed","ping_status":"closed","post_password":"","post_name":"obelisco","to_ping":"","pinged":"","post_modified":"2022-07-28 17:49:37","post_modified_gmt":"2022-07-28 15:49:37","post_content_filtered":"","post_parent":0,"guid":"http:\/\/dev.claret.cat\/editorial\/obelisco\/","menu_order":0,"post_type":"editorial","post_mime_type":"","comment_count":"0","filter":"raw"}],"autor":"VITALE, JOE","codart":"849111910","libros-coleccion":"EXITO","ediciones":"1","encuadernacion":"R\u00fastica","fecha_de_publicacion":"01\/10\/2022","novedad":"1","paginas":"126","subtitulo":"UN SISTEMA ESPIRITUAL PR\u00c1CTICO PARA LA ABUNDANCIA Y LA PROSPERIDAD","orden":"0","portada":"0","idioma":"spa","autores-libros":[{"ID":159568,"post_author":"3","post_date":"2022-10-14 15:45:55","post_date_gmt":"2022-10-14 13:45:55","post_content":"","post_title":"JOE VITALE","post_excerpt":"","post_status":"publish","comment_status":"closed","ping_status":"closed","post_password":"","post_name":"joe-vitale","to_ping":"","pinged":"","post_modified":"2022-10-14 15:45:55","post_modified_gmt":"2022-10-14 13:45:55","post_content_filtered":"","post_parent":0,"guid":"http:\/\/dev.claret.cat\/autor\/joe-vitale\/","menu_order":0,"post_type":"autor","post_mime_type":"","comment_count":"0","filter":"raw"}]},"aioseo_notices":[],"_links":{"self":[{"href":"https:\/\/www.claret.cat\/es\/wp-json\/wp\/v2\/product\/78774","targetHints":{"allow":["GET"]}}],"collection":[{"href":"https:\/\/www.claret.cat\/es\/wp-json\/wp\/v2\/product"}],"about":[{"href":"https:\/\/www.claret.cat\/es\/wp-json\/wp\/v2\/types\/product"}],"wp:featuredmedia":[{"embeddable":true,"href":"https:\/\/www.claret.cat\/es\/wp-json\/wp\/v2\/media\/78775"}],"wp:attachment":[{"href":"https:\/\/www.claret.cat\/es\/wp-json\/wp\/v2\/media?parent=78774"}],"wp:term":[{"taxonomy":"product_brand","embeddable":true,"href":"https:\/\/www.claret.cat\/es\/wp-json\/wp\/v2\/product_brand?post=78774"},{"taxonomy":"product_cat","embeddable":true,"href":"https:\/\/www.claret.cat\/es\/wp-json\/wp\/v2\/product_cat?post=78774"},{"taxonomy":"product_tag","embeddable":true,"href":"https:\/\/www.claret.cat\/es\/wp-json\/wp\/v2\/product_tag?post=78774"}],"curies":[{"name":"wp","href":"https:\/\/api.w.org\/{rel}","templated":true}]}}