{"id":78798,"date":"2022-10-11T16:13:41","date_gmt":"2022-10-11T14:13:41","guid":{"rendered":"http:\/\/dev.claret.cat\/producte\/la-luz-revelada\/"},"modified":"2023-10-06T07:56:10","modified_gmt":"2023-10-06T05:56:10","slug":"la-luz-revelada-9788418619663","status":"publish","type":"product","link":"https:\/\/www.claret.cat\/es\/libro\/la-luz-revelada-9788418619663\/","title":{"rendered":"LA LUZ REVELADA"},"content":{"rendered":"<p>C\u00f3mo la luz ilumin\u00f3 nuestra comprensi\u00f3n del universo,<br \/>por el premio Nobel de F\u00edsica Serge Haroche. \u00bfQu\u00e9 es la luz, ese fen\u00f3meno que ha iluminado y fascinado a la humanidad desde el principio de los tiempos? Serge Haroche traza el panorama de lo que sabemos hoy sobre ella, c\u00f3mo  lo aprendimos y hasta qu\u00e9 punto todo ello revolucion\u00f3 nuestra vida. Al rastrear la historia de la ciencia de la luz desde Galileo hasta  nuestros d\u00edas, Haroche nos ense\u00f1a tambi\u00e9n c\u00f3mo naci\u00f3 la teor\u00eda de la relatividad y de d\u00f3nde proviene la f\u00edsica cu\u00e1ntica. Revive desde dentro, como te\u00f3rico y experimentador, esta fascinante  aventura cient\u00edfica trazando reveladoras conexiones entre la \u00f3ptica, la  mec\u00e1nica, la electricidad y el magnetismo, para mostrarnos el papel  esencial que ha desempe\u00f1ado la luz en el nacimiento de la f\u00edsica moderna y en nuestra representaci\u00f3n del universo.<\/p>\n","protected":false},"excerpt":{"rendered":"<p>HAROCHE, SERGE<\/p>\n","protected":false},"featured_media":78799,"template":"","meta":{"_acf_changed":false,"om_disable_all_campaigns":false,"rs_blank_template":"","rs_page_bg_color":"","slide_template_v7":"","inline_featured_image":false,"_monsterinsights_skip_tracking":false,"_monsterinsights_sitenote_active":false,"_monsterinsights_sitenote_note":"","_monsterinsights_sitenote_category":0},"product_brand":[],"product_cat":[554],"product_tag":[],"class_list":{"0":"post-78798","1":"product","2":"type-product","3":"status-publish","4":"has-post-thumbnail","6":"product_cat-ciencia-5_otras-spa","8":"first","9":"instock","10":"taxable","11":"shipping-taxable","12":"purchasable","13":"product-type-simple"},"acf":{"editorial":[{"ID":6177,"post_author":"3","post_date":"2022-07-28 17:46:33","post_date_gmt":"2022-07-28 15:46:33","post_content":"","post_title":"DEBATE","post_excerpt":"","post_status":"publish","comment_status":"closed","ping_status":"closed","post_password":"","post_name":"debate","to_ping":"","pinged":"","post_modified":"2022-07-28 17:46:33","post_modified_gmt":"2022-07-28 15:46:33","post_content_filtered":"","post_parent":0,"guid":"http:\/\/dev.claret.cat\/editorial\/debate\/","menu_order":0,"post_type":"editorial","post_mime_type":"","comment_count":"0","filter":"raw"}],"autor":"HAROCHE, SERGE","codart":"841861966","libros-coleccion":"Ciencia y Tecnolog\u00eda","ediciones":"1","encuadernacion":"R\u00fastica","fecha_de_publicacion":"01\/10\/2022","novedad":"1","paginas":"474","subtitulo":"DEL TELESCOPIO DE GALILEO A LA EXTRA\u00d1EZA CU\u00c1NTICA","orden":"0","portada":"0","idioma":"spa","autores-libros":[{"ID":169301,"post_author":"3","post_date":"2022-10-14 22:26:08","post_date_gmt":"2022-10-14 20:26:08","post_content":"","post_title":"SERGE HAROCHE","post_excerpt":"","post_status":"publish","comment_status":"closed","ping_status":"closed","post_password":"","post_name":"serge-haroche","to_ping":"","pinged":"","post_modified":"2022-10-14 22:26:08","post_modified_gmt":"2022-10-14 20:26:08","post_content_filtered":"","post_parent":0,"guid":"http:\/\/dev.claret.cat\/autor\/serge-haroche\/","menu_order":0,"post_type":"autor","post_mime_type":"","comment_count":"0","filter":"raw"}]},"aioseo_notices":[],"_links":{"self":[{"href":"https:\/\/www.claret.cat\/es\/wp-json\/wp\/v2\/product\/78798","targetHints":{"allow":["GET"]}}],"collection":[{"href":"https:\/\/www.claret.cat\/es\/wp-json\/wp\/v2\/product"}],"about":[{"href":"https:\/\/www.claret.cat\/es\/wp-json\/wp\/v2\/types\/product"}],"wp:featuredmedia":[{"embeddable":true,"href":"https:\/\/www.claret.cat\/es\/wp-json\/wp\/v2\/media\/78799"}],"wp:attachment":[{"href":"https:\/\/www.claret.cat\/es\/wp-json\/wp\/v2\/media?parent=78798"}],"wp:term":[{"taxonomy":"product_brand","embeddable":true,"href":"https:\/\/www.claret.cat\/es\/wp-json\/wp\/v2\/product_brand?post=78798"},{"taxonomy":"product_cat","embeddable":true,"href":"https:\/\/www.claret.cat\/es\/wp-json\/wp\/v2\/product_cat?post=78798"},{"taxonomy":"product_tag","embeddable":true,"href":"https:\/\/www.claret.cat\/es\/wp-json\/wp\/v2\/product_tag?post=78798"}],"curies":[{"name":"wp","href":"https:\/\/api.w.org\/{rel}","templated":true}]}}