{"id":79032,"date":"2022-10-11T16:16:52","date_gmt":"2022-10-11T14:16:52","guid":{"rendered":"http:\/\/dev.claret.cat\/producte\/mon-pin-em-vesteixo-sense-ajuda\/"},"modified":"2025-01-31T16:03:11","modified_gmt":"2025-01-31T15:03:11","slug":"mon-pin-em-vesteixo-sense-ajuda-9788424672638","status":"publish","type":"product","link":"https:\/\/www.claret.cat\/es\/libro\/mon-pin-em-vesteixo-sense-ajuda-9788424672638\/","title":{"rendered":"MON &amp; PIN. EM VESTEIXO SENSE AJUDA!"},"content":{"rendered":"<p>Mon i Pin, la parella ideal amb la qual descubrir el m\u00f3n. <\/p>\n<p>La Pin est\u00e0 aprenent a vestir-se i a cordar-se les sabates sola. Aix\u00ed podr\u00e0 posar-se les que m\u00e9s li agraden, per\u00f2 tenen cordons i li costa una mica fer-hi el lla\u00e7. I tu, et saps vestir sense ajuda?<\/p>\n","protected":false},"excerpt":{"rendered":"<p>BIEL, MARTA<\/p>\n","protected":false},"featured_media":325882,"template":"","meta":{"_acf_changed":false,"om_disable_all_campaigns":false,"rs_blank_template":"","rs_page_bg_color":"","slide_template_v7":"","inline_featured_image":false,"_monsterinsights_skip_tracking":false,"_monsterinsights_sitenote_active":false,"_monsterinsights_sitenote_note":"","_monsterinsights_sitenote_category":0},"product_brand":[],"product_cat":[131,361],"product_tag":[],"class_list":{"0":"post-79032","1":"product","2":"type-product","3":"status-publish","4":"has-post-thumbnail","6":"product_cat-contes-per-infants-0-6-anys","7":"product_cat-cuentos-para-ninos-0-6-anos","9":"first","10":"instock","11":"taxable","12":"shipping-taxable","13":"purchasable","14":"product-type-simple"},"acf":{"autor":"BIEL, MARTA","codart":"842467263","libros-coleccion":"FORA DE COL.LECCI\u00d3","ediciones":"1","encuadernacion":"Carpeta","fecha_de_publicacion":"01\/09\/2022","novedad":"1","paginas":"12","subtitulo":"","orden":"0","portada":"0","idioma":"cat","editorial":[{"ID":148189,"post_author":"3","post_date":"2022-10-14 11:56:19","post_date_gmt":"2022-10-14 09:56:19","post_content":"","post_title":"GALERA, EDITORIAL","post_excerpt":"","post_status":"publish","comment_status":"closed","ping_status":"closed","post_password":"","post_name":"galera-editorial","to_ping":"","pinged":"","post_modified":"2022-10-14 11:56:19","post_modified_gmt":"2022-10-14 09:56:19","post_content_filtered":"","post_parent":0,"guid":"http:\/\/dev.claret.cat\/editorial\/galera-editorial\/","menu_order":0,"post_type":"editorial","post_mime_type":"","comment_count":"0","filter":"raw"}],"autores-libros":[{"ID":164121,"post_author":"3","post_date":"2022-10-14 17:44:31","post_date_gmt":"2022-10-14 15:44:31","post_content":"","post_title":"MARTA BIEL","post_excerpt":"","post_status":"publish","comment_status":"closed","ping_status":"closed","post_password":"","post_name":"marta-biel","to_ping":"","pinged":"","post_modified":"2022-10-14 17:44:31","post_modified_gmt":"2022-10-14 15:44:31","post_content_filtered":"","post_parent":0,"guid":"http:\/\/dev.claret.cat\/autor\/marta-biel\/","menu_order":0,"post_type":"autor","post_mime_type":"","comment_count":"0","filter":"raw"}]},"aioseo_notices":[],"_links":{"self":[{"href":"https:\/\/www.claret.cat\/es\/wp-json\/wp\/v2\/product\/79032","targetHints":{"allow":["GET"]}}],"collection":[{"href":"https:\/\/www.claret.cat\/es\/wp-json\/wp\/v2\/product"}],"about":[{"href":"https:\/\/www.claret.cat\/es\/wp-json\/wp\/v2\/types\/product"}],"wp:featuredmedia":[{"embeddable":true,"href":"https:\/\/www.claret.cat\/es\/wp-json\/wp\/v2\/media\/325882"}],"wp:attachment":[{"href":"https:\/\/www.claret.cat\/es\/wp-json\/wp\/v2\/media?parent=79032"}],"wp:term":[{"taxonomy":"product_brand","embeddable":true,"href":"https:\/\/www.claret.cat\/es\/wp-json\/wp\/v2\/product_brand?post=79032"},{"taxonomy":"product_cat","embeddable":true,"href":"https:\/\/www.claret.cat\/es\/wp-json\/wp\/v2\/product_cat?post=79032"},{"taxonomy":"product_tag","embeddable":true,"href":"https:\/\/www.claret.cat\/es\/wp-json\/wp\/v2\/product_tag?post=79032"}],"curies":[{"name":"wp","href":"https:\/\/api.w.org\/{rel}","templated":true}]}}