{"id":79059,"date":"2022-10-11T16:17:13","date_gmt":"2022-10-11T14:17:13","guid":{"rendered":"http:\/\/dev.claret.cat\/producte\/lauca-del-senyor-esteve\/"},"modified":"2023-04-06T17:46:06","modified_gmt":"2023-04-06T15:46:06","slug":"lauca-del-senyor-esteve-9788448934910","status":"publish","type":"product","link":"https:\/\/www.claret.cat\/es\/libro\/lauca-del-senyor-esteve-9788448934910\/","title":{"rendered":"L&#8217;AUCA DEL SENYOR ESTEVE"},"content":{"rendered":"<p>Habitant del barri de la Ribera barri menestral per excel\u00b7l\u00e8ncia i propietari de la merceria La Puntual, el senyor Esteve -protagonista de l&#8221;obra de Santiago Rusi\u00f1ol- \u00e9s un personatge imm\u00f2bil en una Barcelona canviant a la qual li costa adaptar-se. T\u00e9 a dins de casa l&#8221;element pertorbador en la persona d&#8221;en Ramonet -besnet de la saga-, que no vol seguir la tradici\u00f3 familiar perqu\u00e8 es vol dedicar a l&#8221;escultura.<\/p>\n","protected":false},"excerpt":{"rendered":"<p>RUSI\u00d1OL, SANTIAGO<\/p>\n","protected":false},"featured_media":79060,"template":"","meta":{"_acf_changed":false,"om_disable_all_campaigns":false,"rs_blank_template":"","rs_page_bg_color":"","slide_template_v7":"","inline_featured_image":false,"_monsterinsights_skip_tracking":false,"_monsterinsights_sitenote_active":false,"_monsterinsights_sitenote_note":"","_monsterinsights_sitenote_category":0},"product_brand":[],"product_cat":[354,123],"product_tag":[],"class_list":{"0":"post-79059","1":"product","2":"type-product","3":"status-publish","4":"has-post-thumbnail","6":"product_cat-clasica","7":"product_cat-classica","9":"first","10":"instock","11":"taxable","12":"shipping-taxable","13":"purchasable","14":"product-type-simple"},"acf":{"autor":"RUSI\u00d1OL, SANTIAGO","codart":"8448934910","libros-coleccion":"Llibres Infantils I Juvenils - Cl\u00e0ssics","ediciones":"1","encuadernacion":"R\u00fastica","fecha_de_publicacion":"01\/03\/2015","novedad":"1","paginas":"0","subtitulo":"","orden":"0","portada":"0","idioma":"cat","editorial":[{"ID":147525,"post_author":"3","post_date":"2022-10-14 11:51:14","post_date_gmt":"2022-10-14 09:51:14","post_content":"","post_title":"BARCANOVA","post_excerpt":"","post_status":"publish","comment_status":"closed","ping_status":"closed","post_password":"","post_name":"barcanova","to_ping":"","pinged":"","post_modified":"2022-10-14 11:51:14","post_modified_gmt":"2022-10-14 09:51:14","post_content_filtered":"","post_parent":0,"guid":"http:\/\/dev.claret.cat\/editorial\/barcanova\/","menu_order":0,"post_type":"editorial","post_mime_type":"","comment_count":"0","filter":"raw"}],"autores-libros":[{"ID":169065,"post_author":"3","post_date":"2022-10-14 22:24:12","post_date_gmt":"2022-10-14 20:24:12","post_content":"","post_title":"SANTIAGO RUSI\u00d1OL","post_excerpt":"","post_status":"publish","comment_status":"closed","ping_status":"closed","post_password":"","post_name":"santiago-rusinol","to_ping":"","pinged":"","post_modified":"2022-10-14 22:24:12","post_modified_gmt":"2022-10-14 20:24:12","post_content_filtered":"","post_parent":0,"guid":"http:\/\/dev.claret.cat\/autor\/santiago-rusinol\/","menu_order":0,"post_type":"autor","post_mime_type":"","comment_count":"0","filter":"raw"}]},"aioseo_notices":[],"_links":{"self":[{"href":"https:\/\/www.claret.cat\/es\/wp-json\/wp\/v2\/product\/79059","targetHints":{"allow":["GET"]}}],"collection":[{"href":"https:\/\/www.claret.cat\/es\/wp-json\/wp\/v2\/product"}],"about":[{"href":"https:\/\/www.claret.cat\/es\/wp-json\/wp\/v2\/types\/product"}],"wp:featuredmedia":[{"embeddable":true,"href":"https:\/\/www.claret.cat\/es\/wp-json\/wp\/v2\/media\/79060"}],"wp:attachment":[{"href":"https:\/\/www.claret.cat\/es\/wp-json\/wp\/v2\/media?parent=79059"}],"wp:term":[{"taxonomy":"product_brand","embeddable":true,"href":"https:\/\/www.claret.cat\/es\/wp-json\/wp\/v2\/product_brand?post=79059"},{"taxonomy":"product_cat","embeddable":true,"href":"https:\/\/www.claret.cat\/es\/wp-json\/wp\/v2\/product_cat?post=79059"},{"taxonomy":"product_tag","embeddable":true,"href":"https:\/\/www.claret.cat\/es\/wp-json\/wp\/v2\/product_tag?post=79059"}],"curies":[{"name":"wp","href":"https:\/\/api.w.org\/{rel}","templated":true}]}}