{"id":79080,"date":"2022-10-11T16:17:29","date_gmt":"2022-10-11T14:17:29","guid":{"rendered":"http:\/\/dev.claret.cat\/producte\/dinosaurios-peque-colores-magicos\/"},"modified":"2023-10-06T08:26:23","modified_gmt":"2023-10-06T06:26:23","slug":"dinosaurios-peque-colores-magicos-9781803703558","status":"publish","type":"product","link":"https:\/\/www.claret.cat\/es\/libro\/dinosaurios-peque-colores-magicos-9781803703558\/","title":{"rendered":"DINOSAURIOS PEQUE COLORES MAGICOS"},"content":{"rendered":"<p>Con solo pasar un pincel h\u00famedo por encima de las ilustraciones en blanco y negro, estas cobrar\u00e1n color como por arte de magia para dar vida a dinosaurios y otros animales preh\u00edstoricos de este libro: tyra\u00f1osaurus rex,  diplodocus, triceratops y muchos m\u00e1s. Ideal para que los peque\u00f1os se entretengan durante horas al tiempo que practican el control del pincel. La contracubierta desplegable es impermeable y puede utilizarse para evitar que la pintura traspase a la p\u00e1gina siguiente.<\/p>\n","protected":false},"excerpt":{"rendered":"<p>WHEATLEY, ABIGAIL<\/p>\n","protected":false},"featured_media":79081,"template":"","meta":{"_acf_changed":false,"om_disable_all_campaigns":false,"rs_blank_template":"","rs_page_bg_color":"","slide_template_v7":"","inline_featured_image":false,"_monsterinsights_skip_tracking":false,"_monsterinsights_sitenote_active":false,"_monsterinsights_sitenote_note":"","_monsterinsights_sitenote_category":0},"product_brand":[],"product_cat":[361,365],"product_tag":[],"class_list":{"0":"post-79080","1":"product","2":"type-product","3":"status-publish","4":"has-post-thumbnail","6":"product_cat-cuentos-para-ninos-0-6-anos","7":"product_cat-entretenimientos","9":"first","10":"instock","11":"taxable","12":"shipping-taxable","13":"purchasable","14":"product-type-simple"},"acf":{"autor":"WHEATLEY, ABIGAIL","codart":"180370355","libros-coleccion":"FORA DE COL.LECCI\u00d3","ediciones":"1","encuadernacion":"R\u00fastica","fecha_de_publicacion":"01\/09\/2022","novedad":"1","paginas":"32","subtitulo":"","orden":"0","portada":"0","idioma":"spa","editorial":[{"ID":148940,"post_author":"3","post_date":"2022-10-14 12:02:11","post_date_gmt":"2022-10-14 10:02:11","post_content":"","post_title":"Usborne Publishing","post_excerpt":"","post_status":"publish","comment_status":"closed","ping_status":"closed","post_password":"","post_name":"usborne-publishing","to_ping":"","pinged":"","post_modified":"2022-10-14 12:02:11","post_modified_gmt":"2022-10-14 10:02:11","post_content_filtered":"","post_parent":0,"guid":"http:\/\/dev.claret.cat\/editorial\/usborne-publishing\/","menu_order":0,"post_type":"editorial","post_mime_type":"","comment_count":"0","filter":"raw"}],"autores-libros":[{"ID":149078,"post_author":"3","post_date":"2022-10-14 14:21:58","post_date_gmt":"2022-10-14 12:21:58","post_content":"","post_title":"ABIGAIL WHEATLEY","post_excerpt":"","post_status":"publish","comment_status":"closed","ping_status":"closed","post_password":"","post_name":"abigail-wheatley","to_ping":"","pinged":"","post_modified":"2022-10-14 14:21:58","post_modified_gmt":"2022-10-14 12:21:58","post_content_filtered":"","post_parent":0,"guid":"http:\/\/dev.claret.cat\/autor\/abigail-wheatley\/","menu_order":0,"post_type":"autor","post_mime_type":"","comment_count":"0","filter":"raw"}]},"aioseo_notices":[],"_links":{"self":[{"href":"https:\/\/www.claret.cat\/es\/wp-json\/wp\/v2\/product\/79080","targetHints":{"allow":["GET"]}}],"collection":[{"href":"https:\/\/www.claret.cat\/es\/wp-json\/wp\/v2\/product"}],"about":[{"href":"https:\/\/www.claret.cat\/es\/wp-json\/wp\/v2\/types\/product"}],"wp:featuredmedia":[{"embeddable":true,"href":"https:\/\/www.claret.cat\/es\/wp-json\/wp\/v2\/media\/79081"}],"wp:attachment":[{"href":"https:\/\/www.claret.cat\/es\/wp-json\/wp\/v2\/media?parent=79080"}],"wp:term":[{"taxonomy":"product_brand","embeddable":true,"href":"https:\/\/www.claret.cat\/es\/wp-json\/wp\/v2\/product_brand?post=79080"},{"taxonomy":"product_cat","embeddable":true,"href":"https:\/\/www.claret.cat\/es\/wp-json\/wp\/v2\/product_cat?post=79080"},{"taxonomy":"product_tag","embeddable":true,"href":"https:\/\/www.claret.cat\/es\/wp-json\/wp\/v2\/product_tag?post=79080"}],"curies":[{"name":"wp","href":"https:\/\/api.w.org\/{rel}","templated":true}]}}