{"id":792,"date":"2022-07-27T15:33:16","date_gmt":"2022-07-27T13:33:16","guid":{"rendered":"http:\/\/dev.claret.cat\/producto\/jesus-y-las-raices-judias-de-maria-9788432161995\/"},"modified":"2025-12-13T11:05:12","modified_gmt":"2025-12-13T10:05:12","slug":"jesus-y-las-raices-judias-de-maria-9788432161995","status":"publish","type":"product","link":"https:\/\/www.claret.cat\/es\/libro\/jesus-y-las-raices-judias-de-maria-9788432161995\/","title":{"rendered":"JES\u00daS Y LAS RA\u00cdCES JUD\u00cdAS DE MAR\u00cdA"},"content":{"rendered":"<p>Lo que dice la Iglesia cat\u00f3lica sobre la madre de Jes\u00fas tiene ra\u00edces profundamente b\u00edblicas. As\u00ed lo demuestra el autor, acudiendo al juda\u00edsmo antiguo. Una \u00f3ptica sugerente para conocer mejor a Mar\u00eda.<\/p>\n","protected":false},"excerpt":{"rendered":"<p>PITRE, BRANT<\/p>\n","protected":false},"featured_media":344714,"template":"","meta":{"_acf_changed":false,"om_disable_all_campaigns":false,"rs_blank_template":"","rs_page_bg_color":"","slide_template_v7":"","inline_featured_image":false,"_monsterinsights_skip_tracking":false,"_monsterinsights_sitenote_active":false,"_monsterinsights_sitenote_note":"","_monsterinsights_sitenote_category":0},"product_brand":[],"product_cat":[414,276,275,413,512,286],"product_tag":[],"class_list":{"0":"post-792","1":"product","2":"type-product","3":"status-publish","4":"has-post-thumbnail","6":"product_cat-cristologia-teologia-1_espiritualidad","7":"product_cat-cristologia-teologia","8":"product_cat-fonamental","9":"product_cat-fundamental","10":"product_cat-mariologia-teologia-1_espiritualidad","11":"product_cat-mariologia","13":"first","14":"instock","15":"taxable","16":"shipping-taxable","17":"purchasable","18":"product-type-simple"},"acf":{"autor":"PITRE, BRANT","codart":"843216199","ediciones":"1","encuadernacion":"R\u00fastica","fecha_de_publicacion":"05\/06\/2022","novedad":"1","paginas":"240","subtitulo":"DESCUBRIR A LA MADRE DEL MES\u00cdAS","orden":"0","portada":"0","idioma":"spa","libros-coleccion":"PATMOS","autores-libros":[{"ID":5305,"post_author":"3","post_date":"2022-07-28 17:21:10","post_date_gmt":"2022-07-28 15:21:10","post_content":"","post_title":"BRANT PITRE","post_excerpt":"","post_status":"publish","comment_status":"closed","ping_status":"closed","post_password":"","post_name":"brant-pitre","to_ping":"","pinged":"","post_modified":"2022-07-28 17:21:10","post_modified_gmt":"2022-07-28 15:21:10","post_content_filtered":"","post_parent":0,"guid":"http:\/\/dev.claret.cat\/autor\/brant-pitre\/","menu_order":0,"post_type":"autor","post_mime_type":"","comment_count":"0","filter":"raw"}],"editorial":[{"ID":6348,"post_author":"3","post_date":"2022-07-28 17:50:16","post_date_gmt":"2022-07-28 15:50:16","post_content":"","post_title":"Rialp","post_excerpt":"","post_status":"publish","comment_status":"closed","ping_status":"closed","post_password":"","post_name":"rialp","to_ping":"","pinged":"","post_modified":"2022-07-28 17:50:16","post_modified_gmt":"2022-07-28 15:50:16","post_content_filtered":"","post_parent":0,"guid":"http:\/\/dev.claret.cat\/editorial\/rialp\/","menu_order":0,"post_type":"editorial","post_mime_type":"","comment_count":"0","filter":"raw"}],"booktrailer":"","resenas":""},"aioseo_notices":[],"_links":{"self":[{"href":"https:\/\/www.claret.cat\/es\/wp-json\/wp\/v2\/product\/792","targetHints":{"allow":["GET"]}}],"collection":[{"href":"https:\/\/www.claret.cat\/es\/wp-json\/wp\/v2\/product"}],"about":[{"href":"https:\/\/www.claret.cat\/es\/wp-json\/wp\/v2\/types\/product"}],"wp:featuredmedia":[{"embeddable":true,"href":"https:\/\/www.claret.cat\/es\/wp-json\/wp\/v2\/media\/344714"}],"wp:attachment":[{"href":"https:\/\/www.claret.cat\/es\/wp-json\/wp\/v2\/media?parent=792"}],"wp:term":[{"taxonomy":"product_brand","embeddable":true,"href":"https:\/\/www.claret.cat\/es\/wp-json\/wp\/v2\/product_brand?post=792"},{"taxonomy":"product_cat","embeddable":true,"href":"https:\/\/www.claret.cat\/es\/wp-json\/wp\/v2\/product_cat?post=792"},{"taxonomy":"product_tag","embeddable":true,"href":"https:\/\/www.claret.cat\/es\/wp-json\/wp\/v2\/product_tag?post=792"}],"curies":[{"name":"wp","href":"https:\/\/api.w.org\/{rel}","templated":true}]}}