{"id":79206,"date":"2022-10-11T16:19:10","date_gmt":"2022-10-11T14:19:10","guid":{"rendered":"http:\/\/dev.claret.cat\/producte\/en-el-nostre-temps\/"},"modified":"2023-10-06T08:10:51","modified_gmt":"2023-10-06T06:10:51","slug":"en-el-nostre-temps-9788412450347","status":"publish","type":"product","link":"https:\/\/www.claret.cat\/es\/libro\/en-el-nostre-temps-9788412450347\/","title":{"rendered":"EN EL NOSTRE TEMPS"},"content":{"rendered":"<p>En el nostre temps \u00e9s el primer recull de narracions<br \/> breus d&#8217;Ernest Hemingway i tota una revoluci\u00f3 en el<br \/> relat en llengua anglesa. Centrat en l&#8217;acci\u00f3, preocupat<br \/> per aconseguir frases s\u00f2lides i honestes, \u00e9s el primer<br \/> gran experiment de Hemingway amb la seva teoria de<br \/> l&#8217;iceberg, segons la qual nom\u00e9s cal contar all\u00f2 que flota<br \/> en la superf\u00edcie i ometre el que s&#8217;amaga al fons. Sovint<br \/> protagonitzats pel seu alter ego, Nick Adams, els relats<br \/> s&#8217;ambienten en la seva infantesa als llacs de Michigan i<br \/> en l&#8217;\u00e8poca que va conduir ambul\u00e0ncies a It\u00e0lia, durant la<br \/> Primera Guerra Mundial, i va con\u00e8ixer Europa.<\/p>\n","protected":false},"excerpt":{"rendered":"<p>HEMINGWAY, ERNEST<\/p>\n","protected":false},"featured_media":295260,"template":"","meta":{"_acf_changed":false,"om_disable_all_campaigns":false,"rs_blank_template":"","rs_page_bg_color":"","slide_template_v7":"","inline_featured_image":false,"_monsterinsights_skip_tracking":false,"_monsterinsights_sitenote_active":false,"_monsterinsights_sitenote_note":"","_monsterinsights_sitenote_category":0},"product_brand":[],"product_cat":[127],"product_tag":[],"class_list":{"0":"post-79206","1":"product","2":"type-product","3":"status-publish","4":"has-post-thumbnail","6":"product_cat-novella-contemporania","8":"first","9":"instock","10":"taxable","11":"shipping-taxable","12":"purchasable","13":"product-type-simple"},"acf":{"editorial":[{"ID":147880,"post_author":"3","post_date":"2022-10-14 11:53:55","post_date_gmt":"2022-10-14 09:53:55","post_content":"","post_title":"Edicions del Cr\u00e0ter","post_excerpt":"","post_status":"publish","comment_status":"closed","ping_status":"closed","post_password":"","post_name":"edicions-del-crater","to_ping":"","pinged":"","post_modified":"2022-10-14 11:53:55","post_modified_gmt":"2022-10-14 09:53:55","post_content_filtered":"","post_parent":0,"guid":"http:\/\/dev.claret.cat\/editorial\/edicions-del-crater\/","menu_order":0,"post_type":"editorial","post_mime_type":"","comment_count":"0","filter":"raw"}],"autores-libros":[{"ID":155310,"post_author":"3","post_date":"2022-10-14 15:11:49","post_date_gmt":"2022-10-14 13:11:49","post_content":"","post_title":"ERNEST HEMINGWAY","post_excerpt":"","post_status":"publish","comment_status":"closed","ping_status":"closed","post_password":"","post_name":"ernest-hemingway","to_ping":"","pinged":"","post_modified":"2022-10-14 15:11:49","post_modified_gmt":"2022-10-14 13:11:49","post_content_filtered":"","post_parent":0,"guid":"http:\/\/dev.claret.cat\/autor\/ernest-hemingway\/","menu_order":0,"post_type":"autor","post_mime_type":"","comment_count":"0","filter":"raw"}],"autor":"HEMINGWAY, ERNEST","codart":"841245034","libros-coleccion":"FORA DE COL.LECCI\u00d3","ediciones":"1","encuadernacion":"R\u00fastica","fecha_de_publicacion":"01\/09\/2022","novedad":"1","paginas":"211","subtitulo":"","orden":"0","portada":"0","idioma":"cat"},"aioseo_notices":[],"_links":{"self":[{"href":"https:\/\/www.claret.cat\/es\/wp-json\/wp\/v2\/product\/79206","targetHints":{"allow":["GET"]}}],"collection":[{"href":"https:\/\/www.claret.cat\/es\/wp-json\/wp\/v2\/product"}],"about":[{"href":"https:\/\/www.claret.cat\/es\/wp-json\/wp\/v2\/types\/product"}],"wp:featuredmedia":[{"embeddable":true,"href":"https:\/\/www.claret.cat\/es\/wp-json\/wp\/v2\/media\/295260"}],"wp:attachment":[{"href":"https:\/\/www.claret.cat\/es\/wp-json\/wp\/v2\/media?parent=79206"}],"wp:term":[{"taxonomy":"product_brand","embeddable":true,"href":"https:\/\/www.claret.cat\/es\/wp-json\/wp\/v2\/product_brand?post=79206"},{"taxonomy":"product_cat","embeddable":true,"href":"https:\/\/www.claret.cat\/es\/wp-json\/wp\/v2\/product_cat?post=79206"},{"taxonomy":"product_tag","embeddable":true,"href":"https:\/\/www.claret.cat\/es\/wp-json\/wp\/v2\/product_tag?post=79206"}],"curies":[{"name":"wp","href":"https:\/\/api.w.org\/{rel}","templated":true}]}}