{"id":7926,"date":"2022-09-16T12:23:34","date_gmt":"2022-09-16T10:23:34","guid":{"rendered":"http:\/\/dev.claret.cat\/producte\/evangelios-apocrifos\/"},"modified":"2025-05-08T11:55:26","modified_gmt":"2025-05-08T09:55:26","slug":"evangelios-apocrifos-9789505125197","status":"publish","type":"product","link":"https:\/\/www.claret.cat\/es\/libro\/evangelios-apocrifos-9789505125197\/","title":{"rendered":"EVANGELIOS AP\u00d3CRIFOS"},"content":{"rendered":"<p>La Iglesia ha reconocido como sagrados y can\u00f3nicos los cuatro Evangelios que encontramos en el Nuevo Testamento. Sin embargo, existen otros libros que se presentan como evangelios, y que tambi\u00e9n provienen de los primeros siglos, pero fueron dejados de lado por distintos motivos, por lo que son conocidos como evangelios ap\u00f3crifos. Para esta edici\u00f3n se han seleccionado algunos de los m\u00e1s representativos, acompa\u00f1ados de introducciones preparadas por un grupo de profesores de Sagradas Escrituras. En ellas se consignan los datos que pueden ayudar a la comprensi\u00f3n y valoraci\u00f3n de cada texto.<\/p>\n","protected":false},"excerpt":{"rendered":"<p>RIVAS Y EQUIPO,LUIS H<\/p>\n","protected":false},"featured_media":370017,"template":"","meta":{"_acf_changed":false,"om_disable_all_campaigns":false,"rs_blank_template":"","rs_page_bg_color":"","slide_template_v7":"","inline_featured_image":false,"_monsterinsights_skip_tracking":false,"_monsterinsights_sitenote_active":false,"_monsterinsights_sitenote_note":"","_monsterinsights_sitenote_category":0},"product_brand":[],"product_cat":[385,208,412,274],"product_tag":[],"class_list":{"0":"post-7926","1":"product","2":"type-product","3":"status-publish","4":"has-post-thumbnail","6":"product_cat-apocrifos","7":"product_cat-apocrifs","8":"product_cat-estudios-sagrada-escritura","9":"product_cat-estudis-sagrada-escriptura","11":"first","12":"instock","13":"taxable","14":"shipping-taxable","15":"purchasable","16":"product-type-simple"},"acf":{"autor":"RIVAS Y EQUIPO,LUIS H","codart":"950512519","libros-coleccion":"Biblia","ediciones":"1","encuadernacion":"R\u00fastica","fecha_de_publicacion":"30\/01\/2006","novedad":"0","paginas":"189","subtitulo":"","orden":"999","portada":"0","idioma":"spa","editorial":[{"ID":6337,"post_author":"3","post_date":"2022-07-28 17:50:01","post_date_gmt":"2022-07-28 15:50:01","post_content":"","post_title":"Publicaciones Claretianas","post_excerpt":"","post_status":"publish","comment_status":"closed","ping_status":"closed","post_password":"","post_name":"publicaciones-claretianas","to_ping":"","pinged":"","post_modified":"2022-07-28 17:50:01","post_modified_gmt":"2022-07-28 15:50:01","post_content_filtered":"","post_parent":0,"guid":"http:\/\/dev.claret.cat\/editorial\/publicaciones-claretianas\/","menu_order":0,"post_type":"editorial","post_mime_type":"","comment_count":"0","filter":"raw"}],"autores-libros":[{"ID":8385,"post_author":"3","post_date":"2022-09-30 09:48:11","post_date_gmt":"2022-09-30 07:48:11","post_content":"","post_title":"LUIS HERIBERTO RIVAS Y EQUIPO","post_excerpt":"","post_status":"publish","comment_status":"closed","ping_status":"closed","post_password":"","post_name":"luis-heriberto-rivas-y-equipo","to_ping":"","pinged":"","post_modified":"2022-09-30 09:48:11","post_modified_gmt":"2022-09-30 07:48:11","post_content_filtered":"","post_parent":0,"guid":"http:\/\/dev.claret.cat\/autor\/luis-heriberto-rivas-y-equipo\/","menu_order":0,"post_type":"autor","post_mime_type":"","comment_count":"0","filter":"raw"}],"booktrailer":"","resenas":""},"aioseo_notices":[],"_links":{"self":[{"href":"https:\/\/www.claret.cat\/es\/wp-json\/wp\/v2\/product\/7926","targetHints":{"allow":["GET"]}}],"collection":[{"href":"https:\/\/www.claret.cat\/es\/wp-json\/wp\/v2\/product"}],"about":[{"href":"https:\/\/www.claret.cat\/es\/wp-json\/wp\/v2\/types\/product"}],"wp:featuredmedia":[{"embeddable":true,"href":"https:\/\/www.claret.cat\/es\/wp-json\/wp\/v2\/media\/370017"}],"wp:attachment":[{"href":"https:\/\/www.claret.cat\/es\/wp-json\/wp\/v2\/media?parent=7926"}],"wp:term":[{"taxonomy":"product_brand","embeddable":true,"href":"https:\/\/www.claret.cat\/es\/wp-json\/wp\/v2\/product_brand?post=7926"},{"taxonomy":"product_cat","embeddable":true,"href":"https:\/\/www.claret.cat\/es\/wp-json\/wp\/v2\/product_cat?post=7926"},{"taxonomy":"product_tag","embeddable":true,"href":"https:\/\/www.claret.cat\/es\/wp-json\/wp\/v2\/product_tag?post=7926"}],"curies":[{"name":"wp","href":"https:\/\/api.w.org\/{rel}","templated":true}]}}