{"id":79311,"date":"2022-10-11T16:20:50","date_gmt":"2022-10-11T14:20:50","guid":{"rendered":"http:\/\/dev.claret.cat\/producte\/el-cuerpo-humano-en-comic-101-curiosidades-para-ninos-y-ninas-super-curiosos\/"},"modified":"2023-01-28T04:40:55","modified_gmt":"2023-01-28T03:40:55","slug":"el-cuerpo-humano-en-comic-101-curiosidades-para-ninos-y-ninas-super-curiosos-9788418483349","status":"publish","type":"product","link":"https:\/\/www.claret.cat\/es\/libro\/el-cuerpo-humano-en-comic-101-curiosidades-para-ninos-y-ninas-super-curiosos-9788418483349\/","title":{"rendered":"EL CUERPO HUMANO EN C\u00d3MIC. 101 CURIOSIDADES PARA NI\u00d1OS Y NI\u00d1AS (S\u00daPER CURIOSOS)"},"content":{"rendered":"<p>Est\u00e9s despierto o durmiendo, tu cuerpo no deja de funcionar.<br \/>\u00bfSabes c\u00f3mo? \u00a1Lo descubrir\u00e1s en este divertid\u00edsimo c\u00f3mic! \u00bfSab\u00edas que nuestro esqueleto tiene DOSCIENTOS SEIS huesos? \u00bfO que tu intestino delgado puede medir OCHO METROS? \u00bfY que el cerebro est\u00e1 conectado con TODO tu cuerpo? Cada una de las partes del cuerpo humano tiene sus curiosidades, desde  el pelo hasta las u\u00f1as de los pies, los pulmones o el coraz\u00f3n. Los  \u00f3rganos funcionan todo el d\u00eda, incluso mientras dormimos, pero&#8230; \u00bfc\u00f3mo lo hacen? \u00a1Abre este c\u00f3mic y alucina con los secretos de tu cuerpo! ______________ Este libro encanta a los padres porque: &#8211; Los ni\u00f1os aprenden mientras se divierten &#8211; Las vi\u00f1etas son graciosas y did\u00e1cticas &#8211; Se puede leer de forma aut\u00f3noma o en familia &#8211; \u00a1Para leer una y otra vez! \u00a1Y tambi\u00e9n encanta a los ni\u00f1os! &#8211; Las ilustraciones son llamativas y divertidas &#8211; Las curiosidades son muy interesantes y se explican con mucho humor &#8211; Es una forma genial de entender nuestro cuerpo &#8211; Se lo pasar\u00e1n en grande a la vez que aprender\u00e1n sin darse cuenta Divi\u00e9rtete y aprende con SUPERCURIOSOS<\/p>\n","protected":false},"excerpt":{"rendered":"<p>BARFIELD, MIKE \/ BRADLEY, JESS<\/p>\n","protected":false},"featured_media":79312,"template":"","meta":{"_acf_changed":false,"om_disable_all_campaigns":false,"rs_blank_template":"","rs_page_bg_color":"","slide_template_v7":"","inline_featured_image":false,"_monsterinsights_skip_tracking":false,"_monsterinsights_sitenote_active":false,"_monsterinsights_sitenote_note":"","_monsterinsights_sitenote_category":0},"product_brand":[],"product_cat":[132],"product_tag":[],"class_list":{"0":"post-79311","1":"product","2":"type-product","3":"status-publish","4":"has-post-thumbnail","6":"product_cat-lectures-per-preadolescents-6-12-anys","8":"first","9":"instock","10":"taxable","11":"shipping-taxable","12":"purchasable","13":"product-type-simple"},"acf":{"editorial":[{"ID":6310,"post_author":"3","post_date":"2022-07-28 17:49:26","post_date_gmt":"2022-07-28 15:49:26","post_content":"","post_title":"MONTENA","post_excerpt":"","post_status":"publish","comment_status":"closed","ping_status":"closed","post_password":"","post_name":"montena","to_ping":"","pinged":"","post_modified":"2022-07-28 17:49:26","post_modified_gmt":"2022-07-28 15:49:26","post_content_filtered":"","post_parent":0,"guid":"http:\/\/dev.claret.cat\/editorial\/montena\/","menu_order":0,"post_type":"editorial","post_mime_type":"","comment_count":"0","filter":"raw"}],"autor":"BARFIELD, MIKE \/ BRADLEY, JESS","codart":"841848334","libros-coleccion":"FORA DE COL.LECCI\u00d3","ediciones":"1","encuadernacion":"Carton\u00e9","fecha_de_publicacion":"01\/10\/2021","novedad":"1","paginas":"46","subtitulo":"GU\u00cdA Y ENCICLOPEDIA DIVERTIDA PARA APRENDER","orden":"0","portada":"0","idioma":"spa","autores-libros":[{"ID":165053,"post_author":"3","post_date":"2022-10-14 17:52:01","post_date_gmt":"2022-10-14 15:52:01","post_content":"","post_title":"MIKE BARFIELD","post_excerpt":"","post_status":"publish","comment_status":"closed","ping_status":"closed","post_password":"","post_name":"mike-barfield","to_ping":"","pinged":"","post_modified":"2022-10-14 17:52:01","post_modified_gmt":"2022-10-14 15:52:01","post_content_filtered":"","post_parent":0,"guid":"http:\/\/dev.claret.cat\/autor\/mike-barfield\/","menu_order":0,"post_type":"autor","post_mime_type":"","comment_count":"0","filter":"raw"},{"ID":159051,"post_author":"3","post_date":"2022-10-14 15:41:42","post_date_gmt":"2022-10-14 13:41:42","post_content":"","post_title":"JESS BRADLEY","post_excerpt":"","post_status":"publish","comment_status":"closed","ping_status":"closed","post_password":"","post_name":"jess-bradley","to_ping":"","pinged":"","post_modified":"2022-10-14 15:41:42","post_modified_gmt":"2022-10-14 13:41:42","post_content_filtered":"","post_parent":0,"guid":"http:\/\/dev.claret.cat\/autor\/jess-bradley\/","menu_order":0,"post_type":"autor","post_mime_type":"","comment_count":"0","filter":"raw"}]},"aioseo_notices":[],"_links":{"self":[{"href":"https:\/\/www.claret.cat\/es\/wp-json\/wp\/v2\/product\/79311","targetHints":{"allow":["GET"]}}],"collection":[{"href":"https:\/\/www.claret.cat\/es\/wp-json\/wp\/v2\/product"}],"about":[{"href":"https:\/\/www.claret.cat\/es\/wp-json\/wp\/v2\/types\/product"}],"wp:featuredmedia":[{"embeddable":true,"href":"https:\/\/www.claret.cat\/es\/wp-json\/wp\/v2\/media\/79312"}],"wp:attachment":[{"href":"https:\/\/www.claret.cat\/es\/wp-json\/wp\/v2\/media?parent=79311"}],"wp:term":[{"taxonomy":"product_brand","embeddable":true,"href":"https:\/\/www.claret.cat\/es\/wp-json\/wp\/v2\/product_brand?post=79311"},{"taxonomy":"product_cat","embeddable":true,"href":"https:\/\/www.claret.cat\/es\/wp-json\/wp\/v2\/product_cat?post=79311"},{"taxonomy":"product_tag","embeddable":true,"href":"https:\/\/www.claret.cat\/es\/wp-json\/wp\/v2\/product_tag?post=79311"}],"curies":[{"name":"wp","href":"https:\/\/api.w.org\/{rel}","templated":true}]}}