{"id":79371,"date":"2022-10-11T16:21:46","date_gmt":"2022-10-11T14:21:46","guid":{"rendered":"http:\/\/dev.claret.cat\/producte\/la-viuda-2\/"},"modified":"2023-01-28T13:19:41","modified_gmt":"2023-01-28T12:19:41","slug":"la-viuda-9788420456553","status":"publish","type":"product","link":"https:\/\/www.claret.cat\/es\/libro\/la-viuda-9788420456553\/","title":{"rendered":"LA VIUDA"},"content":{"rendered":"<p>LA PRIMERA NOVELA DEL NOBEL PORTUGU\u00c9S, IN\u00c9DITA HASTA EL MOMENTO EN ESPA\u00d1OL El inicio de la celebraci\u00f3n del centenario del autor \u00abSaramago vuelve comprensible una realidad huidiza, con par\u00e1bolas  sostenidas por la imaginaci\u00f3n, la compasi\u00f3n y la iron\u00eda\u00bb.<br \/>Comit\u00e9 Nobel \u00abHay que vivir aunque sea de cualquier modo, siempre que sea vivir.\u00bb Tras la muerte de su marido, Maria Leonor, madre de dos hijos, se siente  abrumada ante las dificultades para administrar su hacienda en el  Alentejo, las expectativas de la sociedad y el f\u00e9rreo control de su  entorno. Despu\u00e9s de unos meses sumida en una profunda depresi\u00f3n, decide  finalmente afrontar su responsabilidad como propietaria de las tierras,  pero su coraz\u00f3n est\u00e1 atormentado por un pecado secreto: a pesar del duelo, su deseo no se ha apagado. Entre cavilaciones sobre la esencia del amor, el paso del tiempo y los  deslumbrantes cambios en la naturaleza, la joven viuda pasa las noches  en vela, espiando los amores de sus criadas y padeciendo la soledad  propia. Hasta que dos hombres muy distintos irrumpen en su vida y su destino se tambalea inesperadamente. Escrita en 1947, La viuda es la primera novela del autor, que vio la luz en Portugal con el t\u00edtulo de Terra do pecado por decisi\u00f3n  del editor. Hoy, cuando se cumple el centenario del autor, se publica  por primera vez en espa\u00f1ol, respetando su t\u00edtulo original, esta historia  escrita por un joven Jos\u00e9 Saramago, que anticipa el gran escritor que  todos conocemos. En ella est\u00e1 ya presente su personal forma de mirar el  mundo y algunas de las caracter\u00edsticas de sus novelas m\u00e1s aclamadas: la  extraordinaria fuerza narrativa y un personaje femenino inolvidable. La cr\u00edtica ha dicho:<br \/>\u00abUn hombre con una sensibilidad y una capacidad de ver y de entender que  est\u00e1n muy por encima de lo que en general vemos y entendemos los comunes mortales\u00bb.<br \/>H\u00e9ctor Abad Faciolince \u00abLa viuda toma un vuelo filos\u00f3fico y conecta con el resto de la  obra de Saramago. [&#8230;] Tiene notables aciertos y merece muy positiva  consideraci\u00f3n. Es bastante m\u00e1s que el trabajo de un afanoso diletante\u00bb.<br \/>Santos Sanz Villanueva, El Cultural \u00abLa seguridad intelectual y la experiencia que el escritor aporta hace  de esta creaci\u00f3n inicial una obras de una gran solidez literaria. La  concepci\u00f3n literaria de Saramago, desde su racionalidad, tiene la  brillantez de la atemporalidad; no importa en que tiempo concreto est\u00e9  situada, su obra ofrece una lectura del hombre actual orientado al  pasado y al futuro, pero siempre a un nuevo concepto del mundo. [&#8230;]  Una de sus grandes aportaciones al universo literario\u00bb.<br \/>Javier Garc\u00eda Recio,  La Opini\u00f3n de M\u00e1laga \u00abEl Jos\u00e9 Saramago que escribi\u00f3 y reflexion\u00f3 hasta el final de su  existencia era un transgresor; transgresor en la literatura, en la  vida  y ante las normas de conducta marcadas por la burgues\u00eda\u00bb.<br \/>Yanet Aguilar Sosa, El Universal \u00abHay que saludar este regreso de Saramago, siempre excepcional escritor,  a su realismo inicial, y animarle a que siga por este camino\u00bb.<br \/>Rafael Conte, Babelia (sobre Las peque\u00f1as memorias) \u00abEl tono siempre filos\u00f3fico de Saramago alcanza en Todos los nombres una nitidez y un despojamiento que permite hablar de una voluntad de indagaci\u00f3n metaf\u00edsica\u00bb.<br \/>Santos Sanz Villanueva,  El Mundo (sobre Todos los nombres) \u00abSaramago es un gran narrador y rara vez escapa al criterio de mantener en vilo al lector\u00bb.<br \/>Jordi Gracia, La Vanguardia (sobre Todos los nombres) \u00abProbablemente la obra m\u00e1s soberana y feroz de su indiscutible  bibliograf\u00eda narrativa [&#8230;]. Se ha ganado no s\u00f3lo la admiraci\u00f3n sino  tambi\u00e9n el respeto de todo buen lector por su constante superaci\u00f3n de lo ya conseguido, libro tras libro\u00bb.<br \/>Robert Saladrigas,  La Vanguardia (sobre Ensayo sobre la ceguera)<\/p>\n","protected":false},"excerpt":{"rendered":"<p>SARAMAGO, JOS\u00c9<\/p>\n","protected":false},"featured_media":79372,"template":"","meta":{"_acf_changed":false,"om_disable_all_campaigns":false,"rs_blank_template":"","rs_page_bg_color":"","slide_template_v7":"","inline_featured_image":false,"_monsterinsights_skip_tracking":false,"_monsterinsights_sitenote_active":false,"_monsterinsights_sitenote_note":"","_monsterinsights_sitenote_category":0},"product_brand":[],"product_cat":[127],"product_tag":[],"class_list":{"0":"post-79371","1":"product","2":"type-product","3":"status-publish","4":"has-post-thumbnail","6":"product_cat-novella-contemporania","8":"first","9":"instock","10":"taxable","11":"shipping-taxable","12":"purchasable","13":"product-type-simple"},"acf":{"editorial":[{"ID":6118,"post_author":"3","post_date":"2022-07-28 17:45:17","post_date_gmt":"2022-07-28 15:45:17","post_content":"","post_title":"ALFAGUARA","post_excerpt":"","post_status":"publish","comment_status":"closed","ping_status":"closed","post_password":"","post_name":"alfaguara","to_ping":"","pinged":"","post_modified":"2022-07-28 17:45:17","post_modified_gmt":"2022-07-28 15:45:17","post_content_filtered":"","post_parent":0,"guid":"http:\/\/dev.claret.cat\/editorial\/alfaguara\/","menu_order":0,"post_type":"editorial","post_mime_type":"","comment_count":"0","filter":"raw"}],"autores-libros":[{"ID":5650,"post_author":"3","post_date":"2022-07-28 17:28:32","post_date_gmt":"2022-07-28 15:28:32","post_content":"","post_title":"JOSE SARAMAGO","post_excerpt":"","post_status":"publish","comment_status":"closed","ping_status":"closed","post_password":"","post_name":"jose-saramago","to_ping":"","pinged":"","post_modified":"2022-07-28 17:28:32","post_modified_gmt":"2022-07-28 15:28:32","post_content_filtered":"","post_parent":0,"guid":"http:\/\/dev.claret.cat\/autor\/jose-saramago\/","menu_order":0,"post_type":"autor","post_mime_type":"","comment_count":"0","filter":"raw"}],"autor":"SARAMAGO, JOS\u00c9","codart":"842045655","libros-coleccion":"","ediciones":"1","encuadernacion":"R\u00fastica","fecha_de_publicacion":"01\/10\/2021","novedad":"1","paginas":"320","subtitulo":"","orden":"0","portada":"0","idioma":"spa"},"aioseo_notices":[],"_links":{"self":[{"href":"https:\/\/www.claret.cat\/es\/wp-json\/wp\/v2\/product\/79371","targetHints":{"allow":["GET"]}}],"collection":[{"href":"https:\/\/www.claret.cat\/es\/wp-json\/wp\/v2\/product"}],"about":[{"href":"https:\/\/www.claret.cat\/es\/wp-json\/wp\/v2\/types\/product"}],"wp:featuredmedia":[{"embeddable":true,"href":"https:\/\/www.claret.cat\/es\/wp-json\/wp\/v2\/media\/79372"}],"wp:attachment":[{"href":"https:\/\/www.claret.cat\/es\/wp-json\/wp\/v2\/media?parent=79371"}],"wp:term":[{"taxonomy":"product_brand","embeddable":true,"href":"https:\/\/www.claret.cat\/es\/wp-json\/wp\/v2\/product_brand?post=79371"},{"taxonomy":"product_cat","embeddable":true,"href":"https:\/\/www.claret.cat\/es\/wp-json\/wp\/v2\/product_cat?post=79371"},{"taxonomy":"product_tag","embeddable":true,"href":"https:\/\/www.claret.cat\/es\/wp-json\/wp\/v2\/product_tag?post=79371"}],"curies":[{"name":"wp","href":"https:\/\/api.w.org\/{rel}","templated":true}]}}