{"id":79377,"date":"2022-10-11T16:21:52","date_gmt":"2022-10-11T14:21:52","guid":{"rendered":"http:\/\/dev.claret.cat\/producte\/quadern-de-vida-coneixem-a-jesus-1\/"},"modified":"2025-12-10T17:31:33","modified_gmt":"2025-12-10T16:31:33","slug":"quadern-de-vida-coneixem-a-jesus-1-9788412354010","status":"publish","type":"product","link":"https:\/\/www.claret.cat\/es\/libro\/quadern-de-vida-coneixem-a-jesus-1-9788412354010\/","title":{"rendered":"QUADERN DE VIDA. CONEIXEM A JES\u00daS 1"},"content":{"rendered":"<p>Vet aqu\u00ed el Quadern de vida!<br \/>Qu\u00e8 \u00e9s el Quadern de vida? \u00c9s l&#8217;isntrument que far\u00e0 servir l&#8217;infant de la catequesi durant l&#8217;itinerari catequ\u00e8tic.<br \/>Juntament amb el Quadern de vida tamb\u00e9 es far\u00e0 servir la B\u00edblia i el Catecisme &#8216;Jes\u00fas \u00e9s el Senyor&#8217;, per\u00f2 el &#8216;Quadern de vida&#8217; \u00e9s l&#8217;instrument m\u00e9s personal de l&#8217;infant i l&#8217;acompanyar\u00e0 en el seu proc\u00e9s de fe.<br \/>Per a qu\u00e8 serveix? Perqu\u00e8 l&#8217;infant vagi recollint a cada sessi\u00f3 de catequesi (que l&#8217;anomenarem Cenacle) o en cada moment de la preg\u00e0ria (que l&#8217;anomenarem Tabor) les seves experi\u00e8ncies: pensaments, sentiments, preg\u00e0ries, petites viv\u00e8ncies. Es tracta d&#8217;un Quadern que a poc a poc l&#8217;infant ha d&#8217;anar fent seu, personalitzant amb els seus dibuixos i els seus escrits.<br \/>Al final del curs el Quadern ser\u00e0 una expressi\u00f3 de la vida que haur\u00e0 viscut l&#8217;infant a la catequesi, amb el seu grup, acompanyat del seu catequista. En el Quadern hi trobarem reflectit l&#8217;itinerari espiritual personal de cada infant, ser\u00e0 un signe molt concret de la relaci\u00f3 que haur\u00e0 anat entreteixint amb el Senyor.<\/p>\n","protected":false},"excerpt":{"rendered":"<p>SECRETARIAT INTERDIOCES\u00c0 DE CATEQUESI DE CATALUNYA I LES ILLES BALEARS<\/p>\n","protected":false},"featured_media":1058133,"template":"","meta":{"_acf_changed":false,"om_disable_all_campaigns":false,"rs_blank_template":"","rs_page_bg_color":"","slide_template_v7":"","inline_featured_image":false,"_monsterinsights_skip_tracking":false,"_monsterinsights_sitenote_active":false,"_monsterinsights_sitenote_note":"","_monsterinsights_sitenote_category":0},"product_brand":[],"product_cat":[90,540],"product_tag":[],"class_list":{"0":"post-79377","1":"product","2":"type-product","3":"status-publish","4":"has-post-thumbnail","6":"product_cat-altres","7":"product_cat-otros","9":"first","10":"instock","11":"taxable","12":"shipping-taxable","13":"purchasable","14":"product-type-simple"},"acf":{"autor":"SECRETARIAT INTERDIOCES\u00c0 DE CATEQUESI DE CATALUNYA I LES ILLES BALEARS","codart":"841235401","libros-coleccion":"","ediciones":"1","encuadernacion":"R\u00fastica","fecha_de_publicacion":"08\/11\/2021","novedad":"1","paginas":"0","subtitulo":"","orden":"0","portada":"0","idioma":"cat","editorial":[{"ID":148797,"post_author":"3","post_date":"2022-10-14 12:01:04","post_date_gmt":"2022-10-14 10:01:04","post_content":"","post_title":"SECRETARIAT INTERDIOCES\u00c0 DE CATEQUESI","post_excerpt":"","post_status":"publish","comment_status":"closed","ping_status":"closed","post_password":"","post_name":"secretariat-interdiocesa-de-catequesi","to_ping":"","pinged":"","post_modified":"2022-10-14 12:01:04","post_modified_gmt":"2022-10-14 10:01:04","post_content_filtered":"","post_parent":0,"guid":"http:\/\/dev.claret.cat\/editorial\/secretariat-interdiocesa-de-catequesi\/","menu_order":0,"post_type":"editorial","post_mime_type":"","comment_count":"0","filter":"raw"}],"autores-libros":[{"ID":169265,"post_author":"3","post_date":"2022-10-14 22:25:51","post_date_gmt":"2022-10-14 20:25:51","post_content":"","post_title":"SECRETARIAT INTERDIOCES\u00c0 DE CATEQUESI DE CATALUNYA I LES ILLES BALEARS","post_excerpt":"","post_status":"publish","comment_status":"closed","ping_status":"closed","post_password":"","post_name":"secretariat-interdiocesa-de-catequesi-de-catalunya-i-les-illes-balears","to_ping":"","pinged":"","post_modified":"2022-10-14 22:25:51","post_modified_gmt":"2022-10-14 20:25:51","post_content_filtered":"","post_parent":0,"guid":"http:\/\/dev.claret.cat\/autor\/secretariat-interdiocesa-de-catequesi-de-catalunya-i-les-illes-balears\/","menu_order":0,"post_type":"autor","post_mime_type":"","comment_count":"0","filter":"raw"}],"booktrailer":"","resenas":""},"aioseo_notices":[],"_links":{"self":[{"href":"https:\/\/www.claret.cat\/es\/wp-json\/wp\/v2\/product\/79377","targetHints":{"allow":["GET"]}}],"collection":[{"href":"https:\/\/www.claret.cat\/es\/wp-json\/wp\/v2\/product"}],"about":[{"href":"https:\/\/www.claret.cat\/es\/wp-json\/wp\/v2\/types\/product"}],"wp:featuredmedia":[{"embeddable":true,"href":"https:\/\/www.claret.cat\/es\/wp-json\/wp\/v2\/media\/1058133"}],"wp:attachment":[{"href":"https:\/\/www.claret.cat\/es\/wp-json\/wp\/v2\/media?parent=79377"}],"wp:term":[{"taxonomy":"product_brand","embeddable":true,"href":"https:\/\/www.claret.cat\/es\/wp-json\/wp\/v2\/product_brand?post=79377"},{"taxonomy":"product_cat","embeddable":true,"href":"https:\/\/www.claret.cat\/es\/wp-json\/wp\/v2\/product_cat?post=79377"},{"taxonomy":"product_tag","embeddable":true,"href":"https:\/\/www.claret.cat\/es\/wp-json\/wp\/v2\/product_tag?post=79377"}],"curies":[{"name":"wp","href":"https:\/\/api.w.org\/{rel}","templated":true}]}}