{"id":79383,"date":"2022-10-11T16:21:57","date_gmt":"2022-10-11T14:21:57","guid":{"rendered":"http:\/\/dev.claret.cat\/producte\/creatives\/"},"modified":"2023-01-28T20:55:57","modified_gmt":"2023-01-28T19:55:57","slug":"creatives-9788413610696","status":"publish","type":"product","link":"https:\/\/www.claret.cat\/es\/libro\/creatives-9788413610696\/","title":{"rendered":"CREATIVES"},"content":{"rendered":"<p>De la col\u00b7lecci\u00f3 d&#8221;ELS MEUS PETITS HEROIS, neix un volum dedicat exclusivament a les dones m\u00e9s creatives de la hist\u00f2ria. Frida Kahlo, Coco Chanel, J. K. Rowling, Ella Fitzgerald, Astrid Lindgren i moltes m\u00e9s actrius, escriptores i cantants reunides en un preci\u00f3s llibre il\u00b7lustrat en el que podr\u00e0s rec\u00f3rrer els episodis m\u00e9s importants de les seves vides i, a la vegada, con\u00e8ixer les seves fites i obres m\u00e9s destacades. Perqu\u00e8 les dones tamb\u00e9 fan hist\u00f2ria!<\/p>\n","protected":false},"excerpt":{"rendered":"<p>SERRET, CRISTINA<\/p>\n","protected":false},"featured_media":276000,"template":"","meta":{"_acf_changed":false,"om_disable_all_campaigns":false,"rs_blank_template":"","rs_page_bg_color":"","slide_template_v7":"","inline_featured_image":false,"_monsterinsights_skip_tracking":false,"_monsterinsights_sitenote_active":false,"_monsterinsights_sitenote_note":"","_monsterinsights_sitenote_category":0},"product_brand":[],"product_cat":[90,540],"product_tag":[],"class_list":{"0":"post-79383","1":"product","2":"type-product","3":"status-publish","4":"has-post-thumbnail","6":"product_cat-altres","7":"product_cat-otros","9":"first","10":"instock","11":"taxable","12":"shipping-taxable","13":"purchasable","14":"product-type-simple"},"acf":{"editorial":[{"ID":148810,"post_author":"3","post_date":"2022-10-14 12:01:10","post_date_gmt":"2022-10-14 10:01:10","post_content":"","post_title":"SHACKLETON BOOKS","post_excerpt":"","post_status":"publish","comment_status":"closed","ping_status":"closed","post_password":"","post_name":"shackleton-books","to_ping":"","pinged":"","post_modified":"2022-10-14 12:01:10","post_modified_gmt":"2022-10-14 10:01:10","post_content_filtered":"","post_parent":0,"guid":"http:\/\/dev.claret.cat\/editorial\/shackleton-books\/","menu_order":0,"post_type":"editorial","post_mime_type":"","comment_count":"0","filter":"raw"}],"autores-libros":[{"ID":153396,"post_author":"3","post_date":"2022-10-14 14:56:26","post_date_gmt":"2022-10-14 12:56:26","post_content":"","post_title":"CRISTINA SERRET","post_excerpt":"","post_status":"publish","comment_status":"closed","ping_status":"closed","post_password":"","post_name":"cristina-serret","to_ping":"","pinged":"","post_modified":"2022-10-14 14:56:26","post_modified_gmt":"2022-10-14 12:56:26","post_content_filtered":"","post_parent":0,"guid":"http:\/\/dev.claret.cat\/autor\/cristina-serret\/","menu_order":0,"post_type":"autor","post_mime_type":"","comment_count":"0","filter":"raw"}],"autor":"SERRET, CRISTINA","codart":"841361069","libros-coleccion":"Shackleton Kids","ediciones":"1","encuadernacion":"Carton\u00e9","fecha_de_publicacion":"01\/09\/2021","novedad":"1","paginas":"75","subtitulo":"ARTISTES, ESCRIPTORES I ACTRIUS QUE HAN FET HIST\u00d2RIA","orden":"0","portada":"0","idioma":"cat"},"aioseo_notices":[],"_links":{"self":[{"href":"https:\/\/www.claret.cat\/es\/wp-json\/wp\/v2\/product\/79383","targetHints":{"allow":["GET"]}}],"collection":[{"href":"https:\/\/www.claret.cat\/es\/wp-json\/wp\/v2\/product"}],"about":[{"href":"https:\/\/www.claret.cat\/es\/wp-json\/wp\/v2\/types\/product"}],"wp:featuredmedia":[{"embeddable":true,"href":"https:\/\/www.claret.cat\/es\/wp-json\/wp\/v2\/media\/276000"}],"wp:attachment":[{"href":"https:\/\/www.claret.cat\/es\/wp-json\/wp\/v2\/media?parent=79383"}],"wp:term":[{"taxonomy":"product_brand","embeddable":true,"href":"https:\/\/www.claret.cat\/es\/wp-json\/wp\/v2\/product_brand?post=79383"},{"taxonomy":"product_cat","embeddable":true,"href":"https:\/\/www.claret.cat\/es\/wp-json\/wp\/v2\/product_cat?post=79383"},{"taxonomy":"product_tag","embeddable":true,"href":"https:\/\/www.claret.cat\/es\/wp-json\/wp\/v2\/product_tag?post=79383"}],"curies":[{"name":"wp","href":"https:\/\/api.w.org\/{rel}","templated":true}]}}