{"id":79410,"date":"2022-10-11T16:22:20","date_gmt":"2022-10-11T14:22:20","guid":{"rendered":"http:\/\/dev.claret.cat\/producte\/cuina-deivissa-i-formentera-la\/"},"modified":"2023-04-24T12:25:45","modified_gmt":"2023-04-24T10:25:45","slug":"cuina-deivissa-i-formentera-la-9788416416851","status":"publish","type":"product","link":"https:\/\/www.claret.cat\/es\/libro\/cuina-deivissa-i-formentera-la-9788416416851\/","title":{"rendered":"CUINA D&#8217;EIVISSA I FORMENTERA, LA"},"content":{"rendered":"<p>L&#8217;illa d&#8217;Eivissa \u00e9s la m\u00e9s gran de les illes Piti\u00fcses \u2013Eivissa i Formentera\u2013 i la m\u00e9s occidental de les illes de l&#8217;arxip\u00e8lag Balear, al centre-oest de la Mediterr\u00e0nia occidental. Est\u00e0 inscrita a la llista del Patrimoni de la Humanitat amb el nom \u00abEivissa, Biodiversitat i Cultura\u00bb des del 1999. La cuina d&#8217;Eivissa i Formentera, per ella sola, es pot considerar una cuina nacional, i si hi afegim les cuines germanes de Mallorca i Menorca, encara m\u00e9s. T\u00e9, amb la de la resta de les illes, uns nobles t\u00edtols hist\u00f2rics, perfectament documentada des de l&#8217;Edat Mitjana, amb un fons catal\u00e0, per l&#8217;origen dels seus repobladors, per\u00f2 obert a influxos o reminisc\u00e8ncies sem\u00edtiques (\u00e0rabs i jueves), italianes, occitanes o proven\u00e7als, del Pa\u00eds Valenci\u00e0 i altres. Es fonamenta en un fons pag\u00e8s i mariner, per\u00f2 tamb\u00e9 amb records medievals (fla\u00f3, salsa de Nadal&#8230;). En aquest llibre la cuina d&#8217;Eivissa i Formentera apareix amb tot el seu esplendor, amb receptes tradicionals ben estructurades i molt ben explicades, pas a pas, amb tot el seu background hist\u00f2ric, antropol\u00f2gic i gastron\u00f2mic: un llibre per llegir i per cuinar i, sobretot, per disfrutar.<\/p>\n","protected":false},"excerpt":{"rendered":"<p>FABREGA, JAUME<\/p>\n","protected":false},"featured_media":79411,"template":"","meta":{"_acf_changed":false,"om_disable_all_campaigns":false,"rs_blank_template":"","rs_page_bg_color":"","slide_template_v7":"","inline_featured_image":false,"_monsterinsights_skip_tracking":false,"_monsterinsights_sitenote_active":false,"_monsterinsights_sitenote_note":"","_monsterinsights_sitenote_category":0},"product_brand":[],"product_cat":[553,103],"product_tag":[],"class_list":{"0":"post-79410","1":"product","2":"type-product","3":"status-publish","4":"has-post-thumbnail","6":"product_cat-cocina","7":"product_cat-cuina","9":"first","10":"instock","11":"taxable","12":"shipping-taxable","13":"purchasable","14":"product-type-simple"},"acf":{"editorial":[{"ID":148067,"post_author":"3","post_date":"2022-10-14 11:55:23","post_date_gmt":"2022-10-14 09:55:23","post_content":"","post_title":"EL GALL EDITOR","post_excerpt":"","post_status":"publish","comment_status":"closed","ping_status":"closed","post_password":"","post_name":"el-gall-editor","to_ping":"","pinged":"","post_modified":"2022-10-14 11:55:23","post_modified_gmt":"2022-10-14 09:55:23","post_content_filtered":"","post_parent":0,"guid":"http:\/\/dev.claret.cat\/editorial\/el-gall-editor\/","menu_order":0,"post_type":"editorial","post_mime_type":"","comment_count":"0","filter":"raw"}],"autores-libros":[{"ID":158583,"post_author":"3","post_date":"2022-10-14 15:38:00","post_date_gmt":"2022-10-14 13:38:00","post_content":"","post_title":"JAUME F\u00c0BREGA","post_excerpt":"","post_status":"publish","comment_status":"closed","ping_status":"closed","post_password":"","post_name":"jaume-fabrega","to_ping":"","pinged":"","post_modified":"2022-10-14 15:38:00","post_modified_gmt":"2022-10-14 13:38:00","post_content_filtered":"","post_parent":0,"guid":"http:\/\/dev.claret.cat\/autor\/jaume-fabrega\/","menu_order":0,"post_type":"autor","post_mime_type":"","comment_count":"0","filter":"raw"}],"autor":"FABREGA, JAUME","codart":"841641685","libros-coleccion":"","ediciones":"1","encuadernacion":"R\u00fastica","fecha_de_publicacion":"01\/11\/2021","novedad":"1","paginas":"315","subtitulo":"","orden":"0","portada":"0","idioma":"cat"},"aioseo_notices":[],"_links":{"self":[{"href":"https:\/\/www.claret.cat\/es\/wp-json\/wp\/v2\/product\/79410","targetHints":{"allow":["GET"]}}],"collection":[{"href":"https:\/\/www.claret.cat\/es\/wp-json\/wp\/v2\/product"}],"about":[{"href":"https:\/\/www.claret.cat\/es\/wp-json\/wp\/v2\/types\/product"}],"wp:featuredmedia":[{"embeddable":true,"href":"https:\/\/www.claret.cat\/es\/wp-json\/wp\/v2\/media\/79411"}],"wp:attachment":[{"href":"https:\/\/www.claret.cat\/es\/wp-json\/wp\/v2\/media?parent=79410"}],"wp:term":[{"taxonomy":"product_brand","embeddable":true,"href":"https:\/\/www.claret.cat\/es\/wp-json\/wp\/v2\/product_brand?post=79410"},{"taxonomy":"product_cat","embeddable":true,"href":"https:\/\/www.claret.cat\/es\/wp-json\/wp\/v2\/product_cat?post=79410"},{"taxonomy":"product_tag","embeddable":true,"href":"https:\/\/www.claret.cat\/es\/wp-json\/wp\/v2\/product_tag?post=79410"}],"curies":[{"name":"wp","href":"https:\/\/api.w.org\/{rel}","templated":true}]}}