{"id":79446,"date":"2022-10-11T16:22:52","date_gmt":"2022-10-11T14:22:52","guid":{"rendered":"http:\/\/dev.claret.cat\/producte\/arrossos-i-molt-mes-8\/"},"modified":"2025-05-12T11:45:52","modified_gmt":"2025-05-12T09:45:52","slug":"arrossos-i-molt-mes-8-9788412226577","status":"publish","type":"product","link":"https:\/\/www.claret.cat\/es\/libro\/arrossos-i-molt-mes-8-9788412226577\/","title":{"rendered":"ARROSSOS I MOLT M\u00c9S -8"},"content":{"rendered":"<p>Arrossos i molt m\u00e9s no \u00e9s a soles un llibre de receptes, encara que en tinga un fum, 92 en total. Sobretot \u00e9s un manual per a portar a una altra dimensi\u00f3 l&#8217;afici\u00f3 que els valencians tenim a cuinar i menjar arr\u00f2s. Sobre la base d&#8217;un amor indissimulat per la gastronomia, l&#8217;obra t\u00e9 tres coordenades b\u00e0siques que ens canviaran el punt de mira: les varietats d&#8217;arr\u00f2s que s&#8217;adapten a cada elaboraci\u00f3, el caldo amb qu\u00e8 es cuina l?arr\u00f2s i la incorporaci\u00f3 de t\u00e8cniques com el liquat. Arrossos tradicionals, especials, de peix, de marisc, de carn, en paella, melosos, al forn. Des de la paella valenciana cl\u00e0ssica fins a l&#8217;arr\u00f2s sec de Cochinita pibil, Ximo Carri\u00f3n desplega tot un univers de creativitat gastron\u00f2mica i compartix els arrossos de&#8230;<\/p>\n","protected":false},"excerpt":{"rendered":"<p>CARRION XIMO<\/p>\n","protected":false},"featured_media":1020863,"template":"","meta":{"_acf_changed":false,"om_disable_all_campaigns":false,"rs_blank_template":"","rs_page_bg_color":"","slide_template_v7":"","inline_featured_image":false,"_monsterinsights_skip_tracking":false,"_monsterinsights_sitenote_active":false,"_monsterinsights_sitenote_note":"","_monsterinsights_sitenote_category":0},"product_brand":[],"product_cat":[553,103],"product_tag":[],"class_list":{"0":"post-79446","1":"product","2":"type-product","3":"status-publish","4":"has-post-thumbnail","6":"product_cat-cocina","7":"product_cat-cuina","9":"first","10":"instock","11":"taxable","12":"shipping-taxable","13":"purchasable","14":"product-type-simple"},"acf":{"editorial":[{"ID":147758,"post_author":"3","post_date":"2022-10-14 11:53:00","post_date_gmt":"2022-10-14 09:53:00","post_content":"","post_title":"DRASSANA","post_excerpt":"","post_status":"publish","comment_status":"closed","ping_status":"closed","post_password":"","post_name":"drassana","to_ping":"","pinged":"","post_modified":"2022-10-14 11:53:00","post_modified_gmt":"2022-10-14 09:53:00","post_content_filtered":"","post_parent":0,"guid":"http:\/\/dev.claret.cat\/editorial\/drassana\/","menu_order":0,"post_type":"editorial","post_mime_type":"","comment_count":"0","filter":"raw"}],"autores-libros":[{"ID":152525,"post_author":"3","post_date":"2022-10-14 14:49:28","post_date_gmt":"2022-10-14 12:49:28","post_content":"","post_title":"CARRION XIMO","post_excerpt":"","post_status":"publish","comment_status":"closed","ping_status":"closed","post_password":"","post_name":"carrion-ximo","to_ping":"","pinged":"","post_modified":"2022-10-14 14:49:28","post_modified_gmt":"2022-10-14 12:49:28","post_content_filtered":"","post_parent":0,"guid":"http:\/\/dev.claret.cat\/autor\/carrion-ximo\/","menu_order":0,"post_type":"autor","post_mime_type":"","comment_count":"0","filter":"raw"}],"autor":"CARRION XIMO","codart":"841222657","libros-coleccion":"FORA DE COL.LECCI\u00d3","ediciones":"1","encuadernacion":"R\u00fastica","fecha_de_publicacion":"01\/10\/2021","novedad":"1","paginas":"245","subtitulo":"","orden":"0","portada":"0","idioma":"cat","booktrailer":"","resenas":""},"aioseo_notices":[],"_links":{"self":[{"href":"https:\/\/www.claret.cat\/es\/wp-json\/wp\/v2\/product\/79446","targetHints":{"allow":["GET"]}}],"collection":[{"href":"https:\/\/www.claret.cat\/es\/wp-json\/wp\/v2\/product"}],"about":[{"href":"https:\/\/www.claret.cat\/es\/wp-json\/wp\/v2\/types\/product"}],"wp:featuredmedia":[{"embeddable":true,"href":"https:\/\/www.claret.cat\/es\/wp-json\/wp\/v2\/media\/1020863"}],"wp:attachment":[{"href":"https:\/\/www.claret.cat\/es\/wp-json\/wp\/v2\/media?parent=79446"}],"wp:term":[{"taxonomy":"product_brand","embeddable":true,"href":"https:\/\/www.claret.cat\/es\/wp-json\/wp\/v2\/product_brand?post=79446"},{"taxonomy":"product_cat","embeddable":true,"href":"https:\/\/www.claret.cat\/es\/wp-json\/wp\/v2\/product_cat?post=79446"},{"taxonomy":"product_tag","embeddable":true,"href":"https:\/\/www.claret.cat\/es\/wp-json\/wp\/v2\/product_tag?post=79446"}],"curies":[{"name":"wp","href":"https:\/\/api.w.org\/{rel}","templated":true}]}}