{"id":79464,"date":"2022-10-11T16:23:08","date_gmt":"2022-10-11T14:23:08","guid":{"rendered":"http:\/\/dev.claret.cat\/producte\/hermana-pequena-pequena-canguro\/"},"modified":"2025-01-08T11:40:17","modified_gmt":"2025-01-08T10:40:17","slug":"hermana-pequena-pequena-canguro-9788418184680","status":"publish","type":"product","link":"https:\/\/www.claret.cat\/es\/libro\/hermana-pequena-pequena-canguro-9788418184680\/","title":{"rendered":"HERMANA PEQUE\u00d1A, PEQUE\u00d1A CANGURO"},"content":{"rendered":"<p>Karen es tan divertida como aventurera y llena de imaginaci\u00f3n. Est\u00e1 convencida de que su vecina \u00a1es una bruja! \u00bfConseguir\u00e1 desenmascararla?<\/p>\n","protected":false},"excerpt":{"rendered":"<p>FARINA, KATY<\/p>\n","protected":false},"featured_media":952380,"template":"","meta":{"_acf_changed":false,"om_disable_all_campaigns":false,"rs_blank_template":"","rs_page_bg_color":"","slide_template_v7":"","inline_featured_image":false,"_monsterinsights_skip_tracking":false,"_monsterinsights_sitenote_active":false,"_monsterinsights_sitenote_note":"","_monsterinsights_sitenote_category":0},"product_brand":[],"product_cat":[132,134,364,362],"product_tag":[],"class_list":{"0":"post-79464","1":"product","2":"type-product","3":"status-publish","4":"has-post-thumbnail","6":"product_cat-lectures-per-preadolescents-6-12-anys","7":"product_cat-comics","8":"product_cat-comics-infantil-3_infantil-juvenil-spa","9":"product_cat-libros-preadolescentes-6-12-anos","11":"first","12":"instock","13":"taxable","14":"shipping-taxable","15":"purchasable","16":"product-type-simple"},"acf":{"editorial":[{"ID":6297,"post_author":"3","post_date":"2022-07-28 17:49:10","post_date_gmt":"2022-07-28 15:49:10","post_content":"","post_title":"Maeva Ediciones","post_excerpt":"","post_status":"publish","comment_status":"closed","ping_status":"closed","post_password":"","post_name":"maeva-ediciones","to_ping":"","pinged":"","post_modified":"2022-07-28 17:49:10","post_modified_gmt":"2022-07-28 15:49:10","post_content_filtered":"","post_parent":0,"guid":"http:\/\/dev.claret.cat\/editorial\/maeva-ediciones\/","menu_order":0,"post_type":"editorial","post_mime_type":"","comment_count":"0","filter":"raw"}],"autor":"FARINA, KATY","codart":"841818468","libros-coleccion":"NOVELA GRAFICA","ediciones":"1","encuadernacion":"R\u00fastica","fecha_de_publicacion":"01\/10\/2021","novedad":"1","paginas":"141","subtitulo":"KAREN Y LA BRUJA","orden":"0","portada":"0","idioma":"spa","autores-libros":[{"ID":161569,"post_author":"3","post_date":"2022-10-14 17:19:16","post_date_gmt":"2022-10-14 15:19:16","post_content":"","post_title":"KATY FARINA","post_excerpt":"","post_status":"publish","comment_status":"closed","ping_status":"closed","post_password":"","post_name":"katy-farina","to_ping":"","pinged":"","post_modified":"2022-10-14 17:19:16","post_modified_gmt":"2022-10-14 15:19:16","post_content_filtered":"","post_parent":0,"guid":"http:\/\/dev.claret.cat\/autor\/katy-farina\/","menu_order":0,"post_type":"autor","post_mime_type":"","comment_count":"0","filter":"raw"}]},"aioseo_notices":[],"_links":{"self":[{"href":"https:\/\/www.claret.cat\/es\/wp-json\/wp\/v2\/product\/79464","targetHints":{"allow":["GET"]}}],"collection":[{"href":"https:\/\/www.claret.cat\/es\/wp-json\/wp\/v2\/product"}],"about":[{"href":"https:\/\/www.claret.cat\/es\/wp-json\/wp\/v2\/types\/product"}],"wp:featuredmedia":[{"embeddable":true,"href":"https:\/\/www.claret.cat\/es\/wp-json\/wp\/v2\/media\/952380"}],"wp:attachment":[{"href":"https:\/\/www.claret.cat\/es\/wp-json\/wp\/v2\/media?parent=79464"}],"wp:term":[{"taxonomy":"product_brand","embeddable":true,"href":"https:\/\/www.claret.cat\/es\/wp-json\/wp\/v2\/product_brand?post=79464"},{"taxonomy":"product_cat","embeddable":true,"href":"https:\/\/www.claret.cat\/es\/wp-json\/wp\/v2\/product_cat?post=79464"},{"taxonomy":"product_tag","embeddable":true,"href":"https:\/\/www.claret.cat\/es\/wp-json\/wp\/v2\/product_tag?post=79464"}],"curies":[{"name":"wp","href":"https:\/\/api.w.org\/{rel}","templated":true}]}}